{"id":35545,"date":"2016-09-25T23:28:00","date_gmt":"2016-09-25T23:28:00","guid":{"rendered":"https:\/\/www.myaquastore.com\/product\/meistverkaufte-15-w-rs-tauchwasserpumpe-fur-aquarien-rs-3400\/"},"modified":"2025-03-16T08:38:06","modified_gmt":"2025-03-16T08:38:06","slug":"meistverkaufte-15-w-rs-tauchwasserpumpe-fur-aquarien-rs-3400","status":"publish","type":"product","link":"https:\/\/www.myaquastore.com\/de\/produkt\/meistverkaufte-15-w-rs-tauchwasserpumpe-fur-aquarien-rs-3400\/","title":{"rendered":"meistverkaufte 15-W-RS-Tauchwasserpumpe f\u00fcr Aquarien RS-3400"},"content":{"rendered":"<article class=\"article richtext richtext-detail AE:disable\" id=\"richTextContainer\">\n<div style=\"clear:both\">\n<p><span style=\"font-family: 'times new roman', times;font-size: 24px\"> meistverkaufte 15 W RS Tauchpumpe f\u00fcr Aquarien RS-3400 <\/span><\/p>\n<p><span style=\"font-family: 'times new roman', times\">1 Leise, sicher, energieeffizient und leistungsstark<\/span><br \/><span style=\"font-family: 'times new roman', times;font-size: 24px\">2 Einfache Einrichtung <\/span><br \/><span style=\"font-family: 'times new roman', times;font-size: 24px\">3 Besonders geeignet f\u00fcr S\u00fc\u00df- und Meerwasser System<\/span><\/p>\n<p><span style=\"font-family: 'times new roman', times;font-size: 24px\">4 Parameter (220-240v 50Hz)<\/span><\/p>\n<p><span style=\"font-family: 'times new roman', times;font-size: 24px\">5 Verpackung: 60 St\u00fcck\/Karton<\/span><\/p>\n<\/p>\n<div style=\"clear:both\"><\/article>\n","protected":false},"excerpt":{"rendered":"<p>meistverkaufte 15-W-RS-Tauchwasserpumpe f\u00fcr Aquarien RS-3400<\/p>\n","protected":false},"featured_media":3382,"comment_status":"open","ping_status":"closed","template":"","meta":[],"product_brand":[],"product_cat":[1299],"product_tag":[],"class_list":{"0":"post-35545","1":"product","2":"type-product","3":"status-publish","4":"has-post-thumbnail","6":"product_cat-aquariumfilter","8":"first","9":"instock","10":"shipping-taxable","11":"purchasable","12":"product-type-simple"},"_links":{"self":[{"href":"https:\/\/www.myaquastore.com\/de\/wp-json\/wp\/v2\/product\/35545","targetHints":{"allow":["GET"]}}],"collection":[{"href":"https:\/\/www.myaquastore.com\/de\/wp-json\/wp\/v2\/product"}],"about":[{"href":"https:\/\/www.myaquastore.com\/de\/wp-json\/wp\/v2\/types\/product"}],"replies":[{"embeddable":true,"href":"https:\/\/www.myaquastore.com\/de\/wp-json\/wp\/v2\/comments?post=35545"}],"wp:featuredmedia":[{"embeddable":true,"href":"https:\/\/www.myaquastore.com\/de\/wp-json\/wp\/v2\/media\/3382"}],"wp:attachment":[{"href":"https:\/\/www.myaquastore.com\/de\/wp-json\/wp\/v2\/media?parent=35545"}],"wp:term":[{"taxonomy":"product_brand","embeddable":true,"href":"https:\/\/www.myaquastore.com\/de\/wp-json\/wp\/v2\/product_brand?post=35545"},{"taxonomy":"product_cat","embeddable":true,"href":"https:\/\/www.myaquastore.com\/de\/wp-json\/wp\/v2\/product_cat?post=35545"},{"taxonomy":"product_tag","embeddable":true,"href":"https:\/\/www.myaquastore.com\/de\/wp-json\/wp\/v2\/product_tag?post=35545"}],"curies":[{"name":"wp","href":"https:\/\/api.w.org\/{rel}","templated":true}]}}