{"id":35608,"date":"2016-09-25T23:28:00","date_gmt":"2016-09-25T23:28:00","guid":{"rendered":"https:\/\/www.myaquastore.com\/product\/16-kubikmeter-schwimmbadwasserpumpe-siap-80\/"},"modified":"2025-03-16T08:38:20","modified_gmt":"2025-03-16T08:38:20","slug":"16-kubikmeter-schwimmbadwasserpumpe-siap-80","status":"publish","type":"product","link":"https:\/\/www.myaquastore.com\/de\/produkt\/16-kubikmeter-schwimmbadwasserpumpe-siap-80\/","title":{"rendered":"16 Kubikmeter Schwimmbadwasserpumpe SIAP-80"},"content":{"rendered":"<article class=\"article richtext richtext-detail AE:disable\" id=\"richTextContainer\">\n<div style=\"clear:both\">\n<p><span style=\"font-family: Times New Roman\"><span style=\"font-size: 14pt\"> 16 Kubikmeter Schwimmbadwasserpumpe SIAP-80<br \/>1 Leise, sicher, energieeffizient und leistungsstark<br \/>2 Einfache Einrichtung <br \/>3 Anzug f\u00fcr S\u00fc\u00df- und Meerwasser<\/span><\/span><\/p>\n<p><span style=\"font-family: Times New Roman\"><span style=\"font-size: 14pt\"><span style=\"font-family: Times New Roman\">4 Wird f\u00fcr die Wasserzirkulation in kleinen Schwimmb\u00e4dern und Teichen im Garten verwendet.<\/span><\/span><\/span><\/p>\n<div><span style=\"font-family: Times New Roman\"><span style=\"font-size: 14pt\"><span style=\"font-family: Times New Roman\">5 Wird f\u00fcr die Wasserzirkulation, Filterung und Entw\u00e4sserung in mittelgro\u00dfen Becken f\u00fcr lebende Fische verwendet.<\/span><\/span><\/span><\/div>\n<div><span style=\"font-family: Times New Roman\"><span style=\"font-size: 14pt\"><span style=\"font-family: Times New Roman\">6 Wird f\u00fcr die Zirkulation und Reinigung des Wassertanks in der Sauna und bei Massagen verwendet Service.<\/span><\/span><\/span><\/div>\n<div><span style=\"font-family: Times New Roman\"><span style=\"font-size: 14pt\"><span style=\"font-family: Times New Roman\">7 Wird f\u00fcr Wasserabgabesysteme in der Fischzucht mit S\u00fc\u00df- oder Meerwasser verwendet.<\/span><\/span><\/span><\/div>\n<p><span style=\"font-family: Times New Roman\"> <\/span><\/p>\n<\/p>\n<\/p>\n<div style=\"clear:both\"><\/article>\n","protected":false},"excerpt":{"rendered":"<p>16 Kubikmeter Schwimmbadwasserpumpe SIAP-80<\/p>\n","protected":false},"featured_media":3497,"comment_status":"open","ping_status":"closed","template":"","meta":[],"product_brand":[],"product_cat":[1299],"product_tag":[],"class_list":{"0":"post-35608","1":"product","2":"type-product","3":"status-publish","4":"has-post-thumbnail","6":"product_cat-aquariumfilter","8":"first","9":"instock","10":"shipping-taxable","11":"purchasable","12":"product-type-simple"},"_links":{"self":[{"href":"https:\/\/www.myaquastore.com\/de\/wp-json\/wp\/v2\/product\/35608","targetHints":{"allow":["GET"]}}],"collection":[{"href":"https:\/\/www.myaquastore.com\/de\/wp-json\/wp\/v2\/product"}],"about":[{"href":"https:\/\/www.myaquastore.com\/de\/wp-json\/wp\/v2\/types\/product"}],"replies":[{"embeddable":true,"href":"https:\/\/www.myaquastore.com\/de\/wp-json\/wp\/v2\/comments?post=35608"}],"wp:featuredmedia":[{"embeddable":true,"href":"https:\/\/www.myaquastore.com\/de\/wp-json\/wp\/v2\/media\/3497"}],"wp:attachment":[{"href":"https:\/\/www.myaquastore.com\/de\/wp-json\/wp\/v2\/media?parent=35608"}],"wp:term":[{"taxonomy":"product_brand","embeddable":true,"href":"https:\/\/www.myaquastore.com\/de\/wp-json\/wp\/v2\/product_brand?post=35608"},{"taxonomy":"product_cat","embeddable":true,"href":"https:\/\/www.myaquastore.com\/de\/wp-json\/wp\/v2\/product_cat?post=35608"},{"taxonomy":"product_tag","embeddable":true,"href":"https:\/\/www.myaquastore.com\/de\/wp-json\/wp\/v2\/product_tag?post=35608"}],"curies":[{"name":"wp","href":"https:\/\/api.w.org\/{rel}","templated":true}]}}