{"id":35621,"date":"2016-09-25T23:28:02","date_gmt":"2016-09-25T23:28:02","guid":{"rendered":"https:\/\/www.myaquastore.com\/product\/140w-resun-tauchwasserpumpe-s7000\/"},"modified":"2025-03-16T08:38:22","modified_gmt":"2025-03-16T08:38:22","slug":"140w-resun-tauchwasserpumpe-s7000","status":"publish","type":"product","link":"https:\/\/www.myaquastore.com\/de\/produkt\/140w-resun-tauchwasserpumpe-s7000\/","title":{"rendered":"140W RESUN Tauchwasserpumpe S7000"},"content":{"rendered":"<article class=\"article richtext richtext-detail AE:disable\" id=\"richTextContainer\">\n<div style=\"clear:both\">\n<p><span style=\"font-family: 'times new roman', times;font-size: 24px\"> 140W RESUN Tauchwasserpumpe s7000 <\/span><\/p>\n<p><span style=\"font-family: 'times new roman', mal\">a. Stilvolles und einzigartiges patentiertes Design<\/span><\/p>\n<p><span style=\"font-family: 'times new roman', times;font-size: 24px\">b. Kompakte Gr\u00f6\u00dfe und einfach zu installieren<\/span><\/p>\n<p><span style=\"font-family: 'times new roman', times;font-size: 24px\">c. Geeignet f\u00fcr S\u00fc\u00df- und Meerwasser<\/span><\/p>\n<p><span style=\"font-family: 'times new roman', times;font-size: 24px\">d. Ausgestattet mit Filterschwamm<\/span><\/p>\n<p><span style=\"font-family: 'times new roman', times;font-size: 24px\">e. Ideal f\u00fcr die Darstellung von Aquarien, Teichen, Springbrunnen und Wasserf\u00e4llen<\/span><\/p>\n<p><span style=\"font-family: 'times new roman', times;font-size: 24px\">f. Eine gro\u00dfe Auswahl an optionalen Brunnenk\u00f6pfen<\/span><\/p>\n<\/p>\n<\/p>\n<div style=\"clear:both\"><\/article>\n","protected":false},"excerpt":{"rendered":"<p>140W RESUN Tauchwasserpumpe S7000<\/p>\n","protected":false},"featured_media":3526,"comment_status":"open","ping_status":"closed","template":"","meta":[],"product_brand":[],"product_cat":[1299],"product_tag":[],"class_list":{"0":"post-35621","1":"product","2":"type-product","3":"status-publish","4":"has-post-thumbnail","6":"product_cat-aquariumfilter","8":"first","9":"instock","10":"shipping-taxable","11":"purchasable","12":"product-type-simple"},"_links":{"self":[{"href":"https:\/\/www.myaquastore.com\/de\/wp-json\/wp\/v2\/product\/35621","targetHints":{"allow":["GET"]}}],"collection":[{"href":"https:\/\/www.myaquastore.com\/de\/wp-json\/wp\/v2\/product"}],"about":[{"href":"https:\/\/www.myaquastore.com\/de\/wp-json\/wp\/v2\/types\/product"}],"replies":[{"embeddable":true,"href":"https:\/\/www.myaquastore.com\/de\/wp-json\/wp\/v2\/comments?post=35621"}],"wp:featuredmedia":[{"embeddable":true,"href":"https:\/\/www.myaquastore.com\/de\/wp-json\/wp\/v2\/media\/3526"}],"wp:attachment":[{"href":"https:\/\/www.myaquastore.com\/de\/wp-json\/wp\/v2\/media?parent=35621"}],"wp:term":[{"taxonomy":"product_brand","embeddable":true,"href":"https:\/\/www.myaquastore.com\/de\/wp-json\/wp\/v2\/product_brand?post=35621"},{"taxonomy":"product_cat","embeddable":true,"href":"https:\/\/www.myaquastore.com\/de\/wp-json\/wp\/v2\/product_cat?post=35621"},{"taxonomy":"product_tag","embeddable":true,"href":"https:\/\/www.myaquastore.com\/de\/wp-json\/wp\/v2\/product_tag?post=35621"}],"curies":[{"name":"wp","href":"https:\/\/api.w.org\/{rel}","templated":true}]}}