{"id":35623,"date":"2016-09-25T23:28:02","date_gmt":"2016-09-25T23:28:02","guid":{"rendered":"https:\/\/www.myaquastore.com\/product\/resun-u-boot-wasserpumpe-s-3000\/"},"modified":"2025-03-16T08:38:23","modified_gmt":"2025-03-16T08:38:23","slug":"resun-u-boot-wasserpumpe-s-3000","status":"publish","type":"product","link":"https:\/\/www.myaquastore.com\/de\/produkt\/resun-u-boot-wasserpumpe-s-3000\/","title":{"rendered":"RESUN U-Boot-Wasserpumpe S-3000"},"content":{"rendered":"<article class=\"article richtext richtext-detail AE:disable\" id=\"richTextContainer\">\n<h2 class=\"article-title\">Spezifikationen<\/h2>\n<div style=\"clear:both\"> RESUN U-Boot-Wasserpumpe S-3000 <br \/>a. Stilvolles und einzigartiges patentiertes Design <br \/>b. Kompakte Gr\u00f6\u00dfe und einfache Installation <br \/>c. Anzug f\u00fcr S\u00fc\u00df- und Meerwasserpumpe <\/p>\n<div style=\"clear:both\">\n<p>RESUN U-Boot-Wasserpumpe S-3000<\/p>\n<p>a. Stilvolles und einzigartiges patentiertes Design<\/p>\n<p>b. Kompakte Gr\u00f6\u00dfe und einfach zu installieren<\/p>\n<p>c. Geeignet f\u00fcr S\u00fc\u00df- und Meerwasser<\/p>\n<p>d. Mit Filterschwamm ausgestattet<\/p>\n<p>e. Ideal f\u00fcr die Pr\u00e4sentation von Aquarien, Teichen, Springbrunnen und Wasserf\u00e4llen. Eine gro\u00dfe Auswahl an optionalen Brunnenk\u00f6pfen<\/p>\n<\/p>\n<\/p>\n<div style=\"clear:both\"><\/article>\n","protected":false},"excerpt":{"rendered":"<p>RESUN U-Boot-Wasserpumpe S-3000<\/p>\n","protected":false},"featured_media":3530,"comment_status":"open","ping_status":"closed","template":"","meta":[],"product_brand":[],"product_cat":[1299],"product_tag":[],"class_list":{"0":"post-35623","1":"product","2":"type-product","3":"status-publish","4":"has-post-thumbnail","6":"product_cat-aquariumfilter","8":"first","9":"instock","10":"shipping-taxable","11":"purchasable","12":"product-type-simple"},"_links":{"self":[{"href":"https:\/\/www.myaquastore.com\/de\/wp-json\/wp\/v2\/product\/35623","targetHints":{"allow":["GET"]}}],"collection":[{"href":"https:\/\/www.myaquastore.com\/de\/wp-json\/wp\/v2\/product"}],"about":[{"href":"https:\/\/www.myaquastore.com\/de\/wp-json\/wp\/v2\/types\/product"}],"replies":[{"embeddable":true,"href":"https:\/\/www.myaquastore.com\/de\/wp-json\/wp\/v2\/comments?post=35623"}],"wp:featuredmedia":[{"embeddable":true,"href":"https:\/\/www.myaquastore.com\/de\/wp-json\/wp\/v2\/media\/3530"}],"wp:attachment":[{"href":"https:\/\/www.myaquastore.com\/de\/wp-json\/wp\/v2\/media?parent=35623"}],"wp:term":[{"taxonomy":"product_brand","embeddable":true,"href":"https:\/\/www.myaquastore.com\/de\/wp-json\/wp\/v2\/product_brand?post=35623"},{"taxonomy":"product_cat","embeddable":true,"href":"https:\/\/www.myaquastore.com\/de\/wp-json\/wp\/v2\/product_cat?post=35623"},{"taxonomy":"product_tag","embeddable":true,"href":"https:\/\/www.myaquastore.com\/de\/wp-json\/wp\/v2\/product_tag?post=35623"}],"curies":[{"name":"wp","href":"https:\/\/api.w.org\/{rel}","templated":true}]}}