{"id":35633,"date":"2016-09-25T23:28:02","date_gmt":"2016-09-25T23:28:02","guid":{"rendered":"https:\/\/www.myaquastore.com\/product\/18-w-resun-sp-serie-tauchwasserpumpe-sp2500\/"},"modified":"2025-03-16T08:38:25","modified_gmt":"2025-03-16T08:38:25","slug":"18-w-resun-sp-serie-tauchwasserpumpe-sp2500","status":"publish","type":"product","link":"https:\/\/www.myaquastore.com\/de\/produkt\/18-w-resun-sp-serie-tauchwasserpumpe-sp2500\/","title":{"rendered":"18 W RESUN SP-Serie Tauchwasserpumpe SP2500"},"content":{"rendered":"<article class=\"article richtext richtext-detail AE:disable\" id=\"richTextContainer\">\n<div style=\"clear:both\">\n<p><span style=\"font-family: 'times new roman', times;font-size: 24px\"> 18w RESUN SP Serie Tauchwasserpumpe SP2500 <\/span><\/p>\n<p><span style=\"font-family: 'times new roman', mal\">a. Eingekapselter Motor aus Epoxidharz sorgt f\u00fcr Sicherheit, Zuverl\u00e4ssigkeit und Langlebigkeit<\/span><\/p>\n<p><span style=\"font-family: 'times new roman', times;font-size: 24px\">b. Geeignet f\u00fcr S\u00fc\u00df- und Meerwasser<\/span><\/p>\n<p><span style=\"font-family: 'times new roman', times;font-size: 24px\">c. Auswahl an Springbrunnend\u00fcsen\/-s\u00e4tzen<\/span><\/p>\n<p><span style=\"font-family: 'times new roman', times;font-size: 24px\">d. Geeignet f\u00fcr Aquarien, Wassergartenbrunnen und Wasserfall-Display<\/span><\/p>\n<p><span style=\"font-family: 'times new roman', times\">E.Verpackung betr\u00e4gt 20 St\u00fcck\/Karton<\/span><\/p>\n<p><span style=\"font-family: 'times new roman', times\">f.maximaler Durchfluss betr\u00e4gt 1400 l\/h <\/span><\/p>\n<\/p>\n<\/p>\n<\/p>\n<div style=\"clear:both\"><\/article>\n","protected":false},"excerpt":{"rendered":"<p>18 W RESUN SP-Serie Tauchwasserpumpe SP2500<\/p>\n","protected":false},"featured_media":3550,"comment_status":"open","ping_status":"closed","template":"","meta":[],"product_brand":[],"product_cat":[1299],"product_tag":[],"class_list":{"0":"post-35633","1":"product","2":"type-product","3":"status-publish","4":"has-post-thumbnail","6":"product_cat-aquariumfilter","8":"first","9":"instock","10":"shipping-taxable","11":"purchasable","12":"product-type-simple"},"_links":{"self":[{"href":"https:\/\/www.myaquastore.com\/de\/wp-json\/wp\/v2\/product\/35633","targetHints":{"allow":["GET"]}}],"collection":[{"href":"https:\/\/www.myaquastore.com\/de\/wp-json\/wp\/v2\/product"}],"about":[{"href":"https:\/\/www.myaquastore.com\/de\/wp-json\/wp\/v2\/types\/product"}],"replies":[{"embeddable":true,"href":"https:\/\/www.myaquastore.com\/de\/wp-json\/wp\/v2\/comments?post=35633"}],"wp:featuredmedia":[{"embeddable":true,"href":"https:\/\/www.myaquastore.com\/de\/wp-json\/wp\/v2\/media\/3550"}],"wp:attachment":[{"href":"https:\/\/www.myaquastore.com\/de\/wp-json\/wp\/v2\/media?parent=35633"}],"wp:term":[{"taxonomy":"product_brand","embeddable":true,"href":"https:\/\/www.myaquastore.com\/de\/wp-json\/wp\/v2\/product_brand?post=35633"},{"taxonomy":"product_cat","embeddable":true,"href":"https:\/\/www.myaquastore.com\/de\/wp-json\/wp\/v2\/product_cat?post=35633"},{"taxonomy":"product_tag","embeddable":true,"href":"https:\/\/www.myaquastore.com\/de\/wp-json\/wp\/v2\/product_tag?post=35633"}],"curies":[{"name":"wp","href":"https:\/\/api.w.org\/{rel}","templated":true}]}}