{"id":35648,"date":"2016-09-25T23:28:02","date_gmt":"2016-09-25T23:28:02","guid":{"rendered":"https:\/\/www.myaquastore.com\/product\/resun-king-serie-wasserpumpe-king2\/"},"modified":"2025-03-16T08:38:28","modified_gmt":"2025-03-16T08:38:28","slug":"resun-king-serie-wasserpumpe-king2","status":"publish","type":"product","link":"https:\/\/www.myaquastore.com\/de\/produkt\/resun-king-serie-wasserpumpe-king2\/","title":{"rendered":"RESUN KING-Serie Wasserpumpe KING2"},"content":{"rendered":"<article class=\"article richtext richtext-detail AE:disable\" id=\"richTextContainer\">\n<h2 class=\"article-title\">Spezifikationen<\/h2>\n<div style=\"clear:both\"> RESUN KING-Serie Wasserpumpe KING2 <br \/>1 Geeignet f\u00fcr S\u00fc\u00df- und Meerwasser <br \/>2 Auswahl an Springbrunnend\u00fcsen\/-kits <br \/>3 sicher, zuverl\u00e4ssig <\/p>\n<div style=\"clear:both\">\n<p>RESUN KING-Serie Wasserpumpe KING2<\/p>\n<p>a. Der mit Epoxidharz vergossene Motor sorgt f\u00fcr Sicherheit, Zuverl\u00e4ssigkeit und Langlebigkeit<\/p>\n<p>b. Geeignet f\u00fcr S\u00fc\u00df- und Meerwasser<\/p>\n<p>c. Auswahl an Springbrunnend\u00fcsen\/-s\u00e4tzen<\/p>\n<p>d. Geeignet f\u00fcr Aquarien, Wassergartenbrunnen und Wasserfalldarstellungen<\/p>\n<\/p>\n<\/p>\n<div style=\"clear:both\"><\/article>\n","protected":false},"excerpt":{"rendered":"<p>RESUN KING-Serie Wasserpumpe KING2<\/p>\n","protected":false},"featured_media":3580,"comment_status":"open","ping_status":"closed","template":"","meta":[],"product_brand":[],"product_cat":[1299],"product_tag":[],"class_list":{"0":"post-35648","1":"product","2":"type-product","3":"status-publish","4":"has-post-thumbnail","6":"product_cat-aquariumfilter","8":"first","9":"instock","10":"shipping-taxable","11":"purchasable","12":"product-type-simple"},"_links":{"self":[{"href":"https:\/\/www.myaquastore.com\/de\/wp-json\/wp\/v2\/product\/35648","targetHints":{"allow":["GET"]}}],"collection":[{"href":"https:\/\/www.myaquastore.com\/de\/wp-json\/wp\/v2\/product"}],"about":[{"href":"https:\/\/www.myaquastore.com\/de\/wp-json\/wp\/v2\/types\/product"}],"replies":[{"embeddable":true,"href":"https:\/\/www.myaquastore.com\/de\/wp-json\/wp\/v2\/comments?post=35648"}],"wp:featuredmedia":[{"embeddable":true,"href":"https:\/\/www.myaquastore.com\/de\/wp-json\/wp\/v2\/media\/3580"}],"wp:attachment":[{"href":"https:\/\/www.myaquastore.com\/de\/wp-json\/wp\/v2\/media?parent=35648"}],"wp:term":[{"taxonomy":"product_brand","embeddable":true,"href":"https:\/\/www.myaquastore.com\/de\/wp-json\/wp\/v2\/product_brand?post=35648"},{"taxonomy":"product_cat","embeddable":true,"href":"https:\/\/www.myaquastore.com\/de\/wp-json\/wp\/v2\/product_cat?post=35648"},{"taxonomy":"product_tag","embeddable":true,"href":"https:\/\/www.myaquastore.com\/de\/wp-json\/wp\/v2\/product_tag?post=35648"}],"curies":[{"name":"wp","href":"https:\/\/api.w.org\/{rel}","templated":true}]}}