{"id":35650,"date":"2016-09-25T23:28:02","date_gmt":"2016-09-25T23:28:02","guid":{"rendered":"https:\/\/www.myaquastore.com\/product\/weipro-sonpar-nitratreduzierer-ml4000\/"},"modified":"2025-03-16T08:38:28","modified_gmt":"2025-03-16T08:38:28","slug":"weipro-sonpar-nitratreduzierer-ml4000","status":"publish","type":"product","link":"https:\/\/www.myaquastore.com\/de\/produkt\/weipro-sonpar-nitratreduzierer-ml4000\/","title":{"rendered":"WEIPRO SONPAR Nitratreduzierer ML4000"},"content":{"rendered":"<article class=\"article richtext richtext-detail AE:disable\" id=\"richTextContainer\">\n<div style=\"clear:both\">\n<p><span style=\"font-family: 'times new roman', times;font-size: 24px\">WEIPRO SONPAR Nitratreduktor ML4000<\/span><\/p>\n<p><span style=\"font-family: 'times new roman', times\">1. Biologisches Filterdesign, professionelle Bereitstellung von Kulturmikroorganismen f\u00fcr Ihr Aquarium<\/span><br \/><span style=\"font-family: 'times new roman', times;font-size: 24px\">2. Entfernen Sie effizient das gef\u00e4hrliche Nitrat im Wasser und reinigen Sie das Wasser durch das Wachstum der n\u00fctzlichen Bakterien. <\/span><br \/><span style=\"font-family: 'times new roman', times;font-size: 24px\">3. Mit der Zucht biologischer B\u00e4lle und der mikrobiellen Verwendung von B\u00e4llen <\/span><br \/><span style=\"font-family: 'times new roman', times;font-size: 24px\">4. Verbindungsschl\u00e4uche und 2 Wasserpumpen stehen den Nutzern zur Verf\u00fcgung <\/span><br \/><span style=\"font-family: 'times new roman', times;font-size: 24px\">5. Geeignet f\u00fcr S\u00fc\u00df- und Salzwasser<\/span><br \/><span style=\"font-family: 'times new roman', times;font-size: 24px\">6. Einer der effizientesten Nitratreduzierer auf dem aktuellen chinesischen Markt<\/span><\/p>\n<div style=\"clear:both\"><\/article>\n","protected":false},"excerpt":{"rendered":"<p>WEIPRO SONPAR Nitratreduzierer ML4000<\/p>\n","protected":false},"featured_media":3584,"comment_status":"open","ping_status":"closed","template":"","meta":[],"product_brand":[],"product_cat":[1299],"product_tag":[],"class_list":{"0":"post-35650","1":"product","2":"type-product","3":"status-publish","4":"has-post-thumbnail","6":"product_cat-aquariumfilter","8":"first","9":"instock","10":"shipping-taxable","11":"purchasable","12":"product-type-simple"},"_links":{"self":[{"href":"https:\/\/www.myaquastore.com\/de\/wp-json\/wp\/v2\/product\/35650","targetHints":{"allow":["GET"]}}],"collection":[{"href":"https:\/\/www.myaquastore.com\/de\/wp-json\/wp\/v2\/product"}],"about":[{"href":"https:\/\/www.myaquastore.com\/de\/wp-json\/wp\/v2\/types\/product"}],"replies":[{"embeddable":true,"href":"https:\/\/www.myaquastore.com\/de\/wp-json\/wp\/v2\/comments?post=35650"}],"wp:featuredmedia":[{"embeddable":true,"href":"https:\/\/www.myaquastore.com\/de\/wp-json\/wp\/v2\/media\/3584"}],"wp:attachment":[{"href":"https:\/\/www.myaquastore.com\/de\/wp-json\/wp\/v2\/media?parent=35650"}],"wp:term":[{"taxonomy":"product_brand","embeddable":true,"href":"https:\/\/www.myaquastore.com\/de\/wp-json\/wp\/v2\/product_brand?post=35650"},{"taxonomy":"product_cat","embeddable":true,"href":"https:\/\/www.myaquastore.com\/de\/wp-json\/wp\/v2\/product_cat?post=35650"},{"taxonomy":"product_tag","embeddable":true,"href":"https:\/\/www.myaquastore.com\/de\/wp-json\/wp\/v2\/product_tag?post=35650"}],"curies":[{"name":"wp","href":"https:\/\/api.w.org\/{rel}","templated":true}]}}