{"id":35685,"date":"2016-09-25T23:28:02","date_gmt":"2016-09-25T23:28:02","guid":{"rendered":"https:\/\/www.myaquastore.com\/product\/boyu-aquariumleuchte-plb-90h\/"},"modified":"2025-03-16T08:38:36","modified_gmt":"2025-03-16T08:38:36","slug":"boyu-aquariumleuchte-plb-90h","status":"publish","type":"product","link":"https:\/\/www.myaquastore.com\/de\/produkt\/boyu-aquariumleuchte-plb-90h\/","title":{"rendered":"BOYU Aquariumleuchte PLB-90H"},"content":{"rendered":"<article class=\"article richtext richtext-detail AE:disable\" id=\"richTextContainer\">\n<h2 class=\"article-title\">Spezifikationen<\/h2>\n<div style=\"clear:both\"> BOYU Aquariumleuchte PLB-90H <br \/>1. 95 % Lichtreflexion <br \/>2. Superd\u00fcnnes Design <br \/>3. Rostfreier Korrosionsschutz, gute W\u00e4rmeverteilung <\/p>\n<div style=\"clear:both\">\n<p>BOYU Aquariumleuchte PLB-90H<\/p>\n<p> <span style=\"color: #333333\">1.Verwenden Sie hochwertiges Aluminiumgeh\u00e4use, rostfrei und korrosionsbest\u00e4ndig, gute W\u00e4rmeverteilungsf\u00e4higkeit.<br \/>2.Spezielles Design, 95 % Lichtreflexion.<br \/>3.Stromlinienf\u00f6rmiges Erscheinungsbild, ausziehbar, ??Flip-Top?? Halterung. <br \/>4. Superd\u00fcnnes Design, sch\u00f6nes, attraktives Aussehen. viele Farben zur Auswahl<\/span><\/p>\n<p><span style=\"color: #333333\">5.TECHNISCHE DATEN:AC230V \/50Hz<\/span><\/p>\n<div style=\"clear:both\"><\/article>\n","protected":false},"excerpt":{"rendered":"<p>BOYU Aquariumleuchte PLB-90H<\/p>\n","protected":false},"featured_media":3655,"comment_status":"open","ping_status":"closed","template":"","meta":[],"product_brand":[],"product_cat":[1299],"product_tag":[],"class_list":{"0":"post-35685","1":"product","2":"type-product","3":"status-publish","4":"has-post-thumbnail","6":"product_cat-aquariumfilter","8":"first","9":"instock","10":"shipping-taxable","11":"purchasable","12":"product-type-simple"},"_links":{"self":[{"href":"https:\/\/www.myaquastore.com\/de\/wp-json\/wp\/v2\/product\/35685","targetHints":{"allow":["GET"]}}],"collection":[{"href":"https:\/\/www.myaquastore.com\/de\/wp-json\/wp\/v2\/product"}],"about":[{"href":"https:\/\/www.myaquastore.com\/de\/wp-json\/wp\/v2\/types\/product"}],"replies":[{"embeddable":true,"href":"https:\/\/www.myaquastore.com\/de\/wp-json\/wp\/v2\/comments?post=35685"}],"wp:featuredmedia":[{"embeddable":true,"href":"https:\/\/www.myaquastore.com\/de\/wp-json\/wp\/v2\/media\/3655"}],"wp:attachment":[{"href":"https:\/\/www.myaquastore.com\/de\/wp-json\/wp\/v2\/media?parent=35685"}],"wp:term":[{"taxonomy":"product_brand","embeddable":true,"href":"https:\/\/www.myaquastore.com\/de\/wp-json\/wp\/v2\/product_brand?post=35685"},{"taxonomy":"product_cat","embeddable":true,"href":"https:\/\/www.myaquastore.com\/de\/wp-json\/wp\/v2\/product_cat?post=35685"},{"taxonomy":"product_tag","embeddable":true,"href":"https:\/\/www.myaquastore.com\/de\/wp-json\/wp\/v2\/product_tag?post=35685"}],"curies":[{"name":"wp","href":"https:\/\/api.w.org\/{rel}","templated":true}]}}