{"id":35688,"date":"2016-09-25T23:28:02","date_gmt":"2016-09-25T23:28:02","guid":{"rendered":"https:\/\/www.myaquastore.com\/product\/18-w-40-cm-boyu-aquariumleuchte-plb-40\/"},"modified":"2025-03-16T08:38:36","modified_gmt":"2025-03-16T08:38:36","slug":"18-w-40-cm-boyu-aquariumleuchte-plb-40","status":"publish","type":"product","link":"https:\/\/www.myaquastore.com\/de\/produkt\/18-w-40-cm-boyu-aquariumleuchte-plb-40\/","title":{"rendered":"18 W 40 cm BOYU Aquariumleuchte PLB-40"},"content":{"rendered":"<article class=\"article richtext richtext-detail AE:disable\" id=\"richTextContainer\">\n<div style=\"clear:both\">\n<p><span style=\"font-family: 'times new roman', times;font-size: 24px\"> 18w 40cm BOYU Aquariumleuchte PLB-40 <\/span><\/p>\n<p><span style=\"color: #333333;font-family: 'times new roman', times\">1.Verwenden Sie hochwertiges Aluminiumgeh\u00e4use, rostfrei und korrosionsbest\u00e4ndig, gute W\u00e4rmediffusionsf\u00e4higkeit.<br \/>2.Spezielles Design, 95 % Lichtreflexion.<br \/>3.Stromlinienf\u00f6rmiges Erscheinungsbild, ausziehbar, \u201eFlip-Top\u201c? Halterung. <br \/>4. Superd\u00fcnnes Design, sch\u00f6nes, attraktives Aussehen. viele Farben zur Auswahl<\/span><\/p>\n<p><span style=\"color: #333333\">5.TECHNISCHE DATEN:AC230V \/50Hz<\/span><\/p>\n<div style=\"clear:both\"><\/article>\n","protected":false},"excerpt":{"rendered":"<p>18 W 40 cm BOYU Aquariumleuchte PLB-40<\/p>\n","protected":false},"featured_media":3661,"comment_status":"open","ping_status":"closed","template":"","meta":[],"product_brand":[],"product_cat":[1299],"product_tag":[],"class_list":{"0":"post-35688","1":"product","2":"type-product","3":"status-publish","4":"has-post-thumbnail","6":"product_cat-aquariumfilter","8":"first","9":"instock","10":"shipping-taxable","11":"purchasable","12":"product-type-simple"},"_links":{"self":[{"href":"https:\/\/www.myaquastore.com\/de\/wp-json\/wp\/v2\/product\/35688","targetHints":{"allow":["GET"]}}],"collection":[{"href":"https:\/\/www.myaquastore.com\/de\/wp-json\/wp\/v2\/product"}],"about":[{"href":"https:\/\/www.myaquastore.com\/de\/wp-json\/wp\/v2\/types\/product"}],"replies":[{"embeddable":true,"href":"https:\/\/www.myaquastore.com\/de\/wp-json\/wp\/v2\/comments?post=35688"}],"wp:featuredmedia":[{"embeddable":true,"href":"https:\/\/www.myaquastore.com\/de\/wp-json\/wp\/v2\/media\/3661"}],"wp:attachment":[{"href":"https:\/\/www.myaquastore.com\/de\/wp-json\/wp\/v2\/media?parent=35688"}],"wp:term":[{"taxonomy":"product_brand","embeddable":true,"href":"https:\/\/www.myaquastore.com\/de\/wp-json\/wp\/v2\/product_brand?post=35688"},{"taxonomy":"product_cat","embeddable":true,"href":"https:\/\/www.myaquastore.com\/de\/wp-json\/wp\/v2\/product_cat?post=35688"},{"taxonomy":"product_tag","embeddable":true,"href":"https:\/\/www.myaquastore.com\/de\/wp-json\/wp\/v2\/product_tag?post=35688"}],"curies":[{"name":"wp","href":"https:\/\/api.w.org\/{rel}","templated":true}]}}