{"id":35743,"date":"2016-09-25T23:28:05","date_gmt":"2016-09-25T23:28:05","guid":{"rendered":"https:\/\/www.myaquastore.com\/product\/boyu-neuer-leistungsstarker-gunstiger-wellenmacher-wm-15\/"},"modified":"2025-03-16T08:38:48","modified_gmt":"2025-03-16T08:38:48","slug":"boyu-neuer-leistungsstarker-gunstiger-wellenmacher-wm-15","status":"publish","type":"product","link":"https:\/\/www.myaquastore.com\/de\/produkt\/boyu-neuer-leistungsstarker-gunstiger-wellenmacher-wm-15\/","title":{"rendered":"Boyu neuer leistungsstarker, g\u00fcnstiger Wellenmacher WM-15"},"content":{"rendered":"<article class=\"article richtext richtext-detail AE:disable\" id=\"richTextContainer\">\n<div style=\"clear:both\">\n<p><span style=\"font-family: 'times new roman', times;font-size: 24px\"> boyu neuer leistungsstarker g\u00fcnstiger Wellenmacher WM-15 <\/span><\/p>\n<p><span style=\"font-family: 'times new roman', times;font-size: 24px\">1. kraftvoll<\/span><br \/><span style=\"font-family: 'times new roman', times;font-size: 24px\">2. Einfache Einrichtung <\/span><br \/><span style=\"font-family: 'times new roman', times;font-size: 24px\">3. Anzug f\u00fcr S\u00fc\u00df- und Meerwasser<\/span><\/p>\n<p><span style=\"font-family: 'times new roman', times;font-size: 24px\">4. Parameter (220\u2013240 V, 50 Hz)<\/span><\/p>\n<p><span style=\"font-family: 'times new roman', times;font-size: 24px\">5.packing:36pieces\/carton<\/span><\/p>\n<p><span style=\"font-family: 'times new roman', times;font-size: 24px\">6.delivery date:7days<\/span><\/p>\n<div style=\"clear:both\"><\/article>\n","protected":false},"excerpt":{"rendered":"<p>Boyu neuer leistungsstarker, g\u00fcnstiger Wellenmacher WM-15<\/p>\n","protected":false},"featured_media":3767,"comment_status":"open","ping_status":"closed","template":"","meta":[],"product_brand":[],"product_cat":[1299],"product_tag":[],"class_list":{"0":"post-35743","1":"product","2":"type-product","3":"status-publish","4":"has-post-thumbnail","6":"product_cat-aquariumfilter","8":"first","9":"instock","10":"shipping-taxable","11":"purchasable","12":"product-type-simple"},"_links":{"self":[{"href":"https:\/\/www.myaquastore.com\/de\/wp-json\/wp\/v2\/product\/35743","targetHints":{"allow":["GET"]}}],"collection":[{"href":"https:\/\/www.myaquastore.com\/de\/wp-json\/wp\/v2\/product"}],"about":[{"href":"https:\/\/www.myaquastore.com\/de\/wp-json\/wp\/v2\/types\/product"}],"replies":[{"embeddable":true,"href":"https:\/\/www.myaquastore.com\/de\/wp-json\/wp\/v2\/comments?post=35743"}],"wp:featuredmedia":[{"embeddable":true,"href":"https:\/\/www.myaquastore.com\/de\/wp-json\/wp\/v2\/media\/3767"}],"wp:attachment":[{"href":"https:\/\/www.myaquastore.com\/de\/wp-json\/wp\/v2\/media?parent=35743"}],"wp:term":[{"taxonomy":"product_brand","embeddable":true,"href":"https:\/\/www.myaquastore.com\/de\/wp-json\/wp\/v2\/product_brand?post=35743"},{"taxonomy":"product_cat","embeddable":true,"href":"https:\/\/www.myaquastore.com\/de\/wp-json\/wp\/v2\/product_cat?post=35743"},{"taxonomy":"product_tag","embeddable":true,"href":"https:\/\/www.myaquastore.com\/de\/wp-json\/wp\/v2\/product_tag?post=35743"}],"curies":[{"name":"wp","href":"https:\/\/api.w.org\/{rel}","templated":true}]}}