{"id":35787,"date":"2016-09-25T23:28:05","date_gmt":"2016-09-25T23:28:05","guid":{"rendered":"https:\/\/www.myaquastore.com\/product\/boyu-rotes-aquarium-sonnenlicht-40w\/"},"modified":"2025-03-16T08:38:57","modified_gmt":"2025-03-16T08:38:57","slug":"boyu-rotes-aquarium-sonnenlicht-40w","status":"publish","type":"product","link":"https:\/\/www.myaquastore.com\/de\/produkt\/boyu-rotes-aquarium-sonnenlicht-40w\/","title":{"rendered":"BOYU rotes Aquarium-Sonnenlicht 40W"},"content":{"rendered":"<article class=\"article richtext richtext-detail AE:disable\" id=\"richTextContainer\">\n<h2 class=\"article-title\">Spezifikationen<\/h2>\n<div style=\"clear:both\"> BOYU rotes Aquarium-Sonnenlicht 40 W <br \/>1.St\u00e4rkung des Exports f\u00fcr das optische Spektrum von Rot und Blau <br \/>2.Fit f\u00fcr tropische Fische und Glasgef\u00e4\u00df <\/p>\n<div style=\"clear:both\">\n<p>BOYU rotes Aquarium-Sonnenlicht 40 W<\/p>\n<p>1.Verst\u00e4rkung des Exports f\u00fcr das optische Spektrum von Rot und Blau, um deren Wellenkamm entsprechend dem Rot und Blau des Sonnenlichts zu erzeugen. Dies liefert das beste Ergebnis f\u00fcr die Photosynthese, verbessert das Leuchten von Wasserglas, verst\u00e4rkt die Fluoreszenz tropischer Fische, legt Wert auf die nat\u00fcrliche Farbe der Betrachtung von Fischen und schafft die warme Atmosph\u00e4re f\u00fcr Ihre Box mit Wassertieren.<br \/><span style=\"color: #000066\">2.Geeigneter Bereich:<\/span> Glasgef\u00e4\u00df mit tropischen Fischen und Wasser<\/p>\n<p>3.Verpackung:25 St\u00fcck\/Karton <\/p>\n<\/p>\n<div style=\"clear:both\"><\/article>\n","protected":false},"excerpt":{"rendered":"<p>BOYU rotes Aquarium-Sonnenlicht 40W<\/p>\n","protected":false},"featured_media":3855,"comment_status":"open","ping_status":"closed","template":"","meta":[],"product_brand":[],"product_cat":[1299],"product_tag":[],"class_list":{"0":"post-35787","1":"product","2":"type-product","3":"status-publish","4":"has-post-thumbnail","6":"product_cat-aquariumfilter","8":"first","9":"instock","10":"shipping-taxable","11":"purchasable","12":"product-type-simple"},"_links":{"self":[{"href":"https:\/\/www.myaquastore.com\/de\/wp-json\/wp\/v2\/product\/35787","targetHints":{"allow":["GET"]}}],"collection":[{"href":"https:\/\/www.myaquastore.com\/de\/wp-json\/wp\/v2\/product"}],"about":[{"href":"https:\/\/www.myaquastore.com\/de\/wp-json\/wp\/v2\/types\/product"}],"replies":[{"embeddable":true,"href":"https:\/\/www.myaquastore.com\/de\/wp-json\/wp\/v2\/comments?post=35787"}],"wp:featuredmedia":[{"embeddable":true,"href":"https:\/\/www.myaquastore.com\/de\/wp-json\/wp\/v2\/media\/3855"}],"wp:attachment":[{"href":"https:\/\/www.myaquastore.com\/de\/wp-json\/wp\/v2\/media?parent=35787"}],"wp:term":[{"taxonomy":"product_brand","embeddable":true,"href":"https:\/\/www.myaquastore.com\/de\/wp-json\/wp\/v2\/product_brand?post=35787"},{"taxonomy":"product_cat","embeddable":true,"href":"https:\/\/www.myaquastore.com\/de\/wp-json\/wp\/v2\/product_cat?post=35787"},{"taxonomy":"product_tag","embeddable":true,"href":"https:\/\/www.myaquastore.com\/de\/wp-json\/wp\/v2\/product_tag?post=35787"}],"curies":[{"name":"wp","href":"https:\/\/api.w.org\/{rel}","templated":true}]}}