{"id":35848,"date":"2016-09-25T23:28:07","date_gmt":"2016-09-25T23:28:07","guid":{"rendered":"https:\/\/www.myaquastore.com\/product\/meistverkaufte-boyu-aquarium-luftpumpe-se-303\/"},"modified":"2025-03-16T08:39:11","modified_gmt":"2025-03-16T08:39:11","slug":"meistverkaufte-boyu-aquarium-luftpumpe-se-303","status":"publish","type":"product","link":"https:\/\/www.myaquastore.com\/de\/produkt\/meistverkaufte-boyu-aquarium-luftpumpe-se-303\/","title":{"rendered":"meistverkaufte BOYU Aquarium-Luftpumpe SE-303"},"content":{"rendered":"<article class=\"article richtext richtext-detail AE:disable\" id=\"richTextContainer\">\n<div style=\"clear:both\">\n<p><span style=\"font-family: 'times new roman', times;font-size: 24px\">meistverkaufte BOYU Aquarium-Luftpumpe SE-303<\/span><\/p>\n<p><span style=\"font-family: 'times new roman', times;font-size: 24px\">1. Verf\u00fcgen \u00fcber ein fortschrittliches Luftkompressionssystem, ein D\u00e4mpfungssystem und einen mehrstufigen Schalld\u00e4mpfer, der extrem ger\u00e4uscharm ist.<\/span><\/p>\n<p><span style=\"font-family: 'times new roman', times;font-size: 24px\">2. Verwenden Sie speziellen Kunstkautschuk, um die Luftleistung und den Luftdruck konstant zu halten.<\/span><\/p>\n<p><span style=\"font-family: 'times new roman', times;font-size: 24px\">3.Die Struktur ist vern\u00fcnftig und kompakt, sie hat eine lange Lebensdauer und erzielt die beste Wirkung bei geringstem Stromverbrauch<\/span><\/p>\n<p><span style=\"font-family: 'times new roman', times;font-size: 24px\">4.Die Verpackung betr\u00e4gt 80 St\u00fcck\/Karton <\/span><\/p>\n<div style=\"clear:both\"><\/article>\n","protected":false},"excerpt":{"rendered":"<p>meistverkaufte BOYU Aquarium-Luftpumpe SE-303<\/p>\n","protected":false},"featured_media":3975,"comment_status":"open","ping_status":"closed","template":"","meta":[],"product_brand":[],"product_cat":[1299],"product_tag":[],"class_list":{"0":"post-35848","1":"product","2":"type-product","3":"status-publish","4":"has-post-thumbnail","6":"product_cat-aquariumfilter","8":"first","9":"instock","10":"shipping-taxable","11":"purchasable","12":"product-type-simple"},"_links":{"self":[{"href":"https:\/\/www.myaquastore.com\/de\/wp-json\/wp\/v2\/product\/35848","targetHints":{"allow":["GET"]}}],"collection":[{"href":"https:\/\/www.myaquastore.com\/de\/wp-json\/wp\/v2\/product"}],"about":[{"href":"https:\/\/www.myaquastore.com\/de\/wp-json\/wp\/v2\/types\/product"}],"replies":[{"embeddable":true,"href":"https:\/\/www.myaquastore.com\/de\/wp-json\/wp\/v2\/comments?post=35848"}],"wp:featuredmedia":[{"embeddable":true,"href":"https:\/\/www.myaquastore.com\/de\/wp-json\/wp\/v2\/media\/3975"}],"wp:attachment":[{"href":"https:\/\/www.myaquastore.com\/de\/wp-json\/wp\/v2\/media?parent=35848"}],"wp:term":[{"taxonomy":"product_brand","embeddable":true,"href":"https:\/\/www.myaquastore.com\/de\/wp-json\/wp\/v2\/product_brand?post=35848"},{"taxonomy":"product_cat","embeddable":true,"href":"https:\/\/www.myaquastore.com\/de\/wp-json\/wp\/v2\/product_cat?post=35848"},{"taxonomy":"product_tag","embeddable":true,"href":"https:\/\/www.myaquastore.com\/de\/wp-json\/wp\/v2\/product_tag?post=35848"}],"curies":[{"name":"wp","href":"https:\/\/api.w.org\/{rel}","templated":true}]}}