{"id":35856,"date":"2016-09-25T23:28:07","date_gmt":"2016-09-25T23:28:07","guid":{"rendered":"https:\/\/www.myaquastore.com\/product\/wasserdichtes-kunststoff-hintergrundplakat-fur-aquarien-in-doppelter-grose-j07-j53\/"},"modified":"2025-03-16T08:39:13","modified_gmt":"2025-03-16T08:39:13","slug":"wasserdichtes-kunststoff-hintergrundplakat-fur-aquarien-in-doppelter-grose-j07-j53","status":"publish","type":"product","link":"https:\/\/www.myaquastore.com\/de\/produkt\/wasserdichtes-kunststoff-hintergrundplakat-fur-aquarien-in-doppelter-grose-j07-j53\/","title":{"rendered":"Wasserdichtes Kunststoff-Hintergrundplakat f\u00fcr Aquarien in doppelter Gr\u00f6\u00dfe J07\/J53"},"content":{"rendered":"<article class=\"article richtext richtext-detail AE:disable\" id=\"richTextContainer\">\n<div style=\"clear:both\">\n<p><span style=\"font-family: 'times new roman', times;font-size: 24px\">Wasserdichtes Aquarium-Hintergrundposter aus Kunststoff in doppelter Gr\u00f6\u00dfe J07\/J53<\/span><\/p>\n<div>\n<p>&lt;span style=&quot;font-family: &#039;times new roman&#039;, times; Schriftart: 24px; Font-Size: 24px; Rollen\/Karton<\/span><\/p>\n<\/div>\n<div style=\"clear:both\"><\/article>\n","protected":false},"excerpt":{"rendered":"<p>Wasserdichtes Kunststoff-Hintergrundplakat f\u00fcr Aquarien in doppelter Gr\u00f6\u00dfe J07\/J53<\/p>\n","protected":false},"featured_media":3991,"comment_status":"open","ping_status":"closed","template":"","meta":[],"product_brand":[],"product_cat":[1299],"product_tag":[],"class_list":{"0":"post-35856","1":"product","2":"type-product","3":"status-publish","4":"has-post-thumbnail","6":"product_cat-aquariumfilter","8":"first","9":"instock","10":"shipping-taxable","11":"purchasable","12":"product-type-simple"},"_links":{"self":[{"href":"https:\/\/www.myaquastore.com\/de\/wp-json\/wp\/v2\/product\/35856","targetHints":{"allow":["GET"]}}],"collection":[{"href":"https:\/\/www.myaquastore.com\/de\/wp-json\/wp\/v2\/product"}],"about":[{"href":"https:\/\/www.myaquastore.com\/de\/wp-json\/wp\/v2\/types\/product"}],"replies":[{"embeddable":true,"href":"https:\/\/www.myaquastore.com\/de\/wp-json\/wp\/v2\/comments?post=35856"}],"wp:featuredmedia":[{"embeddable":true,"href":"https:\/\/www.myaquastore.com\/de\/wp-json\/wp\/v2\/media\/3991"}],"wp:attachment":[{"href":"https:\/\/www.myaquastore.com\/de\/wp-json\/wp\/v2\/media?parent=35856"}],"wp:term":[{"taxonomy":"product_brand","embeddable":true,"href":"https:\/\/www.myaquastore.com\/de\/wp-json\/wp\/v2\/product_brand?post=35856"},{"taxonomy":"product_cat","embeddable":true,"href":"https:\/\/www.myaquastore.com\/de\/wp-json\/wp\/v2\/product_cat?post=35856"},{"taxonomy":"product_tag","embeddable":true,"href":"https:\/\/www.myaquastore.com\/de\/wp-json\/wp\/v2\/product_tag?post=35856"}],"curies":[{"name":"wp","href":"https:\/\/api.w.org\/{rel}","templated":true}]}}