{"id":35860,"date":"2016-09-25T23:28:07","date_gmt":"2016-09-25T23:28:07","guid":{"rendered":"https:\/\/www.myaquastore.com\/product\/wasserdichter-kunststoff-doppeltes-aquarium-hintergrundbild-j03-j05\/"},"modified":"2025-03-16T08:39:13","modified_gmt":"2025-03-16T08:39:13","slug":"wasserdichter-kunststoff-doppeltes-aquarium-hintergrundbild-j03-j05","status":"publish","type":"product","link":"https:\/\/www.myaquastore.com\/de\/produkt\/wasserdichter-kunststoff-doppeltes-aquarium-hintergrundbild-j03-j05\/","title":{"rendered":"Wasserdichter Kunststoff, doppeltes Aquarium-Hintergrundbild J03\/J05"},"content":{"rendered":"<article class=\"article richtext richtext-detail AE:disable\" id=\"richTextContainer\">\n<h2 class=\"article-title\">Spezifikationen<\/h2>\n<div style=\"clear:both\"> wasserdichter Kunststoff verdoppelt die Gr\u00f6\u00dfe des Hintergrundbilds f\u00fcr Aquarien J03\/J05 <br \/>1. wasserdichter Kunststoff <br \/>2 geeignet f\u00fcr Aquarienfische Zuhause <\/p>\n<div style=\"clear:both\">\n<p>wasserdichter Kunststoff Aquarium-Hintergrundbild in doppelter Gr\u00f6\u00dfe J03\/J05<\/p>\n<div>\n<p>1)Gr\u00f6\u00dfe: 30 cm\u201380 cm und 15 oder 25 m pro B\u00fcndel, die Preise unterscheiden sich je nach Gr\u00f6\u00dfe, bitte kontaktieren Sie uns f\u00fcr Referenzen<br \/>2) Rohmaterial: Kunststoff<br \/>3) doppelt gro\u00dfer Kunststoffhintergrund<\/p>\n<p>4) geeignet f\u00fcr Aquarienfische zu Hause <br \/>5) 9 Rollen\/Karton<\/p>\n<\/div>\n<div style=\"clear:both\"><\/article>\n","protected":false},"excerpt":{"rendered":"<p>Wasserdichter Kunststoff, doppeltes Aquarium-Hintergrundbild J03\/J05<\/p>\n","protected":false},"featured_media":3997,"comment_status":"open","ping_status":"closed","template":"","meta":[],"product_brand":[],"product_cat":[1299],"product_tag":[],"class_list":{"0":"post-35860","1":"product","2":"type-product","3":"status-publish","4":"has-post-thumbnail","6":"product_cat-aquariumfilter","8":"first","9":"instock","10":"shipping-taxable","11":"purchasable","12":"product-type-simple"},"_links":{"self":[{"href":"https:\/\/www.myaquastore.com\/de\/wp-json\/wp\/v2\/product\/35860","targetHints":{"allow":["GET"]}}],"collection":[{"href":"https:\/\/www.myaquastore.com\/de\/wp-json\/wp\/v2\/product"}],"about":[{"href":"https:\/\/www.myaquastore.com\/de\/wp-json\/wp\/v2\/types\/product"}],"replies":[{"embeddable":true,"href":"https:\/\/www.myaquastore.com\/de\/wp-json\/wp\/v2\/comments?post=35860"}],"wp:featuredmedia":[{"embeddable":true,"href":"https:\/\/www.myaquastore.com\/de\/wp-json\/wp\/v2\/media\/3997"}],"wp:attachment":[{"href":"https:\/\/www.myaquastore.com\/de\/wp-json\/wp\/v2\/media?parent=35860"}],"wp:term":[{"taxonomy":"product_brand","embeddable":true,"href":"https:\/\/www.myaquastore.com\/de\/wp-json\/wp\/v2\/product_brand?post=35860"},{"taxonomy":"product_cat","embeddable":true,"href":"https:\/\/www.myaquastore.com\/de\/wp-json\/wp\/v2\/product_cat?post=35860"},{"taxonomy":"product_tag","embeddable":true,"href":"https:\/\/www.myaquastore.com\/de\/wp-json\/wp\/v2\/product_tag?post=35860"}],"curies":[{"name":"wp","href":"https:\/\/api.w.org\/{rel}","templated":true}]}}