{"id":35872,"date":"2016-09-25T23:28:07","date_gmt":"2016-09-25T23:28:07","guid":{"rendered":"https:\/\/www.myaquastore.com\/product\/wasserdichtes-aquarium-hintergrundbild-j55-aus-kunststoff\/"},"modified":"2025-03-16T08:39:16","modified_gmt":"2025-03-16T08:39:16","slug":"wasserdichtes-aquarium-hintergrundbild-j55-aus-kunststoff","status":"publish","type":"product","link":"https:\/\/www.myaquastore.com\/de\/produkt\/wasserdichtes-aquarium-hintergrundbild-j55-aus-kunststoff\/","title":{"rendered":"Wasserdichtes Aquarium-Hintergrundbild J55 aus Kunststoff"},"content":{"rendered":"<article class=\"article richtext richtext-detail AE:disable\" id=\"richTextContainer\">\n<div style=\"clear:both\">\n<p><span style=\"font-family: 'times new roman', times;font-size: 24px\">wasserdichtes Aquarium-Hintergrundbild aus Kunststoff J55-Poster<\/span><\/p>\n<div>\n<p><span style=\"font-family: 'times new roman', times;font-size: 24px\">1)Gr\u00f6\u00dfe:30cm&#8212;80cm und 15 oder 25m pro B\u00fcndel, die Preise variieren je nach Gr\u00f6\u00dfe, bitte kontaktieren Sie uns f\u00fcr Referenz<\/span><br \/><span style=\"font-family: 'times new roman', times;font-size: 24px\">2)Rohmaterial:Kunststoff<\/span><br \/><span style=\"font-family: 'times new roman', times;24px\">3)einzelner Kunststoffhintergrund<\/span><\/p>\n<p><span style=\"font-family: 'times new roman', times;font-size: 24px\">4)es ist geeignet f\u00fcr Aquarium Fish Home <\/span><br \/><span style=\"font-family: 'times new roman', times;font-size: 24px\">5)9 Rollen\/Karton<\/span><\/p>\n<\/div>\n<div style=\"clear:both\"><\/article>\n","protected":false},"excerpt":{"rendered":"<p>Wasserdichtes Aquarium-Hintergrundbild J55 aus Kunststoff<\/p>\n","protected":false},"featured_media":4022,"comment_status":"open","ping_status":"closed","template":"","meta":[],"product_brand":[],"product_cat":[1299],"product_tag":[],"class_list":{"0":"post-35872","1":"product","2":"type-product","3":"status-publish","4":"has-post-thumbnail","6":"product_cat-aquariumfilter","8":"first","9":"instock","10":"shipping-taxable","11":"purchasable","12":"product-type-simple"},"_links":{"self":[{"href":"https:\/\/www.myaquastore.com\/de\/wp-json\/wp\/v2\/product\/35872","targetHints":{"allow":["GET"]}}],"collection":[{"href":"https:\/\/www.myaquastore.com\/de\/wp-json\/wp\/v2\/product"}],"about":[{"href":"https:\/\/www.myaquastore.com\/de\/wp-json\/wp\/v2\/types\/product"}],"replies":[{"embeddable":true,"href":"https:\/\/www.myaquastore.com\/de\/wp-json\/wp\/v2\/comments?post=35872"}],"wp:featuredmedia":[{"embeddable":true,"href":"https:\/\/www.myaquastore.com\/de\/wp-json\/wp\/v2\/media\/4022"}],"wp:attachment":[{"href":"https:\/\/www.myaquastore.com\/de\/wp-json\/wp\/v2\/media?parent=35872"}],"wp:term":[{"taxonomy":"product_brand","embeddable":true,"href":"https:\/\/www.myaquastore.com\/de\/wp-json\/wp\/v2\/product_brand?post=35872"},{"taxonomy":"product_cat","embeddable":true,"href":"https:\/\/www.myaquastore.com\/de\/wp-json\/wp\/v2\/product_cat?post=35872"},{"taxonomy":"product_tag","embeddable":true,"href":"https:\/\/www.myaquastore.com\/de\/wp-json\/wp\/v2\/product_tag?post=35872"}],"curies":[{"name":"wp","href":"https:\/\/api.w.org\/{rel}","templated":true}]}}