{"id":35876,"date":"2016-09-25T23:28:08","date_gmt":"2016-09-25T23:28:08","guid":{"rendered":"https:\/\/www.myaquastore.com\/product\/wasserdichtes-aquarium-hintergrundbild-aus-kunststoff-j33\/"},"modified":"2025-03-16T08:39:17","modified_gmt":"2025-03-16T08:39:17","slug":"wasserdichtes-aquarium-hintergrundbild-aus-kunststoff-j33","status":"publish","type":"product","link":"https:\/\/www.myaquastore.com\/de\/produkt\/wasserdichtes-aquarium-hintergrundbild-aus-kunststoff-j33\/","title":{"rendered":"Wasserdichtes Aquarium-Hintergrundbild aus Kunststoff J33"},"content":{"rendered":"<article class=\"article richtext richtext-detail AE:disable\" id=\"richTextContainer\">\n<h2 class=\"article-title\">Spezifikationen<\/h2>\n<div style=\"clear:both\">wasserdichtes Aquarium-Hintergrundbild aus Kunststoff J33 <br \/>1.wasserdichtes Kunststoff-Aquarium <br \/>2.es ist f\u00fcr Aquarienfische zu Hause geeignet <\/p>\n<div style=\"clear:both\">\n<p>wasserdichtes Kunststoff-Aquarium-Hintergrundbild J33<\/p>\n<div>\n<p>1)Gr\u00f6\u00dfe: 30 cm\u201380 cm und 15 oder 25 m pro B\u00fcndel, die Preise variieren je nach Gr\u00f6\u00dfe, bitte kontaktieren Sie uns f\u00fcr Referenzen<br \/>2) Rohmaterial: Kunststoff<br \/>3) einzelner Kunststoffhintergrund<\/p>\n<p>4) geeignet f\u00fcr Aquarienfische zu Hause<br \/>5) 9 Rollen\/Karton<\/p>\n<\/div>\n<div style=\"clear:both\"><\/article>\n","protected":false},"excerpt":{"rendered":"<p>Wasserdichtes Aquarium-Hintergrundbild aus Kunststoff J33<\/p>\n","protected":false},"featured_media":4030,"comment_status":"open","ping_status":"closed","template":"","meta":[],"product_brand":[],"product_cat":[1299],"product_tag":[],"class_list":{"0":"post-35876","1":"product","2":"type-product","3":"status-publish","4":"has-post-thumbnail","6":"product_cat-aquariumfilter","8":"first","9":"instock","10":"shipping-taxable","11":"purchasable","12":"product-type-simple"},"_links":{"self":[{"href":"https:\/\/www.myaquastore.com\/de\/wp-json\/wp\/v2\/product\/35876","targetHints":{"allow":["GET"]}}],"collection":[{"href":"https:\/\/www.myaquastore.com\/de\/wp-json\/wp\/v2\/product"}],"about":[{"href":"https:\/\/www.myaquastore.com\/de\/wp-json\/wp\/v2\/types\/product"}],"replies":[{"embeddable":true,"href":"https:\/\/www.myaquastore.com\/de\/wp-json\/wp\/v2\/comments?post=35876"}],"wp:featuredmedia":[{"embeddable":true,"href":"https:\/\/www.myaquastore.com\/de\/wp-json\/wp\/v2\/media\/4030"}],"wp:attachment":[{"href":"https:\/\/www.myaquastore.com\/de\/wp-json\/wp\/v2\/media?parent=35876"}],"wp:term":[{"taxonomy":"product_brand","embeddable":true,"href":"https:\/\/www.myaquastore.com\/de\/wp-json\/wp\/v2\/product_brand?post=35876"},{"taxonomy":"product_cat","embeddable":true,"href":"https:\/\/www.myaquastore.com\/de\/wp-json\/wp\/v2\/product_cat?post=35876"},{"taxonomy":"product_tag","embeddable":true,"href":"https:\/\/www.myaquastore.com\/de\/wp-json\/wp\/v2\/product_tag?post=35876"}],"curies":[{"name":"wp","href":"https:\/\/api.w.org\/{rel}","templated":true}]}}