{"id":35897,"date":"2016-09-25T23:28:08","date_gmt":"2016-09-25T23:28:08","guid":{"rendered":"https:\/\/www.myaquastore.com\/product\/boyu-suser-haustierkafig-aus-kunststoff-ap-03\/"},"modified":"2025-03-16T08:39:22","modified_gmt":"2025-03-16T08:39:22","slug":"boyu-suser-haustierkafig-aus-kunststoff-ap-03","status":"publish","type":"product","link":"https:\/\/www.myaquastore.com\/de\/produkt\/boyu-suser-haustierkafig-aus-kunststoff-ap-03\/","title":{"rendered":"BOYU s\u00fc\u00dfer Haustierk\u00e4fig aus Kunststoff AP-03"},"content":{"rendered":"<article class=\"article richtext richtext-detail AE:disable\" id=\"richTextContainer\">\n<div style=\"clear:both\">\n<p><span style=\"font-family: 'times new roman', times;font-size: 24px\">S\u00fc\u00dfer Haustierk\u00e4fig AP-03 aus Kunststoff von BOYU<\/span><br \/><span style=\"font-family: 'times new roman', times;font-size: 24px\">1. Die obere Abdeckung l\u00e4sst sich leicht demontieren<\/span><br \/><span style=\"font-family: 'times new roman', times;font-size: 24px\">2. Modedesign<\/span><\/p>\n<p><span style=\"font-family: 'times new roman', times;font-size: 24px\">3. Gr\u00f6\u00dfe ist 30x36x30,9(cm)<\/span><\/p>\n<p><span style=\"font-family: 'times new roman', times;font-size: 24px\">4. Haustierk\u00e4fig<\/span><\/p>\n<p><span style=\"font-family: 'times new roman', times;font-size: 24px\">5 Packungen sind 2 St\u00fcck pro Karton<\/span><\/p>\n<div style=\"clear:both\"><\/article>\n","protected":false},"excerpt":{"rendered":"<p>BOYU s\u00fc\u00dfer Haustierk\u00e4fig aus Kunststoff AP-03<\/p>\n","protected":false},"featured_media":4072,"comment_status":"open","ping_status":"closed","template":"","meta":[],"product_brand":[],"product_cat":[1299],"product_tag":[],"class_list":{"0":"post-35897","1":"product","2":"type-product","3":"status-publish","4":"has-post-thumbnail","6":"product_cat-aquariumfilter","8":"first","9":"instock","10":"shipping-taxable","11":"purchasable","12":"product-type-simple"},"_links":{"self":[{"href":"https:\/\/www.myaquastore.com\/de\/wp-json\/wp\/v2\/product\/35897","targetHints":{"allow":["GET"]}}],"collection":[{"href":"https:\/\/www.myaquastore.com\/de\/wp-json\/wp\/v2\/product"}],"about":[{"href":"https:\/\/www.myaquastore.com\/de\/wp-json\/wp\/v2\/types\/product"}],"replies":[{"embeddable":true,"href":"https:\/\/www.myaquastore.com\/de\/wp-json\/wp\/v2\/comments?post=35897"}],"wp:featuredmedia":[{"embeddable":true,"href":"https:\/\/www.myaquastore.com\/de\/wp-json\/wp\/v2\/media\/4072"}],"wp:attachment":[{"href":"https:\/\/www.myaquastore.com\/de\/wp-json\/wp\/v2\/media?parent=35897"}],"wp:term":[{"taxonomy":"product_brand","embeddable":true,"href":"https:\/\/www.myaquastore.com\/de\/wp-json\/wp\/v2\/product_brand?post=35897"},{"taxonomy":"product_cat","embeddable":true,"href":"https:\/\/www.myaquastore.com\/de\/wp-json\/wp\/v2\/product_cat?post=35897"},{"taxonomy":"product_tag","embeddable":true,"href":"https:\/\/www.myaquastore.com\/de\/wp-json\/wp\/v2\/product_tag?post=35897"}],"curies":[{"name":"wp","href":"https:\/\/api.w.org\/{rel}","templated":true}]}}