{"id":35946,"date":"2016-09-25T23:28:10","date_gmt":"2016-09-25T23:28:10","guid":{"rendered":"https:\/\/www.myaquastore.com\/product\/235-w-jebao-oko-teichwasserpumpe-smp-9500\/"},"modified":"2025-03-16T08:39:33","modified_gmt":"2025-03-16T08:39:33","slug":"235-w-jebao-oko-teichwasserpumpe-smp-9500","status":"publish","type":"product","link":"https:\/\/www.myaquastore.com\/de\/produkt\/235-w-jebao-oko-teichwasserpumpe-smp-9500\/","title":{"rendered":"235 W Jebao \u00d6ko-Teichwasserpumpe SMP-9500"},"content":{"rendered":"<article class=\"article richtext richtext-detail AE:disable\" id=\"richTextContainer\">\n<div style=\"clear:both\">\n<p><span style=\"font-family: 'times new roman', times;font-size: 24px\"> 235w Jebao \u00d6ko-Teichwasserpumpe SMP-9500 <\/span><\/p>\n<p><span style=\"font-family: 'times new roman', times;24px\">3.Kann Schmutzpartikel mit einer Gr\u00f6\u00dfe von bis zu 6 mm pumpen<\/span><br \/><span style=\"font-family: 'times new roman', times;font-size: 24px\">4.Verwendet einen verschlei\u00dffesten Keramikschaft, der \u00fcber einen l\u00e4ngeren Zeitraum verwendet werden kann.<\/span><\/p>\n<p><span style=\"font-family: 'times new roman', times;font-size: 24px\">5.Spannung ist 220V 50Hz<\/span><\/p>\n<\/p>\n<div style=\"clear:both\"><\/article>\n","protected":false},"excerpt":{"rendered":"<p>235 W Jebao \u00d6ko-Teichwasserpumpe SMP-9500<\/p>\n","protected":false},"featured_media":4168,"comment_status":"open","ping_status":"closed","template":"","meta":[],"product_brand":[],"product_cat":[1299],"product_tag":[],"class_list":{"0":"post-35946","1":"product","2":"type-product","3":"status-publish","4":"has-post-thumbnail","6":"product_cat-aquariumfilter","8":"first","9":"instock","10":"shipping-taxable","11":"purchasable","12":"product-type-simple"},"_links":{"self":[{"href":"https:\/\/www.myaquastore.com\/de\/wp-json\/wp\/v2\/product\/35946","targetHints":{"allow":["GET"]}}],"collection":[{"href":"https:\/\/www.myaquastore.com\/de\/wp-json\/wp\/v2\/product"}],"about":[{"href":"https:\/\/www.myaquastore.com\/de\/wp-json\/wp\/v2\/types\/product"}],"replies":[{"embeddable":true,"href":"https:\/\/www.myaquastore.com\/de\/wp-json\/wp\/v2\/comments?post=35946"}],"wp:featuredmedia":[{"embeddable":true,"href":"https:\/\/www.myaquastore.com\/de\/wp-json\/wp\/v2\/media\/4168"}],"wp:attachment":[{"href":"https:\/\/www.myaquastore.com\/de\/wp-json\/wp\/v2\/media?parent=35946"}],"wp:term":[{"taxonomy":"product_brand","embeddable":true,"href":"https:\/\/www.myaquastore.com\/de\/wp-json\/wp\/v2\/product_brand?post=35946"},{"taxonomy":"product_cat","embeddable":true,"href":"https:\/\/www.myaquastore.com\/de\/wp-json\/wp\/v2\/product_cat?post=35946"},{"taxonomy":"product_tag","embeddable":true,"href":"https:\/\/www.myaquastore.com\/de\/wp-json\/wp\/v2\/product_tag?post=35946"}],"curies":[{"name":"wp","href":"https:\/\/api.w.org\/{rel}","templated":true}]}}