{"id":35955,"date":"2016-09-25T23:28:10","date_gmt":"2016-09-25T23:28:10","guid":{"rendered":"https:\/\/www.myaquastore.com\/product\/125-w-jebao-super-eco-teichwasserpumpe-jsp-8000\/"},"modified":"2025-03-16T08:39:35","modified_gmt":"2025-03-16T08:39:35","slug":"125-w-jebao-super-eco-teichwasserpumpe-jsp-8000","status":"publish","type":"product","link":"https:\/\/www.myaquastore.com\/de\/produkt\/125-w-jebao-super-eco-teichwasserpumpe-jsp-8000\/","title":{"rendered":"125 W Jebao Super Eco Teichwasserpumpe JSP-8000"},"content":{"rendered":"<article class=\"article richtext richtext-detail AE:disable\" id=\"richTextContainer\">\n<div style=\"clear:both\">\n<p><span style=\"font-family: 'times new roman', times;font-size: 24px\"> 125w Jebao Super Eco Teichwasserpumpe JSP-8000 <\/span><\/p>\n<p><span style=\"font-family: 'times new roman', times;24px\">3.Kann Schmutzpartikel mit einer Gr\u00f6\u00dfe von bis zu 6 mm pumpen<\/span><br \/><span style=\"font-family: 'times new roman', times;font-size: 24px\">4.Verwendet einen verschlei\u00dffesten Keramikschaft, der \u00fcber einen l\u00e4ngeren Zeitraum verwendet werden kann.<\/span><\/p>\n<p><span style=\"font-family: 'times new roman', times;font-size: 24px\">5.Die Verpackung besteht aus 4 Teilen pro Karton<\/span><\/p>\n<\/p>\n<div style=\"clear:both\"><\/article>\n","protected":false},"excerpt":{"rendered":"<p>125 W Jebao Super Eco Teichwasserpumpe JSP-8000<\/p>\n","protected":false},"featured_media":4186,"comment_status":"open","ping_status":"closed","template":"","meta":[],"product_brand":[],"product_cat":[1299],"product_tag":[],"class_list":{"0":"post-35955","1":"product","2":"type-product","3":"status-publish","4":"has-post-thumbnail","6":"product_cat-aquariumfilter","8":"first","9":"instock","10":"shipping-taxable","11":"purchasable","12":"product-type-simple"},"_links":{"self":[{"href":"https:\/\/www.myaquastore.com\/de\/wp-json\/wp\/v2\/product\/35955","targetHints":{"allow":["GET"]}}],"collection":[{"href":"https:\/\/www.myaquastore.com\/de\/wp-json\/wp\/v2\/product"}],"about":[{"href":"https:\/\/www.myaquastore.com\/de\/wp-json\/wp\/v2\/types\/product"}],"replies":[{"embeddable":true,"href":"https:\/\/www.myaquastore.com\/de\/wp-json\/wp\/v2\/comments?post=35955"}],"wp:featuredmedia":[{"embeddable":true,"href":"https:\/\/www.myaquastore.com\/de\/wp-json\/wp\/v2\/media\/4186"}],"wp:attachment":[{"href":"https:\/\/www.myaquastore.com\/de\/wp-json\/wp\/v2\/media?parent=35955"}],"wp:term":[{"taxonomy":"product_brand","embeddable":true,"href":"https:\/\/www.myaquastore.com\/de\/wp-json\/wp\/v2\/product_brand?post=35955"},{"taxonomy":"product_cat","embeddable":true,"href":"https:\/\/www.myaquastore.com\/de\/wp-json\/wp\/v2\/product_cat?post=35955"},{"taxonomy":"product_tag","embeddable":true,"href":"https:\/\/www.myaquastore.com\/de\/wp-json\/wp\/v2\/product_tag?post=35955"}],"curies":[{"name":"wp","href":"https:\/\/api.w.org\/{rel}","templated":true}]}}