{"id":35967,"date":"2016-09-25T23:28:10","date_gmt":"2016-09-25T23:28:10","guid":{"rendered":"https:\/\/www.myaquastore.com\/product\/500-w-jebao-oko-koiteichpumpe\/"},"modified":"2025-03-16T08:39:38","modified_gmt":"2025-03-16T08:39:38","slug":"500-w-jebao-oko-koiteichpumpe","status":"publish","type":"product","link":"https:\/\/www.myaquastore.com\/de\/produkt\/500-w-jebao-oko-koiteichpumpe\/","title":{"rendered":"500 W Jebao \u00d6ko-Koiteichpumpe"},"content":{"rendered":"<article class=\"article richtext richtext-detail AE:disable\" id=\"richTextContainer\">\n<h2 class=\"article-title\">Spezifikationen<\/h2>\n<div style=\"clear:both\"> 500 W Jebao \u00d6ko-Koiteichpumpe <br \/>1 Energieeinsparung 50 % <br \/>2 Hohe Pumpenk\u00f6pfe und gr\u00f6\u00dferer Durchfluss <br \/>3 Lange Lebensdauer <br \/>4 Pumpe 6 mm Partikel <\/p>\n<div style=\"clear:both\">\n<p>500 W Jebao \u00d6ko-Koiteichpumpe<\/p>\n<p>1.Hochleistungs-Standard-Asynchronmotor mit neuem Design und Energieeinsparung um 50 % als zuvor.<br \/>2.Hohe Pumpenk\u00f6pfe und gr\u00f6\u00dferer Durchfluss<br \/>3.Kann Schmutzpartikel mit einer Gr\u00f6\u00dfe von bis zu 6 mm pumpen<br \/>4.Verschlei\u00dffeste Keramikwelle, die \u00fcber einen l\u00e4ngeren Zeitraum verwendet werden kann.<\/p>\n<div style=\"clear:both\"><\/article>\n","protected":false},"excerpt":{"rendered":"<p>500 W Jebao \u00d6ko-Koiteichpumpe<\/p>\n","protected":false},"featured_media":4210,"comment_status":"open","ping_status":"closed","template":"","meta":[],"product_brand":[],"product_cat":[1299],"product_tag":[],"class_list":{"0":"post-35967","1":"product","2":"type-product","3":"status-publish","4":"has-post-thumbnail","6":"product_cat-aquariumfilter","8":"first","9":"instock","10":"shipping-taxable","11":"purchasable","12":"product-type-simple"},"_links":{"self":[{"href":"https:\/\/www.myaquastore.com\/de\/wp-json\/wp\/v2\/product\/35967","targetHints":{"allow":["GET"]}}],"collection":[{"href":"https:\/\/www.myaquastore.com\/de\/wp-json\/wp\/v2\/product"}],"about":[{"href":"https:\/\/www.myaquastore.com\/de\/wp-json\/wp\/v2\/types\/product"}],"replies":[{"embeddable":true,"href":"https:\/\/www.myaquastore.com\/de\/wp-json\/wp\/v2\/comments?post=35967"}],"wp:featuredmedia":[{"embeddable":true,"href":"https:\/\/www.myaquastore.com\/de\/wp-json\/wp\/v2\/media\/4210"}],"wp:attachment":[{"href":"https:\/\/www.myaquastore.com\/de\/wp-json\/wp\/v2\/media?parent=35967"}],"wp:term":[{"taxonomy":"product_brand","embeddable":true,"href":"https:\/\/www.myaquastore.com\/de\/wp-json\/wp\/v2\/product_brand?post=35967"},{"taxonomy":"product_cat","embeddable":true,"href":"https:\/\/www.myaquastore.com\/de\/wp-json\/wp\/v2\/product_cat?post=35967"},{"taxonomy":"product_tag","embeddable":true,"href":"https:\/\/www.myaquastore.com\/de\/wp-json\/wp\/v2\/product_tag?post=35967"}],"curies":[{"name":"wp","href":"https:\/\/api.w.org\/{rel}","templated":true}]}}