{"id":35975,"date":"2016-09-25T23:28:10","date_gmt":"2016-09-25T23:28:10","guid":{"rendered":"https:\/\/www.myaquastore.com\/product\/95w-jebao-super-eco-teichpumpe-amp8500\/"},"modified":"2025-03-16T08:39:40","modified_gmt":"2025-03-16T08:39:40","slug":"95w-jebao-super-eco-teichpumpe-amp8500","status":"publish","type":"product","link":"https:\/\/www.myaquastore.com\/de\/produkt\/95w-jebao-super-eco-teichpumpe-amp8500\/","title":{"rendered":"95W Jebao Super Eco Teichpumpe AMP8500"},"content":{"rendered":"<article class=\"article richtext richtext-detail AE:disable\" id=\"richTextContainer\">\n<div style=\"clear:both\">\n<p><span style=\"font-family: 'times new roman', times;font-size: 24px\"> 95W Jebao Super Eco Teichpumpe AMP8500 <\/span><\/p>\n<p>&lt;span style=&quot;font-family: &#039;times new roman&#039;, times; Schriftgr\u00f6\u00dfe: 24px; Schmutzpartikel mit einer Gr\u00f6\u00dfe von bis zu 6 mm<\/span><br \/><span style=\"font-family: 'times new roman', times;font-size: 24px\">4.Verwenden Sie einen verschlei\u00dffesten Keramikschaft, der \u00fcber einen l\u00e4ngeren Zeitraum verwendet werden kann.<\/span><\/p>\n<div style=\"clear:both\"><\/article>\n","protected":false},"excerpt":{"rendered":"<p>95W Jebao Super Eco Teichpumpe AMP8500<\/p>\n","protected":false},"featured_media":4227,"comment_status":"open","ping_status":"closed","template":"","meta":[],"product_brand":[],"product_cat":[1299],"product_tag":[],"class_list":{"0":"post-35975","1":"product","2":"type-product","3":"status-publish","4":"has-post-thumbnail","6":"product_cat-aquariumfilter","8":"first","9":"instock","10":"shipping-taxable","11":"purchasable","12":"product-type-simple"},"_links":{"self":[{"href":"https:\/\/www.myaquastore.com\/de\/wp-json\/wp\/v2\/product\/35975","targetHints":{"allow":["GET"]}}],"collection":[{"href":"https:\/\/www.myaquastore.com\/de\/wp-json\/wp\/v2\/product"}],"about":[{"href":"https:\/\/www.myaquastore.com\/de\/wp-json\/wp\/v2\/types\/product"}],"replies":[{"embeddable":true,"href":"https:\/\/www.myaquastore.com\/de\/wp-json\/wp\/v2\/comments?post=35975"}],"wp:featuredmedia":[{"embeddable":true,"href":"https:\/\/www.myaquastore.com\/de\/wp-json\/wp\/v2\/media\/4227"}],"wp:attachment":[{"href":"https:\/\/www.myaquastore.com\/de\/wp-json\/wp\/v2\/media?parent=35975"}],"wp:term":[{"taxonomy":"product_brand","embeddable":true,"href":"https:\/\/www.myaquastore.com\/de\/wp-json\/wp\/v2\/product_brand?post=35975"},{"taxonomy":"product_cat","embeddable":true,"href":"https:\/\/www.myaquastore.com\/de\/wp-json\/wp\/v2\/product_cat?post=35975"},{"taxonomy":"product_tag","embeddable":true,"href":"https:\/\/www.myaquastore.com\/de\/wp-json\/wp\/v2\/product_tag?post=35975"}],"curies":[{"name":"wp","href":"https:\/\/api.w.org\/{rel}","templated":true}]}}