{"id":36036,"date":"2016-09-25T23:28:12","date_gmt":"2016-09-25T23:28:12","guid":{"rendered":"https:\/\/www.myaquastore.com\/product\/rs-aquarium-luftpumpe-rs-9902\/"},"modified":"2025-03-16T08:39:54","modified_gmt":"2025-03-16T08:39:54","slug":"rs-aquarium-luftpumpe-rs-9902","status":"publish","type":"product","link":"https:\/\/www.myaquastore.com\/de\/produkt\/rs-aquarium-luftpumpe-rs-9902\/","title":{"rendered":"RS Aquarium-Luftpumpe RS-9902"},"content":{"rendered":"<article class=\"article richtext richtext-detail AE:disable\" id=\"richTextContainer\">\n<h2 class=\"article-title\">Spezifikationen<\/h2>\n<div style=\"clear:both\"> RS Aquarium-Luftpumpe RS-9902 <br \/>1 lange Lebensdauer <br \/>2 ruhig, energiesparend <br \/>3 gleichm\u00e4\u00dfige Luftleistung und Druck <br \/>4 einfach einzurichten <\/p>\n<div style=\"clear:both\">\n<p>RS Aquarium-Luftpumpe RS-9902<\/p>\n<p>1. verf\u00fcgen \u00fcber ein fortschrittliches Luftkompressionssystem, ein D\u00e4mpfungssystem und einen mehrstufigen Schalld\u00e4mpfer, der extrem ger\u00e4uscharm ist.<\/p>\n<p>2. Verwenden Sie speziellen Kunstkautschuk, um die Luftleistung und den Luftdruck konstant zu halten.<\/p>\n<p>3. Die Struktur ist vern\u00fcnftig und kompakt, sie hat eine lange Lebensdauer und erzielt die beste Wirkung bei niedrigstem Stromverbrauch<\/p>\n<p>4. Gr\u00f6\u00dfe: 195 * 145 * 95 mm<\/p>\n<div style=\"clear:both\"><\/article>\n","protected":false},"excerpt":{"rendered":"<p>RS Aquarium-Luftpumpe RS-9902<\/p>\n","protected":false},"featured_media":4344,"comment_status":"open","ping_status":"closed","template":"","meta":[],"product_brand":[],"product_cat":[1299],"product_tag":[],"class_list":{"0":"post-36036","1":"product","2":"type-product","3":"status-publish","4":"has-post-thumbnail","6":"product_cat-aquariumfilter","8":"first","9":"instock","10":"shipping-taxable","11":"purchasable","12":"product-type-simple"},"_links":{"self":[{"href":"https:\/\/www.myaquastore.com\/de\/wp-json\/wp\/v2\/product\/36036","targetHints":{"allow":["GET"]}}],"collection":[{"href":"https:\/\/www.myaquastore.com\/de\/wp-json\/wp\/v2\/product"}],"about":[{"href":"https:\/\/www.myaquastore.com\/de\/wp-json\/wp\/v2\/types\/product"}],"replies":[{"embeddable":true,"href":"https:\/\/www.myaquastore.com\/de\/wp-json\/wp\/v2\/comments?post=36036"}],"wp:featuredmedia":[{"embeddable":true,"href":"https:\/\/www.myaquastore.com\/de\/wp-json\/wp\/v2\/media\/4344"}],"wp:attachment":[{"href":"https:\/\/www.myaquastore.com\/de\/wp-json\/wp\/v2\/media?parent=36036"}],"wp:term":[{"taxonomy":"product_brand","embeddable":true,"href":"https:\/\/www.myaquastore.com\/de\/wp-json\/wp\/v2\/product_brand?post=36036"},{"taxonomy":"product_cat","embeddable":true,"href":"https:\/\/www.myaquastore.com\/de\/wp-json\/wp\/v2\/product_cat?post=36036"},{"taxonomy":"product_tag","embeddable":true,"href":"https:\/\/www.myaquastore.com\/de\/wp-json\/wp\/v2\/product_tag?post=36036"}],"curies":[{"name":"wp","href":"https:\/\/api.w.org\/{rel}","templated":true}]}}