{"id":37075,"date":"2016-09-25T23:28:12","date_gmt":"2016-09-25T23:28:12","guid":{"rendered":"https:\/\/www.myaquastore.com\/product\/boyu-prazises-orp-testmessgerat-fur-aquarienstifte\/"},"modified":"2025-03-16T08:46:03","modified_gmt":"2025-03-16T08:46:03","slug":"boyu-prazises-orp-testmessgerat-fur-aquarienstifte","status":"publish","type":"product","link":"https:\/\/www.myaquastore.com\/de\/produkt\/boyu-prazises-orp-testmessgerat-fur-aquarienstifte\/","title":{"rendered":"BOYU pr\u00e4zises Orp-Testmessger\u00e4t f\u00fcr Aquarienstifte"},"content":{"rendered":"<article class=\"article richtext richtext-detail AE:disable\" id=\"richTextContainer\">\n<div style=\"clear:both\">\n<p><span style=\"font-family: 'times new roman', times;font-size: 24px\"> BOYU genaues ORP-Testmessger\u00e4t f\u00fcr Aquarienstifte<\/span><br \/><span style=\"font-family: 'times new roman', times\">1.Hohe Genauigkeit<\/span><br \/><span style=\"font-family: 'times new roman', times;font-size: 24px\">Langlebiges, genaues Orp-Messger\u00e4t<\/span><\/p>\n<p><span style=\"font-family: 'times new roman', times;font-size: 24px\">3.Fit f\u00fcr S\u00fc\u00dfwasser und Salzwasser<\/span><\/p>\n<p><span>4.Testbereich:??1500mv<\/span><\/p>\n<p><span>8.Umgebungstemperatur:0??C-50??C<\/span><\/p>\n<p><span style=\"font-family: 'times new roman', times\">9.Gewicht:80g<\/span><\/p>\n<div style=\"clear:both\"><\/article>\n","protected":false},"excerpt":{"rendered":"<p>BOYU pr\u00e4zises Orp-Testmessger\u00e4t f\u00fcr Aquarienstifte<\/p>\n","protected":false},"featured_media":4418,"comment_status":"open","ping_status":"closed","template":"","meta":[],"product_brand":[],"product_cat":[1299],"product_tag":[],"class_list":{"0":"post-37075","1":"product","2":"type-product","3":"status-publish","4":"has-post-thumbnail","6":"product_cat-aquariumfilter","8":"first","9":"instock","10":"shipping-taxable","11":"purchasable","12":"product-type-simple"},"_links":{"self":[{"href":"https:\/\/www.myaquastore.com\/de\/wp-json\/wp\/v2\/product\/37075","targetHints":{"allow":["GET"]}}],"collection":[{"href":"https:\/\/www.myaquastore.com\/de\/wp-json\/wp\/v2\/product"}],"about":[{"href":"https:\/\/www.myaquastore.com\/de\/wp-json\/wp\/v2\/types\/product"}],"replies":[{"embeddable":true,"href":"https:\/\/www.myaquastore.com\/de\/wp-json\/wp\/v2\/comments?post=37075"}],"wp:featuredmedia":[{"embeddable":true,"href":"https:\/\/www.myaquastore.com\/de\/wp-json\/wp\/v2\/media\/4418"}],"wp:attachment":[{"href":"https:\/\/www.myaquastore.com\/de\/wp-json\/wp\/v2\/media?parent=37075"}],"wp:term":[{"taxonomy":"product_brand","embeddable":true,"href":"https:\/\/www.myaquastore.com\/de\/wp-json\/wp\/v2\/product_brand?post=37075"},{"taxonomy":"product_cat","embeddable":true,"href":"https:\/\/www.myaquastore.com\/de\/wp-json\/wp\/v2\/product_cat?post=37075"},{"taxonomy":"product_tag","embeddable":true,"href":"https:\/\/www.myaquastore.com\/de\/wp-json\/wp\/v2\/product_tag?post=37075"}],"curies":[{"name":"wp","href":"https:\/\/api.w.org\/{rel}","templated":true}]}}