{"id":37099,"date":"2016-09-25T23:28:12","date_gmt":"2016-09-25T23:28:12","guid":{"rendered":"https:\/\/www.myaquastore.com\/product\/weipro-sonpar-aquarium-eiweisabschaumer-sa-2015\/"},"modified":"2025-03-16T08:46:08","modified_gmt":"2025-03-16T08:46:08","slug":"weipro-sonpar-aquarium-eiweisabschaumer-sa-2015","status":"publish","type":"product","link":"https:\/\/www.myaquastore.com\/de\/produkt\/weipro-sonpar-aquarium-eiweisabschaumer-sa-2015\/","title":{"rendered":"WEIPRO SONPAR Aquarium-Eiwei\u00dfabsch\u00e4umer SA-2015"},"content":{"rendered":"<article class=\"article richtext richtext-detail AE:disable\" id=\"richTextContainer\">\n<h2 class=\"article-title\">Spezifikationen<\/h2>\n<div style=\"clear:both\"> WEIPRO SONPAR Aquarium-Eiwei\u00dfabsch\u00e4umer SA-2015 <br \/>1.Nachahmung der nat\u00fcrlichen Zoologie. <br \/>2. Sichere und zuverl\u00e4ssige Qualit\u00e4t mit Ger\u00e4t im Inneren <\/p>\n<div style=\"clear:both\">\n<p>WEIPRO SONPAR Aquarium-Eiwei\u00dfabsch\u00e4umer SA-2015<\/p>\n<p>1. H\u00e4ngender Skimmer im Sonderdesign f\u00fcr Salzwassertanks. <br \/>2. Design des Wirbelabscheiders mit Wasserdruckeinspritzung, der die Schadstoffe aus dem Wasser hochgradig trennt.<br \/>3. Doppelte Isolierung, Kombination aus Trennung und Filterung<br \/>4. Regulierung des Wasserstands<br \/>5. Geeignet f\u00fcr alle Arten von 150-760-Liter-Meerestanks<br \/>6. Der meistverkaufte und beliebteste Skimmer auf dem aktuellen chinesischen Markt<\/p>\n<\/p>\n<div style=\"clear:both\"><\/article>\n","protected":false},"excerpt":{"rendered":"<p>WEIPRO SONPAR Aquarium-Eiwei\u00dfabsch\u00e4umer SA-2015<\/p>\n","protected":false},"featured_media":4467,"comment_status":"open","ping_status":"closed","template":"","meta":[],"product_brand":[],"product_cat":[1299],"product_tag":[],"class_list":{"0":"post-37099","1":"product","2":"type-product","3":"status-publish","4":"has-post-thumbnail","6":"product_cat-aquariumfilter","8":"first","9":"instock","10":"shipping-taxable","11":"purchasable","12":"product-type-simple"},"_links":{"self":[{"href":"https:\/\/www.myaquastore.com\/de\/wp-json\/wp\/v2\/product\/37099","targetHints":{"allow":["GET"]}}],"collection":[{"href":"https:\/\/www.myaquastore.com\/de\/wp-json\/wp\/v2\/product"}],"about":[{"href":"https:\/\/www.myaquastore.com\/de\/wp-json\/wp\/v2\/types\/product"}],"replies":[{"embeddable":true,"href":"https:\/\/www.myaquastore.com\/de\/wp-json\/wp\/v2\/comments?post=37099"}],"wp:featuredmedia":[{"embeddable":true,"href":"https:\/\/www.myaquastore.com\/de\/wp-json\/wp\/v2\/media\/4467"}],"wp:attachment":[{"href":"https:\/\/www.myaquastore.com\/de\/wp-json\/wp\/v2\/media?parent=37099"}],"wp:term":[{"taxonomy":"product_brand","embeddable":true,"href":"https:\/\/www.myaquastore.com\/de\/wp-json\/wp\/v2\/product_brand?post=37099"},{"taxonomy":"product_cat","embeddable":true,"href":"https:\/\/www.myaquastore.com\/de\/wp-json\/wp\/v2\/product_cat?post=37099"},{"taxonomy":"product_tag","embeddable":true,"href":"https:\/\/www.myaquastore.com\/de\/wp-json\/wp\/v2\/product_tag?post=37099"}],"curies":[{"name":"wp","href":"https:\/\/api.w.org\/{rel}","templated":true}]}}