{"id":37105,"date":"2016-09-25T23:28:13","date_gmt":"2016-09-25T23:28:13","guid":{"rendered":"https:\/\/www.myaquastore.com\/product\/36w-jebao-leistungsstarke-uv-strahlungslampe-pu36\/"},"modified":"2025-03-16T08:46:09","modified_gmt":"2025-03-16T08:46:09","slug":"36w-jebao-leistungsstarke-uv-strahlungslampe-pu36","status":"publish","type":"product","link":"https:\/\/www.myaquastore.com\/de\/produkt\/36w-jebao-leistungsstarke-uv-strahlungslampe-pu36\/","title":{"rendered":"36W Jebao leistungsstarke UV-Strahlungslampe PU36"},"content":{"rendered":"<article class=\"article richtext richtext-detail AE:disable\" id=\"richTextContainer\">\n<div style=\"clear:both\">\n<p><span style=\"font-family: 'times new roman', times;font-size: 24px\"> 36W Jebao leistungsstarke UV-Strahlungslampe PU36<\/span><br \/>&lt;span style=&quot;font-family: &#039;times new roman&#039;, times; font-size: 24 px; Der Schwanz kann um 360 Grad gedreht werden, einfache Installation, das Ende der kleinen L\u00f6cher ist mit transparentem UV-Licht abgedeckt, um die Arbeitsbedingungen zu \u00fcberpr\u00fcfen St\u00fcck\/Karton<\/span><\/p>\n<div style=\"clear:both\"><\/article>\n","protected":false},"excerpt":{"rendered":"<p>36W Jebao leistungsstarke UV-Strahlungslampe PU36<\/p>\n","protected":false},"featured_media":4479,"comment_status":"open","ping_status":"closed","template":"","meta":[],"product_brand":[],"product_cat":[1299],"product_tag":[],"class_list":{"0":"post-37105","1":"product","2":"type-product","3":"status-publish","4":"has-post-thumbnail","6":"product_cat-aquariumfilter","8":"first","9":"instock","10":"shipping-taxable","11":"purchasable","12":"product-type-simple"},"_links":{"self":[{"href":"https:\/\/www.myaquastore.com\/de\/wp-json\/wp\/v2\/product\/37105","targetHints":{"allow":["GET"]}}],"collection":[{"href":"https:\/\/www.myaquastore.com\/de\/wp-json\/wp\/v2\/product"}],"about":[{"href":"https:\/\/www.myaquastore.com\/de\/wp-json\/wp\/v2\/types\/product"}],"replies":[{"embeddable":true,"href":"https:\/\/www.myaquastore.com\/de\/wp-json\/wp\/v2\/comments?post=37105"}],"wp:featuredmedia":[{"embeddable":true,"href":"https:\/\/www.myaquastore.com\/de\/wp-json\/wp\/v2\/media\/4479"}],"wp:attachment":[{"href":"https:\/\/www.myaquastore.com\/de\/wp-json\/wp\/v2\/media?parent=37105"}],"wp:term":[{"taxonomy":"product_brand","embeddable":true,"href":"https:\/\/www.myaquastore.com\/de\/wp-json\/wp\/v2\/product_brand?post=37105"},{"taxonomy":"product_cat","embeddable":true,"href":"https:\/\/www.myaquastore.com\/de\/wp-json\/wp\/v2\/product_cat?post=37105"},{"taxonomy":"product_tag","embeddable":true,"href":"https:\/\/www.myaquastore.com\/de\/wp-json\/wp\/v2\/product_tag?post=37105"}],"curies":[{"name":"wp","href":"https:\/\/api.w.org\/{rel}","templated":true}]}}