{"id":37140,"date":"2016-09-25T23:28:14","date_gmt":"2016-09-25T23:28:14","guid":{"rendered":"https:\/\/www.myaquastore.com\/product\/15w-sobo-fashion-aquarium-uv-lampe\/"},"modified":"2025-03-16T08:46:17","modified_gmt":"2025-03-16T08:46:17","slug":"15w-sobo-fashion-aquarium-uv-lampe","status":"publish","type":"product","link":"https:\/\/www.myaquastore.com\/de\/produkt\/15w-sobo-fashion-aquarium-uv-lampe\/","title":{"rendered":"15W SOBO Fashion Aquarium UV-Lampe"},"content":{"rendered":"<article class=\"article richtext richtext-detail AE:disable\" id=\"richTextContainer\">\n<h2 class=\"article-title\">Spezifikationen<\/h2>\n<div style=\"clear:both\"> 15W SOBO Fashion Aquarium UV-Lampe <br \/>1. hochwertige Quarzglasr\u00f6hre, sichere und effektive Sterilisation <br \/>2. lange Lebensdauer <\/p>\n<div style=\"clear:both\">\n<p> 15 W SOBO Mode-Aquarium-UV-Lampe <\/p>\n<ol>\n<li>Verschiedene Modelle und Gr\u00f6\u00dfen erh\u00e4ltlich f\u00fcr die Wasseraufbereitung von Teichen, Schwimmb\u00e4dern usw.<\/li>\n<li>Verwendung hochwertiger Quarzglasr\u00f6hren, die vom Wasser getrennt sind, um die Wirksamkeit der UV-Behandlung zu verbessern und eine gute Strahlung zu erzielen Permeation.<\/li>\n<li>Einsatz hochwertiger UVC-UV-Strahlung, gute Sterilisation und lange Lebensdauer.<\/li>\n<li>Verpackung: 10 St\u00fcck\/Karton<\/li>\n<li>Liefertermin: 5 Tage<\/li>\n<li>Herkunftsort: Provinz Guangdong, China<\/li>\n<\/ol>\n<div style=\"clear:both\"><\/article>\n","protected":false},"excerpt":{"rendered":"<p>15W SOBO Fashion Aquarium UV-Lampe<\/p>\n","protected":false},"featured_media":4549,"comment_status":"open","ping_status":"closed","template":"","meta":[],"product_brand":[],"product_cat":[1299],"product_tag":[],"class_list":{"0":"post-37140","1":"product","2":"type-product","3":"status-publish","4":"has-post-thumbnail","6":"product_cat-aquariumfilter","8":"first","9":"instock","10":"shipping-taxable","11":"purchasable","12":"product-type-simple"},"_links":{"self":[{"href":"https:\/\/www.myaquastore.com\/de\/wp-json\/wp\/v2\/product\/37140","targetHints":{"allow":["GET"]}}],"collection":[{"href":"https:\/\/www.myaquastore.com\/de\/wp-json\/wp\/v2\/product"}],"about":[{"href":"https:\/\/www.myaquastore.com\/de\/wp-json\/wp\/v2\/types\/product"}],"replies":[{"embeddable":true,"href":"https:\/\/www.myaquastore.com\/de\/wp-json\/wp\/v2\/comments?post=37140"}],"wp:featuredmedia":[{"embeddable":true,"href":"https:\/\/www.myaquastore.com\/de\/wp-json\/wp\/v2\/media\/4549"}],"wp:attachment":[{"href":"https:\/\/www.myaquastore.com\/de\/wp-json\/wp\/v2\/media?parent=37140"}],"wp:term":[{"taxonomy":"product_brand","embeddable":true,"href":"https:\/\/www.myaquastore.com\/de\/wp-json\/wp\/v2\/product_brand?post=37140"},{"taxonomy":"product_cat","embeddable":true,"href":"https:\/\/www.myaquastore.com\/de\/wp-json\/wp\/v2\/product_cat?post=37140"},{"taxonomy":"product_tag","embeddable":true,"href":"https:\/\/www.myaquastore.com\/de\/wp-json\/wp\/v2\/product_tag?post=37140"}],"curies":[{"name":"wp","href":"https:\/\/api.w.org\/{rel}","templated":true}]}}