{"id":37151,"date":"2016-09-25T23:28:15","date_gmt":"2016-09-25T23:28:15","guid":{"rendered":"https:\/\/www.myaquastore.com\/product\/250w-neue-sobo-tauchwasserpumpe\/"},"modified":"2025-03-16T08:46:20","modified_gmt":"2025-03-16T08:46:20","slug":"250w-neue-sobo-tauchwasserpumpe","status":"publish","type":"product","link":"https:\/\/www.myaquastore.com\/de\/produkt\/250w-neue-sobo-tauchwasserpumpe\/","title":{"rendered":"250W neue SOBO Tauchwasserpumpe"},"content":{"rendered":"<article class=\"article richtext richtext-detail AE:disable\" id=\"richTextContainer\">\n<h2 class=\"article-title\">Spezifikationen<\/h2>\n<div style=\"clear:both\"> 250 W neue SOBO-Tauchwasserpumpe <br \/>1 Leise, sicher, energieeffizient und leistungsstark <br \/>2 einfache Einrichtung <br \/>3 geeignet f\u00fcr S\u00fc\u00df- und Meerwasser <\/p>\n<div style=\"clear:both\">\n<p>250W neue SOBO Tauchwasserpumpe<br \/> 1. Leise, sicher, energieeffizient und leistungsstark<br \/>2. Einfache Einrichtung <br \/>3. Geeignet f\u00fcr S\u00fc\u00df- und Meerwasser4. Ein herausragendes Filtersystem.<\/p>\n<p>4. Parameter (220\u2013240 V, 50 Hz)<\/p>\n<p>5. Material:Edelstahl<\/p>\n<p>6.Verpackung:4 St\u00fcck\/Karton<\/p>\n<\/p>\n<\/p>\n<div style=\"clear:both\"><\/article>\n","protected":false},"excerpt":{"rendered":"<p>250W neue SOBO Tauchwasserpumpe<\/p>\n","protected":false},"featured_media":4571,"comment_status":"open","ping_status":"closed","template":"","meta":[],"product_brand":[],"product_cat":[1299],"product_tag":[],"class_list":{"0":"post-37151","1":"product","2":"type-product","3":"status-publish","4":"has-post-thumbnail","6":"product_cat-aquariumfilter","8":"first","9":"instock","10":"shipping-taxable","11":"purchasable","12":"product-type-simple"},"_links":{"self":[{"href":"https:\/\/www.myaquastore.com\/de\/wp-json\/wp\/v2\/product\/37151","targetHints":{"allow":["GET"]}}],"collection":[{"href":"https:\/\/www.myaquastore.com\/de\/wp-json\/wp\/v2\/product"}],"about":[{"href":"https:\/\/www.myaquastore.com\/de\/wp-json\/wp\/v2\/types\/product"}],"replies":[{"embeddable":true,"href":"https:\/\/www.myaquastore.com\/de\/wp-json\/wp\/v2\/comments?post=37151"}],"wp:featuredmedia":[{"embeddable":true,"href":"https:\/\/www.myaquastore.com\/de\/wp-json\/wp\/v2\/media\/4571"}],"wp:attachment":[{"href":"https:\/\/www.myaquastore.com\/de\/wp-json\/wp\/v2\/media?parent=37151"}],"wp:term":[{"taxonomy":"product_brand","embeddable":true,"href":"https:\/\/www.myaquastore.com\/de\/wp-json\/wp\/v2\/product_brand?post=37151"},{"taxonomy":"product_cat","embeddable":true,"href":"https:\/\/www.myaquastore.com\/de\/wp-json\/wp\/v2\/product_cat?post=37151"},{"taxonomy":"product_tag","embeddable":true,"href":"https:\/\/www.myaquastore.com\/de\/wp-json\/wp\/v2\/product_tag?post=37151"}],"curies":[{"name":"wp","href":"https:\/\/api.w.org\/{rel}","templated":true}]}}