{"id":37167,"date":"2016-09-25T23:28:15","date_gmt":"2016-09-25T23:28:15","guid":{"rendered":"https:\/\/www.myaquastore.com\/product\/neue-sobo-aquarien-antriebskopfe-wp880\/"},"modified":"2025-03-16T08:46:24","modified_gmt":"2025-03-16T08:46:24","slug":"neue-sobo-aquarien-antriebskopfe-wp880","status":"publish","type":"product","link":"https:\/\/www.myaquastore.com\/de\/produkt\/neue-sobo-aquarien-antriebskopfe-wp880\/","title":{"rendered":"neue SOBO Aquarien-Antriebsk\u00f6pfe WP880"},"content":{"rendered":"<article class=\"article richtext richtext-detail AE:disable\" id=\"richTextContainer\">\n<h2 class=\"article-title\">Spezifikationen<\/h2>\n<div style=\"clear:both\"> neue SOBO Aquarien-Antriebsk\u00f6pfe WP880 <br \/>1 Leise, sicher, energieeffizient und leistungsstark <br \/>2 Einfache Einrichtung <br \/>3 Geeignet f\u00fcr S\u00fc\u00df- und Meerwasser <\/p>\n<div style=\"clear:both\">\n<p>Neue SOBO-Aquarien-Antriebsk\u00f6pfe WP880<\/p>\n<p> 1 Leise, sicher, energieeffizient und leistungsstark<br \/>2 Einfache Einrichtung <br \/>3 Geeignet f\u00fcr S\u00fc\u00df- und Meerwasser4 Eindeutig ein \u00fcberlegenes Filtersystem<\/p>\n<p>4 Parameter (220\u2013240 V, 50 Hz)<\/p>\n<p>5 Verpackung: 36 St\u00fcck\/Karton<\/p>\n<\/p>\n<\/p>\n<div style=\"clear:both\"><\/article>\n","protected":false},"excerpt":{"rendered":"<p>neue SOBO Aquarien-Antriebsk\u00f6pfe WP880<\/p>\n","protected":false},"featured_media":4603,"comment_status":"open","ping_status":"closed","template":"","meta":[],"product_brand":[],"product_cat":[1299],"product_tag":[],"class_list":{"0":"post-37167","1":"product","2":"type-product","3":"status-publish","4":"has-post-thumbnail","6":"product_cat-aquariumfilter","8":"first","9":"instock","10":"shipping-taxable","11":"purchasable","12":"product-type-simple"},"_links":{"self":[{"href":"https:\/\/www.myaquastore.com\/de\/wp-json\/wp\/v2\/product\/37167","targetHints":{"allow":["GET"]}}],"collection":[{"href":"https:\/\/www.myaquastore.com\/de\/wp-json\/wp\/v2\/product"}],"about":[{"href":"https:\/\/www.myaquastore.com\/de\/wp-json\/wp\/v2\/types\/product"}],"replies":[{"embeddable":true,"href":"https:\/\/www.myaquastore.com\/de\/wp-json\/wp\/v2\/comments?post=37167"}],"wp:featuredmedia":[{"embeddable":true,"href":"https:\/\/www.myaquastore.com\/de\/wp-json\/wp\/v2\/media\/4603"}],"wp:attachment":[{"href":"https:\/\/www.myaquastore.com\/de\/wp-json\/wp\/v2\/media?parent=37167"}],"wp:term":[{"taxonomy":"product_brand","embeddable":true,"href":"https:\/\/www.myaquastore.com\/de\/wp-json\/wp\/v2\/product_brand?post=37167"},{"taxonomy":"product_cat","embeddable":true,"href":"https:\/\/www.myaquastore.com\/de\/wp-json\/wp\/v2\/product_cat?post=37167"},{"taxonomy":"product_tag","embeddable":true,"href":"https:\/\/www.myaquastore.com\/de\/wp-json\/wp\/v2\/product_tag?post=37167"}],"curies":[{"name":"wp","href":"https:\/\/api.w.org\/{rel}","templated":true}]}}