{"id":37197,"date":"2016-09-25T23:28:15","date_gmt":"2016-09-25T23:28:15","guid":{"rendered":"https:\/\/www.myaquastore.com\/product\/yinsheng-automatischer-fischfutterspender-t8800\/"},"modified":"2025-03-16T08:46:31","modified_gmt":"2025-03-16T08:46:31","slug":"yinsheng-automatischer-fischfutterspender-t8800","status":"publish","type":"product","link":"https:\/\/www.myaquastore.com\/de\/produkt\/yinsheng-automatischer-fischfutterspender-t8800\/","title":{"rendered":"YINSHENG automatischer Fischfutterspender T8800"},"content":{"rendered":"<article class=\"article richtext richtext-detail AE:disable\" id=\"richTextContainer\">\n<div style=\"clear:both\">\n<p><span style=\"font-family: 'times new roman', times;font-size: 24px\">YINSHENG automatischer Fischfutterspender T8800<\/span><br \/><span style=\"font-family: 'times new roman', times;font-size: 24px\">1. Es kann trockenes, loses Flocken- und Pelletfutter verwendet werden<\/span><\/p>\n<p><span style=\"font-family: 'times new roman', times;font-size: 24px\">2. Ideal f\u00fcr verschiedene Aquariengr\u00f6\u00dfen<\/span><\/p>\n<p><span style=\"font-family: 'times new roman', times;font-size: 24px\">3. Digitaler Timer zum Einrichten regelm\u00e4\u00dfiger F\u00fctterungsprogramme<\/span><\/p>\n<p><span style=\"font-family: 'times new roman', times;font-size: 24px\">4. Einzigartiges System, um zu verhindern, dass Lebensmittel im Spender befeuchtet werden oder verstopfen<\/span><\/p>\n<p><span style=\"font-family: 'times new roman', times;font-size: 24px\">5. Kann automatisch oder manuell betrieben werden, was die Fischhaltung erleichtert<\/span><\/p>\n<div style=\"clear:both\"><\/article>\n","protected":false},"excerpt":{"rendered":"<p>YINSHENG automatischer Fischfutterspender T8800<\/p>\n","protected":false},"featured_media":4663,"comment_status":"open","ping_status":"closed","template":"","meta":[],"product_brand":[],"product_cat":[1299],"product_tag":[],"class_list":{"0":"post-37197","1":"product","2":"type-product","3":"status-publish","4":"has-post-thumbnail","6":"product_cat-aquariumfilter","8":"first","9":"instock","10":"shipping-taxable","11":"purchasable","12":"product-type-simple"},"_links":{"self":[{"href":"https:\/\/www.myaquastore.com\/de\/wp-json\/wp\/v2\/product\/37197","targetHints":{"allow":["GET"]}}],"collection":[{"href":"https:\/\/www.myaquastore.com\/de\/wp-json\/wp\/v2\/product"}],"about":[{"href":"https:\/\/www.myaquastore.com\/de\/wp-json\/wp\/v2\/types\/product"}],"replies":[{"embeddable":true,"href":"https:\/\/www.myaquastore.com\/de\/wp-json\/wp\/v2\/comments?post=37197"}],"wp:featuredmedia":[{"embeddable":true,"href":"https:\/\/www.myaquastore.com\/de\/wp-json\/wp\/v2\/media\/4663"}],"wp:attachment":[{"href":"https:\/\/www.myaquastore.com\/de\/wp-json\/wp\/v2\/media?parent=37197"}],"wp:term":[{"taxonomy":"product_brand","embeddable":true,"href":"https:\/\/www.myaquastore.com\/de\/wp-json\/wp\/v2\/product_brand?post=37197"},{"taxonomy":"product_cat","embeddable":true,"href":"https:\/\/www.myaquastore.com\/de\/wp-json\/wp\/v2\/product_cat?post=37197"},{"taxonomy":"product_tag","embeddable":true,"href":"https:\/\/www.myaquastore.com\/de\/wp-json\/wp\/v2\/product_tag?post=37197"}],"curies":[{"name":"wp","href":"https:\/\/api.w.org\/{rel}","templated":true}]}}