{"id":37205,"date":"2016-09-25T23:28:15","date_gmt":"2016-09-25T23:28:15","guid":{"rendered":"https:\/\/www.myaquastore.com\/product\/boyu-leistungsstarke-uv-keimtotende-lampe-uvc40\/"},"modified":"2025-03-16T08:46:33","modified_gmt":"2025-03-16T08:46:33","slug":"boyu-leistungsstarke-uv-keimtotende-lampe-uvc40","status":"publish","type":"product","link":"https:\/\/www.myaquastore.com\/de\/produkt\/boyu-leistungsstarke-uv-keimtotende-lampe-uvc40\/","title":{"rendered":"BOYU leistungsstarke UV-keimt\u00f6tende Lampe UVC40"},"content":{"rendered":"<article class=\"article richtext richtext-detail AE:disable\" id=\"richTextContainer\">\n<div style=\"clear:both\">\n<p><span style=\"font-family: 'times new roman', times;font-size: 24px\"> BOYU leistungsstarke keimt\u00f6tende UV-Lampe UVC40 <\/span><\/p>\n<p><span>4.R\u00f6ntgen-UV-Licht verwenden Sie eine UV-C-Quarzglasr\u00f6hre, hohe Durchl\u00e4ssigkeit f\u00fcr ultraviolette Strahlen. Spezielle UV-Lampe, perfekte Bakterient\u00f6tungsfunktion. Keine chemische Belastung der Umwelt.<\/span><\/p>\n<div style=\"clear:both\"><\/article>\n","protected":false},"excerpt":{"rendered":"<p>BOYU leistungsstarke UV-keimt\u00f6tende Lampe UVC40<\/p>\n","protected":false},"featured_media":4679,"comment_status":"open","ping_status":"closed","template":"","meta":[],"product_brand":[],"product_cat":[1299],"product_tag":[],"class_list":{"0":"post-37205","1":"product","2":"type-product","3":"status-publish","4":"has-post-thumbnail","6":"product_cat-aquariumfilter","8":"first","9":"instock","10":"shipping-taxable","11":"purchasable","12":"product-type-simple"},"_links":{"self":[{"href":"https:\/\/www.myaquastore.com\/de\/wp-json\/wp\/v2\/product\/37205","targetHints":{"allow":["GET"]}}],"collection":[{"href":"https:\/\/www.myaquastore.com\/de\/wp-json\/wp\/v2\/product"}],"about":[{"href":"https:\/\/www.myaquastore.com\/de\/wp-json\/wp\/v2\/types\/product"}],"replies":[{"embeddable":true,"href":"https:\/\/www.myaquastore.com\/de\/wp-json\/wp\/v2\/comments?post=37205"}],"wp:featuredmedia":[{"embeddable":true,"href":"https:\/\/www.myaquastore.com\/de\/wp-json\/wp\/v2\/media\/4679"}],"wp:attachment":[{"href":"https:\/\/www.myaquastore.com\/de\/wp-json\/wp\/v2\/media?parent=37205"}],"wp:term":[{"taxonomy":"product_brand","embeddable":true,"href":"https:\/\/www.myaquastore.com\/de\/wp-json\/wp\/v2\/product_brand?post=37205"},{"taxonomy":"product_cat","embeddable":true,"href":"https:\/\/www.myaquastore.com\/de\/wp-json\/wp\/v2\/product_cat?post=37205"},{"taxonomy":"product_tag","embeddable":true,"href":"https:\/\/www.myaquastore.com\/de\/wp-json\/wp\/v2\/product_tag?post=37205"}],"curies":[{"name":"wp","href":"https:\/\/api.w.org\/{rel}","templated":true}]}}