{"id":37207,"date":"2016-09-25T23:28:15","date_gmt":"2016-09-25T23:28:15","guid":{"rendered":"https:\/\/www.myaquastore.com\/product\/boyu-leistungsstarke-uv-lampe-uvc-20\/"},"modified":"2025-03-16T08:46:34","modified_gmt":"2025-03-16T08:46:34","slug":"boyu-leistungsstarke-uv-lampe-uvc-20","status":"publish","type":"product","link":"https:\/\/www.myaquastore.com\/de\/produkt\/boyu-leistungsstarke-uv-lampe-uvc-20\/","title":{"rendered":"BOYU leistungsstarke UV-Lampe UVC-20"},"content":{"rendered":"<article class=\"article richtext richtext-detail AE:disable\" id=\"richTextContainer\">\n<h2 class=\"article-title\">Spezifikationen<\/h2>\n<div style=\"clear:both\"> BOYU leistungsstarke UV-Lampe UVC-20 <br \/>1.Verwenden Sie Quarzglas, um UV-Strahlung zu verhindern <br \/>2.Installieren Sie ein Schutzset <br \/>3.Hocheffizientes Design<\/p>\n<div style=\"clear:both\">\n<p>BOYU leistungsstarke UV-Lampe UVC-20<\/p>\n<p>1.Verwenden Sie Quarzglas, um UV-Strahlung zu verhindern <br \/>2.Installieren Sie ein Schutzset, sicheren Betrieb<\/p>\n<p>3.Hocheffizientes Design<\/p>\n<p>4.R\u00f6ntgen-UV-Licht verwenden Sie UV-C-Quarzglasr\u00f6hre, hohe Durchl\u00e4ssigkeit f\u00fcr ultraviolette Strahlen. Spezielle UV-Lampe, perfekte Bakterient\u00f6tungsfunktion. Keine chemische Belastung der Umwelt.<\/p>\n<p>5.Verpackung:4 St\u00fcck\/Karton<\/p>\n<\/p>\n<div style=\"clear:both\"><\/article>\n","protected":false},"excerpt":{"rendered":"<p>BOYU leistungsstarke UV-Lampe UVC-20<\/p>\n","protected":false},"featured_media":4683,"comment_status":"open","ping_status":"closed","template":"","meta":[],"product_brand":[],"product_cat":[1299],"product_tag":[],"class_list":{"0":"post-37207","1":"product","2":"type-product","3":"status-publish","4":"has-post-thumbnail","6":"product_cat-aquariumfilter","8":"first","9":"instock","10":"shipping-taxable","11":"purchasable","12":"product-type-simple"},"_links":{"self":[{"href":"https:\/\/www.myaquastore.com\/de\/wp-json\/wp\/v2\/product\/37207","targetHints":{"allow":["GET"]}}],"collection":[{"href":"https:\/\/www.myaquastore.com\/de\/wp-json\/wp\/v2\/product"}],"about":[{"href":"https:\/\/www.myaquastore.com\/de\/wp-json\/wp\/v2\/types\/product"}],"replies":[{"embeddable":true,"href":"https:\/\/www.myaquastore.com\/de\/wp-json\/wp\/v2\/comments?post=37207"}],"wp:featuredmedia":[{"embeddable":true,"href":"https:\/\/www.myaquastore.com\/de\/wp-json\/wp\/v2\/media\/4683"}],"wp:attachment":[{"href":"https:\/\/www.myaquastore.com\/de\/wp-json\/wp\/v2\/media?parent=37207"}],"wp:term":[{"taxonomy":"product_brand","embeddable":true,"href":"https:\/\/www.myaquastore.com\/de\/wp-json\/wp\/v2\/product_brand?post=37207"},{"taxonomy":"product_cat","embeddable":true,"href":"https:\/\/www.myaquastore.com\/de\/wp-json\/wp\/v2\/product_cat?post=37207"},{"taxonomy":"product_tag","embeddable":true,"href":"https:\/\/www.myaquastore.com\/de\/wp-json\/wp\/v2\/product_tag?post=37207"}],"curies":[{"name":"wp","href":"https:\/\/api.w.org\/{rel}","templated":true}]}}