{"id":37242,"date":"2016-09-25T23:28:16","date_gmt":"2016-09-25T23:28:16","guid":{"rendered":"https:\/\/www.myaquastore.com\/product\/36w-atman-leistungsstarke-kreisformige-uv-lampe\/"},"modified":"2025-03-16T08:46:42","modified_gmt":"2025-03-16T08:46:42","slug":"36w-atman-leistungsstarke-kreisformige-uv-lampe","status":"publish","type":"product","link":"https:\/\/www.myaquastore.com\/de\/produkt\/36w-atman-leistungsstarke-kreisformige-uv-lampe\/","title":{"rendered":"36W Atman leistungsstarke kreisf\u00f6rmige UV-Lampe"},"content":{"rendered":"<article class=\"article richtext richtext-detail AE:disable\" id=\"richTextContainer\">\n<h2 class=\"article-title\">Spezifikationen<\/h2>\n<div style=\"clear:both\"> 36W Atman leistungsstarke runde UV-Lampe <br \/>1.Verwenden Sie Quarzglas, um ultraviolettes Licht zu verhindern <br \/>2.Schutzset installieren <br \/>3.Hocheffizient <\/p>\n<div style=\"clear:both\">\n<p><span style=\"font-family: Times New Roman\"><span style=\"font-size: 14pt\">36W Atman leistungsstarke kreisf\u00f6rmige UV-Lampe <\/span><\/span><\/p>\n<p><span style=\"font-family: Times New Roman\"><span style=\"font-size: 14pt\">1.Verwenden Sie Quarzglas, um UV-Strahlung zu verhindern <br \/>2.Installieren Sie ein sicheres Schutzset Operation<\/span><\/span><\/p>\n<p><span style=\"font-family: Times New Roman\"><span style=\"font-size: 14pt\">3. Der Schwanz kann um 360 Grad gedreht werden, einfache Installation, das Ende der kleinen L\u00f6cher ist mit transparentem UV-Licht abgedeckt, um die Arbeitsbedingungen zu \u00fcberpr\u00fcfen <\/span><\/span><\/p>\n<\/p>\n<div style=\"clear:both\"><\/article>\n","protected":false},"excerpt":{"rendered":"<p>36W Atman leistungsstarke kreisf\u00f6rmige UV-Lampe<\/p>\n","protected":false},"featured_media":4753,"comment_status":"open","ping_status":"closed","template":"","meta":[],"product_brand":[],"product_cat":[1299],"product_tag":[],"class_list":{"0":"post-37242","1":"product","2":"type-product","3":"status-publish","4":"has-post-thumbnail","6":"product_cat-aquariumfilter","8":"first","9":"instock","10":"shipping-taxable","11":"purchasable","12":"product-type-simple"},"_links":{"self":[{"href":"https:\/\/www.myaquastore.com\/de\/wp-json\/wp\/v2\/product\/37242","targetHints":{"allow":["GET"]}}],"collection":[{"href":"https:\/\/www.myaquastore.com\/de\/wp-json\/wp\/v2\/product"}],"about":[{"href":"https:\/\/www.myaquastore.com\/de\/wp-json\/wp\/v2\/types\/product"}],"replies":[{"embeddable":true,"href":"https:\/\/www.myaquastore.com\/de\/wp-json\/wp\/v2\/comments?post=37242"}],"wp:featuredmedia":[{"embeddable":true,"href":"https:\/\/www.myaquastore.com\/de\/wp-json\/wp\/v2\/media\/4753"}],"wp:attachment":[{"href":"https:\/\/www.myaquastore.com\/de\/wp-json\/wp\/v2\/media?parent=37242"}],"wp:term":[{"taxonomy":"product_brand","embeddable":true,"href":"https:\/\/www.myaquastore.com\/de\/wp-json\/wp\/v2\/product_brand?post=37242"},{"taxonomy":"product_cat","embeddable":true,"href":"https:\/\/www.myaquastore.com\/de\/wp-json\/wp\/v2\/product_cat?post=37242"},{"taxonomy":"product_tag","embeddable":true,"href":"https:\/\/www.myaquastore.com\/de\/wp-json\/wp\/v2\/product_tag?post=37242"}],"curies":[{"name":"wp","href":"https:\/\/api.w.org\/{rel}","templated":true}]}}