{"id":37246,"date":"2016-09-25T23:28:16","date_gmt":"2016-09-25T23:28:16","guid":{"rendered":"https:\/\/www.myaquastore.com\/product\/5w-atman-leistungsstarke-kreisformige-uv-lampe\/"},"modified":"2025-03-16T08:46:43","modified_gmt":"2025-03-16T08:46:43","slug":"5w-atman-leistungsstarke-kreisformige-uv-lampe","status":"publish","type":"product","link":"https:\/\/www.myaquastore.com\/de\/produkt\/5w-atman-leistungsstarke-kreisformige-uv-lampe\/","title":{"rendered":"5W Atman leistungsstarke kreisf\u00f6rmige UV-Lampe"},"content":{"rendered":"<article class=\"article richtext richtext-detail AE:disable\" id=\"richTextContainer\">\n<h2 class=\"article-title\">Spezifikationen<\/h2>\n<div style=\"clear:both\"> 5W Atman leistungsstarke kreisf\u00f6rmige UV-Lampe <br \/>1.Verwenden Sie Quarzglas, verhindern Sie ultraviolette Strahlung <br \/>2.Installieren Sie ein Schutzset <br \/>3. Effizientes Design <\/p>\n<div style=\"clear:both\">\n<p>5W Atman leistungsstarke kreisf\u00f6rmige UV-Lampe<br \/>1.Verwenden Sie Quarzglas, um ultraviolettes Licht zu verhindern <br \/>2.Schutzset installieren, sicherer Betrieb<\/p>\n<p>3. Der Schwanz kann um 360 Grad gedreht werden, einfache Installation, das Ende der kleinen L\u00f6cher ist mit transparentem UV-Licht abgedeckt, um die Arbeitsbedingungen zu \u00fcberpr\u00fcfen.<\/p>\n<p>4. Hocheffizientes Design<\/p>\n<\/p>\n<div style=\"clear:both\"><\/article>\n","protected":false},"excerpt":{"rendered":"<p>5W Atman leistungsstarke kreisf\u00f6rmige UV-Lampe<\/p>\n","protected":false},"featured_media":4761,"comment_status":"open","ping_status":"closed","template":"","meta":[],"product_brand":[],"product_cat":[1299],"product_tag":[],"class_list":{"0":"post-37246","1":"product","2":"type-product","3":"status-publish","4":"has-post-thumbnail","6":"product_cat-aquariumfilter","8":"first","9":"instock","10":"shipping-taxable","11":"purchasable","12":"product-type-simple"},"_links":{"self":[{"href":"https:\/\/www.myaquastore.com\/de\/wp-json\/wp\/v2\/product\/37246","targetHints":{"allow":["GET"]}}],"collection":[{"href":"https:\/\/www.myaquastore.com\/de\/wp-json\/wp\/v2\/product"}],"about":[{"href":"https:\/\/www.myaquastore.com\/de\/wp-json\/wp\/v2\/types\/product"}],"replies":[{"embeddable":true,"href":"https:\/\/www.myaquastore.com\/de\/wp-json\/wp\/v2\/comments?post=37246"}],"wp:featuredmedia":[{"embeddable":true,"href":"https:\/\/www.myaquastore.com\/de\/wp-json\/wp\/v2\/media\/4761"}],"wp:attachment":[{"href":"https:\/\/www.myaquastore.com\/de\/wp-json\/wp\/v2\/media?parent=37246"}],"wp:term":[{"taxonomy":"product_brand","embeddable":true,"href":"https:\/\/www.myaquastore.com\/de\/wp-json\/wp\/v2\/product_brand?post=37246"},{"taxonomy":"product_cat","embeddable":true,"href":"https:\/\/www.myaquastore.com\/de\/wp-json\/wp\/v2\/product_cat?post=37246"},{"taxonomy":"product_tag","embeddable":true,"href":"https:\/\/www.myaquastore.com\/de\/wp-json\/wp\/v2\/product_tag?post=37246"}],"curies":[{"name":"wp","href":"https:\/\/api.w.org\/{rel}","templated":true}]}}