{"id":37247,"date":"2016-09-25T23:28:16","date_gmt":"2016-09-25T23:28:16","guid":{"rendered":"https:\/\/www.myaquastore.com\/product\/30w-atman-fashion-aquarium-t5-licht\/"},"modified":"2025-03-16T08:46:43","modified_gmt":"2025-03-16T08:46:43","slug":"30w-atman-fashion-aquarium-t5-licht","status":"publish","type":"product","link":"https:\/\/www.myaquastore.com\/de\/produkt\/30w-atman-fashion-aquarium-t5-licht\/","title":{"rendered":"30W Atman Fashion Aquarium T5 Licht"},"content":{"rendered":"<article class=\"article richtext richtext-detail AE:disable\" id=\"richTextContainer\">\n<h2 class=\"article-title\">Spezifikationen<\/h2>\n<div style=\"clear:both\"> 30W Atman Fashion Aquarium T5 Licht <br \/>1.F\u00fcr S\u00fc\u00dfwasser und Meer geeignet <br \/>2.Japanisches Gummi importieren, luftdicht und sicher <br \/>3. ausreichend Licht <\/p>\n<div style=\"clear:both\">\n<p><span style=\"font-size: 9pt\">30W Atman Fashion Aquarium T5 Licht <\/span><\/p>\n<p><span style=\"font-size: 9pt\"> <\/span><span style=\"font-size: 9pt\">1. Funktioniert perfekt mit MiniEco Premium-Aquarien und funktioniert auch gut mit den anderen Becken.<br \/>2. Passt f\u00fcr rahmenlose Aquarien mit einer Glasdicke von 4\u20136 mm oder Aquarien mit Rahmen, deren Breite weniger als 450 mm betr\u00e4gt<br \/>3. Ausgestattet mit einer Energiesparlampe und bringt brillante, nat\u00fcrliche Farben von Zierfischen zur Geltung.<br \/>4. Mit drehbarem Arm f\u00fcr den idealen Winkel und bequemes An- und Ausziehen durch einfaches Drehen.<\/span><\/p>\n<p><span>5.Verpackung: 12 St\u00fcck\/Karton<\/span><\/p>\n<p><span>6.Farben: Rot, Wei\u00df, Blau<\/span><\/p>\n<\/p>\n<div style=\"clear:both\"><\/article>\n","protected":false},"excerpt":{"rendered":"<p>30W Atman Fashion Aquarium T5 Licht<\/p>\n","protected":false},"featured_media":4763,"comment_status":"open","ping_status":"closed","template":"","meta":[],"product_brand":[],"product_cat":[1299],"product_tag":[],"class_list":{"0":"post-37247","1":"product","2":"type-product","3":"status-publish","4":"has-post-thumbnail","6":"product_cat-aquariumfilter","8":"first","9":"instock","10":"shipping-taxable","11":"purchasable","12":"product-type-simple"},"_links":{"self":[{"href":"https:\/\/www.myaquastore.com\/de\/wp-json\/wp\/v2\/product\/37247","targetHints":{"allow":["GET"]}}],"collection":[{"href":"https:\/\/www.myaquastore.com\/de\/wp-json\/wp\/v2\/product"}],"about":[{"href":"https:\/\/www.myaquastore.com\/de\/wp-json\/wp\/v2\/types\/product"}],"replies":[{"embeddable":true,"href":"https:\/\/www.myaquastore.com\/de\/wp-json\/wp\/v2\/comments?post=37247"}],"wp:featuredmedia":[{"embeddable":true,"href":"https:\/\/www.myaquastore.com\/de\/wp-json\/wp\/v2\/media\/4763"}],"wp:attachment":[{"href":"https:\/\/www.myaquastore.com\/de\/wp-json\/wp\/v2\/media?parent=37247"}],"wp:term":[{"taxonomy":"product_brand","embeddable":true,"href":"https:\/\/www.myaquastore.com\/de\/wp-json\/wp\/v2\/product_brand?post=37247"},{"taxonomy":"product_cat","embeddable":true,"href":"https:\/\/www.myaquastore.com\/de\/wp-json\/wp\/v2\/product_cat?post=37247"},{"taxonomy":"product_tag","embeddable":true,"href":"https:\/\/www.myaquastore.com\/de\/wp-json\/wp\/v2\/product_tag?post=37247"}],"curies":[{"name":"wp","href":"https:\/\/api.w.org\/{rel}","templated":true}]}}