{"id":37257,"date":"2016-09-25T23:28:16","date_gmt":"2016-09-25T23:28:16","guid":{"rendered":"https:\/\/www.myaquastore.com\/product\/30w-hailea-leistungsstarker-luftkompressor-aco-318\/"},"modified":"2025-03-16T08:46:45","modified_gmt":"2025-03-16T08:46:45","slug":"30w-hailea-leistungsstarker-luftkompressor-aco-318","status":"publish","type":"product","link":"https:\/\/www.myaquastore.com\/de\/produkt\/30w-hailea-leistungsstarker-luftkompressor-aco-318\/","title":{"rendered":"30W HAILEA leistungsstarker Luftkompressor ACO-318"},"content":{"rendered":"<article class=\"article richtext richtext-detail AE:disable\" id=\"richTextContainer\">\n<h2 class=\"article-title\">Spezifikationen<\/h2>\n<div style=\"clear:both\"> 30W HAILEA leistungsstarker Luftkompressor ACO-318 <br \/>1. Die W\u00e4rmeableitung ist effektiver. <br \/>2. mehr Luft <br \/> 3. Energieeinsparung <\/p>\n<div style=\"clear:both\">\n<p align=\"left\"> 30W HAILEA leistungsstarker Luftkompressor ACO-318 <\/p>\n<p align=\"left\">1. Das Geh\u00e4use besteht aus hochwertiger ZL 102-Aluminiumlegierung mit stromlinienf\u00f6rmigem Design, die W\u00e4rmeableitung ist effektiver.<\/p>\n<p align=\"left\">2. Angetrieben durch einen elektrischen Magnetmotor, erzeugen Sie Luft in einer geradlinigen Hin- und Herbewegung und haben eine vern\u00fcnftigere Struktur.<\/p>\n<p align=\"left\">3.Verwenden Sie tragbares SF3-Material des neuen Typs f\u00fcr Zylinder und Kolben, das einen geringen Stromverbrauch, eine gro\u00dfe Luftleistung und einen hohen Luftdruck aufweist.<\/p>\n<p align=\"left\">4. \u00d6lfreies Schmierdesign, die Druckluft wird gereinigt.<\/p>\n<p align=\"left\">\n<\/p>\n<div style=\"clear:both\"><\/article>\n","protected":false},"excerpt":{"rendered":"<p>30W HAILEA leistungsstarker Luftkompressor ACO-318<\/p>\n","protected":false},"featured_media":4783,"comment_status":"open","ping_status":"closed","template":"","meta":[],"product_brand":[],"product_cat":[1299],"product_tag":[],"class_list":{"0":"post-37257","1":"product","2":"type-product","3":"status-publish","4":"has-post-thumbnail","6":"product_cat-aquariumfilter","8":"first","9":"instock","10":"shipping-taxable","11":"purchasable","12":"product-type-simple"},"_links":{"self":[{"href":"https:\/\/www.myaquastore.com\/de\/wp-json\/wp\/v2\/product\/37257","targetHints":{"allow":["GET"]}}],"collection":[{"href":"https:\/\/www.myaquastore.com\/de\/wp-json\/wp\/v2\/product"}],"about":[{"href":"https:\/\/www.myaquastore.com\/de\/wp-json\/wp\/v2\/types\/product"}],"replies":[{"embeddable":true,"href":"https:\/\/www.myaquastore.com\/de\/wp-json\/wp\/v2\/comments?post=37257"}],"wp:featuredmedia":[{"embeddable":true,"href":"https:\/\/www.myaquastore.com\/de\/wp-json\/wp\/v2\/media\/4783"}],"wp:attachment":[{"href":"https:\/\/www.myaquastore.com\/de\/wp-json\/wp\/v2\/media?parent=37257"}],"wp:term":[{"taxonomy":"product_brand","embeddable":true,"href":"https:\/\/www.myaquastore.com\/de\/wp-json\/wp\/v2\/product_brand?post=37257"},{"taxonomy":"product_cat","embeddable":true,"href":"https:\/\/www.myaquastore.com\/de\/wp-json\/wp\/v2\/product_cat?post=37257"},{"taxonomy":"product_tag","embeddable":true,"href":"https:\/\/www.myaquastore.com\/de\/wp-json\/wp\/v2\/product_tag?post=37257"}],"curies":[{"name":"wp","href":"https:\/\/api.w.org\/{rel}","templated":true}]}}