{"id":37266,"date":"2016-09-25T23:28:16","date_gmt":"2016-09-25T23:28:16","guid":{"rendered":"https:\/\/www.myaquastore.com\/product\/150-w-neues-hailea-leistungsstarkes-elektrisches-voretex-luftgeblase-vb390g\/"},"modified":"2025-03-16T08:46:48","modified_gmt":"2025-03-16T08:46:48","slug":"150-w-neues-hailea-leistungsstarkes-elektrisches-voretex-luftgeblase-vb390g","status":"publish","type":"product","link":"https:\/\/www.myaquastore.com\/de\/produkt\/150-w-neues-hailea-leistungsstarkes-elektrisches-voretex-luftgeblase-vb390g\/","title":{"rendered":"150 W neues HAILEA leistungsstarkes elektrisches Voretex-Luftgebl\u00e4se VB390G"},"content":{"rendered":"<article class=\"article richtext richtext-detail AE:disable\" id=\"richTextContainer\">\n<div style=\"clear:both\">\n<p><span style=\"font-family: 'times new roman', times;font-size: 24px\"> 150 W neues HAILEA leistungsstarkes elektrisches Voretex-Luftgebl\u00e4se VB390G <\/span><\/p>\n<p><span style=\"font-family: 'times new roman', mal\">1. Das Laufrad \u00fcbernimmt das dreidimensionale Design kombiniert mit Querschnitts\u00e4nderungen in kreisf\u00f6rmigen Luftwegen, was f\u00fcr einen gleichm\u00e4\u00dfigen Luftstrom und geringe Ger\u00e4uschentwicklung sorgt.<\/span><\/p>\n<p><span style=\"font-family: 'times new roman', times;font-size: 24px\">2. Verwendet einen speziellen, hochwertigen Motor mit kurzem Anlaufdrehmoment, stabilem Betrieb und geringem Stromverbrauch, aber hervorragender Leistung.<\/span><\/p>\n<p><span style=\"font-family: 'times new roman', times;font-size: 24px\">3. Nicht \u00f6lschmierendes Design, um mehr gereinigte Luft zu erzeugen.<\/span><\/p>\n<p><span style=\"font-family: 'times new roman', times;font-size: 24px\">4. Das Erscheinungsbild ist sch\u00f6n und modern, die Struktur ist vern\u00fcnftig und kompakt und die Lebensdauer ist lang. <\/span><\/p>\n<p><span style=\"font-family: 'times new roman', times;font-size: 24px\">5.packing:2 sets\/carton<\/span><\/p>\n<div style=\"clear:both\"><\/article>\n","protected":false},"excerpt":{"rendered":"<p>150 W neues HAILEA leistungsstarkes elektrisches Voretex-Luftgebl\u00e4se VB390G<\/p>\n","protected":false},"featured_media":4801,"comment_status":"open","ping_status":"closed","template":"","meta":[],"product_brand":[],"product_cat":[1299],"product_tag":[],"class_list":{"0":"post-37266","1":"product","2":"type-product","3":"status-publish","4":"has-post-thumbnail","6":"product_cat-aquariumfilter","8":"first","9":"instock","10":"shipping-taxable","11":"purchasable","12":"product-type-simple"},"_links":{"self":[{"href":"https:\/\/www.myaquastore.com\/de\/wp-json\/wp\/v2\/product\/37266","targetHints":{"allow":["GET"]}}],"collection":[{"href":"https:\/\/www.myaquastore.com\/de\/wp-json\/wp\/v2\/product"}],"about":[{"href":"https:\/\/www.myaquastore.com\/de\/wp-json\/wp\/v2\/types\/product"}],"replies":[{"embeddable":true,"href":"https:\/\/www.myaquastore.com\/de\/wp-json\/wp\/v2\/comments?post=37266"}],"wp:featuredmedia":[{"embeddable":true,"href":"https:\/\/www.myaquastore.com\/de\/wp-json\/wp\/v2\/media\/4801"}],"wp:attachment":[{"href":"https:\/\/www.myaquastore.com\/de\/wp-json\/wp\/v2\/media?parent=37266"}],"wp:term":[{"taxonomy":"product_brand","embeddable":true,"href":"https:\/\/www.myaquastore.com\/de\/wp-json\/wp\/v2\/product_brand?post=37266"},{"taxonomy":"product_cat","embeddable":true,"href":"https:\/\/www.myaquastore.com\/de\/wp-json\/wp\/v2\/product_cat?post=37266"},{"taxonomy":"product_tag","embeddable":true,"href":"https:\/\/www.myaquastore.com\/de\/wp-json\/wp\/v2\/product_tag?post=37266"}],"curies":[{"name":"wp","href":"https:\/\/api.w.org\/{rel}","templated":true}]}}