{"id":37297,"date":"2016-09-25T23:28:17","date_gmt":"2016-09-25T23:28:17","guid":{"rendered":"https:\/\/www.myaquastore.com\/product\/mini-hochwertige-hailea-leise-luftpumpe-aco5501\/"},"modified":"2025-03-16T08:46:55","modified_gmt":"2025-03-16T08:46:55","slug":"mini-hochwertige-hailea-leise-luftpumpe-aco5501","status":"publish","type":"product","link":"https:\/\/www.myaquastore.com\/de\/produkt\/mini-hochwertige-hailea-leise-luftpumpe-aco5501\/","title":{"rendered":"Mini hochwertige HAILEA leise Luftpumpe ACO5501"},"content":{"rendered":"<article class=\"article richtext richtext-detail AE:disable\" id=\"richTextContainer\">\n<h2 class=\"article-title\">Spezifikationen<\/h2>\n<div style=\"clear:both\"> Mini hochwertige HAILEA Silent-Luftpumpe ACO5501 <br \/>1 lange Lebensdauer <br \/>2 leise, energiesparend <br \/>3 konstante Luftleistung und Druck <\/p>\n<div style=\"clear:both\">\n<p>Hochwertige, leise Mini-Luftpumpe ACO5501 von HAILEA<br \/> 1. Verf\u00fcgt \u00fcber ein fortschrittliches Luftkompressionssystem, ein D\u00e4mpfungssystem und einen mehrstufigen Schalld\u00e4mpfer, der extrem ger\u00e4uscharm ist.<\/p>\n<p>2.Verwenden Sie speziellen Kunstgummi, um die Luftleistung und den Druck konstant zu halten.<\/p>\n<p>3.Die Struktur ist vern\u00fcnftig und kompakt, sie hat eine lange Lebensdauer und erzielt die beste Wirkung bei niedrigstem Stromverbrauch<\/p>\n<p>4.eine Luft Verkaufsstellen<\/p>\n<div style=\"clear:both\"><\/article>\n","protected":false},"excerpt":{"rendered":"<p>Mini hochwertige HAILEA leise Luftpumpe ACO5501<\/p>\n","protected":false},"featured_media":4861,"comment_status":"open","ping_status":"closed","template":"","meta":[],"product_brand":[],"product_cat":[1299],"product_tag":[],"class_list":{"0":"post-37297","1":"product","2":"type-product","3":"status-publish","4":"has-post-thumbnail","6":"product_cat-aquariumfilter","8":"first","9":"instock","10":"shipping-taxable","11":"purchasable","12":"product-type-simple"},"_links":{"self":[{"href":"https:\/\/www.myaquastore.com\/de\/wp-json\/wp\/v2\/product\/37297","targetHints":{"allow":["GET"]}}],"collection":[{"href":"https:\/\/www.myaquastore.com\/de\/wp-json\/wp\/v2\/product"}],"about":[{"href":"https:\/\/www.myaquastore.com\/de\/wp-json\/wp\/v2\/types\/product"}],"replies":[{"embeddable":true,"href":"https:\/\/www.myaquastore.com\/de\/wp-json\/wp\/v2\/comments?post=37297"}],"wp:featuredmedia":[{"embeddable":true,"href":"https:\/\/www.myaquastore.com\/de\/wp-json\/wp\/v2\/media\/4861"}],"wp:attachment":[{"href":"https:\/\/www.myaquastore.com\/de\/wp-json\/wp\/v2\/media?parent=37297"}],"wp:term":[{"taxonomy":"product_brand","embeddable":true,"href":"https:\/\/www.myaquastore.com\/de\/wp-json\/wp\/v2\/product_brand?post=37297"},{"taxonomy":"product_cat","embeddable":true,"href":"https:\/\/www.myaquastore.com\/de\/wp-json\/wp\/v2\/product_cat?post=37297"},{"taxonomy":"product_tag","embeddable":true,"href":"https:\/\/www.myaquastore.com\/de\/wp-json\/wp\/v2\/product_tag?post=37297"}],"curies":[{"name":"wp","href":"https:\/\/api.w.org\/{rel}","templated":true}]}}