{"id":37303,"date":"2016-09-25T23:28:17","date_gmt":"2016-09-25T23:28:17","guid":{"rendered":"https:\/\/www.myaquastore.com\/product\/mini-elektrische-hailea-aquarium-luftpumpe-aco2202\/"},"modified":"2025-03-16T08:46:56","modified_gmt":"2025-03-16T08:46:56","slug":"mini-elektrische-hailea-aquarium-luftpumpe-aco2202","status":"publish","type":"product","link":"https:\/\/www.myaquastore.com\/de\/produkt\/mini-elektrische-hailea-aquarium-luftpumpe-aco2202\/","title":{"rendered":"Mini elektrische HAILEA Aquarium-Luftpumpe ACO2202"},"content":{"rendered":"<article class=\"article richtext richtext-detail AE:disable\" id=\"richTextContainer\">\n<h2 class=\"article-title\">Spezifikationen<\/h2>\n<div style=\"clear:both\"> Mini elektrische HAILEA Aquarium-Luftpumpe ACO2202 <br \/>1 lange Lebensdauer <br \/>2 ruhig, energiesparend <br \/>3 gleichm\u00e4\u00dfige Luftleistung und Druck <\/p>\n<div style=\"clear:both\">\n<p>Mini elektrische HAILEA Aquarium Luftpumpe ACO2202<br \/>1. verf\u00fcgen \u00fcber ein fortschrittliches Luftkompressionssystem, ein D\u00e4mpfungssystem und einen mehrstufigen Schalld\u00e4mpfer, der extrem ger\u00e4uscharm ist.<\/p>\n<p>2. Verwenden Sie speziellen Kunstkautschuk, um die Luftleistung und den Luftdruck konstant zu halten.<\/p>\n<p>3. Die Struktur ist vern\u00fcnftig und kompakt, sie hat eine lange Lebensdauer und erzielt die beste Wirkung bei niedrigstem Stromverbrauch<\/p>\n<div style=\"clear:both\"><\/article>\n","protected":false},"excerpt":{"rendered":"<p>Mini elektrische HAILEA Aquarium-Luftpumpe ACO2202<\/p>\n","protected":false},"featured_media":4873,"comment_status":"open","ping_status":"closed","template":"","meta":[],"product_brand":[],"product_cat":[1299],"product_tag":[],"class_list":{"0":"post-37303","1":"product","2":"type-product","3":"status-publish","4":"has-post-thumbnail","6":"product_cat-aquariumfilter","8":"first","9":"instock","10":"shipping-taxable","11":"purchasable","12":"product-type-simple"},"_links":{"self":[{"href":"https:\/\/www.myaquastore.com\/de\/wp-json\/wp\/v2\/product\/37303","targetHints":{"allow":["GET"]}}],"collection":[{"href":"https:\/\/www.myaquastore.com\/de\/wp-json\/wp\/v2\/product"}],"about":[{"href":"https:\/\/www.myaquastore.com\/de\/wp-json\/wp\/v2\/types\/product"}],"replies":[{"embeddable":true,"href":"https:\/\/www.myaquastore.com\/de\/wp-json\/wp\/v2\/comments?post=37303"}],"wp:featuredmedia":[{"embeddable":true,"href":"https:\/\/www.myaquastore.com\/de\/wp-json\/wp\/v2\/media\/4873"}],"wp:attachment":[{"href":"https:\/\/www.myaquastore.com\/de\/wp-json\/wp\/v2\/media?parent=37303"}],"wp:term":[{"taxonomy":"product_brand","embeddable":true,"href":"https:\/\/www.myaquastore.com\/de\/wp-json\/wp\/v2\/product_brand?post=37303"},{"taxonomy":"product_cat","embeddable":true,"href":"https:\/\/www.myaquastore.com\/de\/wp-json\/wp\/v2\/product_cat?post=37303"},{"taxonomy":"product_tag","embeddable":true,"href":"https:\/\/www.myaquastore.com\/de\/wp-json\/wp\/v2\/product_tag?post=37303"}],"curies":[{"name":"wp","href":"https:\/\/api.w.org\/{rel}","templated":true}]}}