{"id":37317,"date":"2016-09-25T23:28:18","date_gmt":"2016-09-25T23:28:18","guid":{"rendered":"https:\/\/www.myaquastore.com\/product\/jebo-wassertauchpumpe-ap-899m\/"},"modified":"2025-03-16T08:46:59","modified_gmt":"2025-03-16T08:46:59","slug":"jebo-wassertauchpumpe-ap-899m","status":"publish","type":"product","link":"https:\/\/www.myaquastore.com\/de\/produkt\/jebo-wassertauchpumpe-ap-899m\/","title":{"rendered":"JEBO Wassertauchpumpe AP-899M"},"content":{"rendered":"<article class=\"article richtext richtext-detail AE:disable\" id=\"richTextContainer\">\n<h2 class=\"article-title\">Spezifikationen<\/h2>\n<div style=\"clear:both\"> JEBO Wassertauchpumpe AP-899M <br \/>1 Leise, sicher, energieeffizient und leistungsstark <br \/>2 Einfache Einrichtung <br \/>3 Geeignet f\u00fcr S\u00fc\u00df- und Meerwasser <\/p>\n<div style=\"clear:both\">\n<p>JEBO Wassertauchpumpe AP-899M<\/p>\n<p>1 Leise, sicher, energieeffizient und leistungsstark<br \/>2 Einfache Einrichtung <br \/>3 Geeignet f\u00fcr S\u00fc\u00df- und Meerwasser4 Eindeutig \u00fcberlegenes Filtersystem<\/p>\n<p>4 Parameter (220 V ~ 240 V, 50 Hz)<\/p>\n<p>5 Verpackung: 24 St\u00fcck\/Karton<\/p>\n<\/p>\n<\/p>\n<div style=\"clear:both\"><\/article>\n","protected":false},"excerpt":{"rendered":"<p>JEBO Wassertauchpumpe AP-899M<\/p>\n","protected":false},"featured_media":4901,"comment_status":"open","ping_status":"closed","template":"","meta":[],"product_brand":[],"product_cat":[1299],"product_tag":[],"class_list":{"0":"post-37317","1":"product","2":"type-product","3":"status-publish","4":"has-post-thumbnail","6":"product_cat-aquariumfilter","8":"first","9":"instock","10":"shipping-taxable","11":"purchasable","12":"product-type-simple"},"_links":{"self":[{"href":"https:\/\/www.myaquastore.com\/de\/wp-json\/wp\/v2\/product\/37317","targetHints":{"allow":["GET"]}}],"collection":[{"href":"https:\/\/www.myaquastore.com\/de\/wp-json\/wp\/v2\/product"}],"about":[{"href":"https:\/\/www.myaquastore.com\/de\/wp-json\/wp\/v2\/types\/product"}],"replies":[{"embeddable":true,"href":"https:\/\/www.myaquastore.com\/de\/wp-json\/wp\/v2\/comments?post=37317"}],"wp:featuredmedia":[{"embeddable":true,"href":"https:\/\/www.myaquastore.com\/de\/wp-json\/wp\/v2\/media\/4901"}],"wp:attachment":[{"href":"https:\/\/www.myaquastore.com\/de\/wp-json\/wp\/v2\/media?parent=37317"}],"wp:term":[{"taxonomy":"product_brand","embeddable":true,"href":"https:\/\/www.myaquastore.com\/de\/wp-json\/wp\/v2\/product_brand?post=37317"},{"taxonomy":"product_cat","embeddable":true,"href":"https:\/\/www.myaquastore.com\/de\/wp-json\/wp\/v2\/product_cat?post=37317"},{"taxonomy":"product_tag","embeddable":true,"href":"https:\/\/www.myaquastore.com\/de\/wp-json\/wp\/v2\/product_tag?post=37317"}],"curies":[{"name":"wp","href":"https:\/\/api.w.org\/{rel}","templated":true}]}}