{"id":37340,"date":"2016-09-25T23:28:18","date_gmt":"2016-09-25T23:28:18","guid":{"rendered":"https:\/\/www.myaquastore.com\/product\/boyu-eiweisabschaumer-mit-pumpe-dg1516\/"},"modified":"2025-03-16T08:47:05","modified_gmt":"2025-03-16T08:47:05","slug":"boyu-eiweisabschaumer-mit-pumpe-dg1516","status":"publish","type":"product","link":"https:\/\/www.myaquastore.com\/de\/produkt\/boyu-eiweisabschaumer-mit-pumpe-dg1516\/","title":{"rendered":"BOYU Eiwei\u00dfabsch\u00e4umer mit Pumpe DG1516"},"content":{"rendered":"<article class=\"article richtext richtext-detail AE:disable\" id=\"richTextContainer\">\n<h2 class=\"article-title\">Spezifikationen<\/h2>\n<div style=\"clear:both\"> BOYU Aquarium-Eiwei\u00dfabsch\u00e4umer mit Pumpe DG1516 <br \/>1. Imitieren Sie die nat\u00fcrliche Zoologie <br \/> 2. Sicher und zuverl\u00e4ssig mit eingebautem Ger\u00e4t, verhindern Sie \u00dcberhitzung <\/p>\n<div style=\"clear:both\">\n<p>BOYU Aquarium-Eiwei\u00dfabsch\u00e4umer mit Pumpe DG1516<\/p>\n<ol>\n<li>Nachahmung der nat\u00fcrlichen Zoologie.<\/li>\n<li>Sichere und zuverl\u00e4ssige Qualit\u00e4t mit Ger\u00e4t in der Seite, um \u00dcberhitzung zu verhindern.<\/li>\n<li>Entfernt hervorragend Proteine \u200b\u200bund organische Verbindungen.<\/li>\n<li>Zum Reinigen einfach zusammenbauen und demontieren.<\/li>\n<li>Integrationsdesign, mehrfach patentierte Technologie<\/li>\n<\/ol>\n<div style=\"clear:both\"><\/article>\n","protected":false},"excerpt":{"rendered":"<p>BOYU Eiwei\u00dfabsch\u00e4umer mit Pumpe DG1516<\/p>\n","protected":false},"featured_media":4947,"comment_status":"open","ping_status":"closed","template":"","meta":[],"product_brand":[],"product_cat":[1299],"product_tag":[],"class_list":{"0":"post-37340","1":"product","2":"type-product","3":"status-publish","4":"has-post-thumbnail","6":"product_cat-aquariumfilter","8":"first","9":"instock","10":"shipping-taxable","11":"purchasable","12":"product-type-simple"},"_links":{"self":[{"href":"https:\/\/www.myaquastore.com\/de\/wp-json\/wp\/v2\/product\/37340","targetHints":{"allow":["GET"]}}],"collection":[{"href":"https:\/\/www.myaquastore.com\/de\/wp-json\/wp\/v2\/product"}],"about":[{"href":"https:\/\/www.myaquastore.com\/de\/wp-json\/wp\/v2\/types\/product"}],"replies":[{"embeddable":true,"href":"https:\/\/www.myaquastore.com\/de\/wp-json\/wp\/v2\/comments?post=37340"}],"wp:featuredmedia":[{"embeddable":true,"href":"https:\/\/www.myaquastore.com\/de\/wp-json\/wp\/v2\/media\/4947"}],"wp:attachment":[{"href":"https:\/\/www.myaquastore.com\/de\/wp-json\/wp\/v2\/media?parent=37340"}],"wp:term":[{"taxonomy":"product_brand","embeddable":true,"href":"https:\/\/www.myaquastore.com\/de\/wp-json\/wp\/v2\/product_brand?post=37340"},{"taxonomy":"product_cat","embeddable":true,"href":"https:\/\/www.myaquastore.com\/de\/wp-json\/wp\/v2\/product_cat?post=37340"},{"taxonomy":"product_tag","embeddable":true,"href":"https:\/\/www.myaquastore.com\/de\/wp-json\/wp\/v2\/product_tag?post=37340"}],"curies":[{"name":"wp","href":"https:\/\/api.w.org\/{rel}","templated":true}]}}