{"id":37368,"date":"2016-09-25T23:28:19","date_gmt":"2016-09-25T23:28:19","guid":{"rendered":"https:\/\/www.myaquastore.com\/product\/200w-atman-tauchpumpe-ph-8000\/"},"modified":"2025-03-16T08:47:12","modified_gmt":"2025-03-16T08:47:12","slug":"200w-atman-tauchpumpe-ph-8000","status":"publish","type":"product","link":"https:\/\/www.myaquastore.com\/de\/produkt\/200w-atman-tauchpumpe-ph-8000\/","title":{"rendered":"200W Atman Tauchpumpe PH-8000"},"content":{"rendered":"<article class=\"article richtext richtext-detail AE:disable\" id=\"richTextContainer\">\n<h2 class=\"article-title\">Spezifikationen<\/h2>\n<div style=\"clear:both\"> 200W Atman Tauchpumpe PH-8000 <br \/>1 Leise, sicher, effizient und leistungsstark <br \/>2 Einfache Einrichtung <br \/>3 Geeignet f\u00fcr S\u00fc\u00df- und Meerwasser <\/p>\n<div style=\"clear:both\">\n<p> 200W Atman Tauchpumpe PH-8000<br \/>1 Leise, sicher, energieeffizient und leistungsstark<br \/>2 Einfache Einrichtung <br \/>3 Geeignet f\u00fcr S\u00fc\u00df- und Meerwasser<\/p>\n<p>4 Eindeutig \u00fcberlegenes Filtersystem<\/p>\n<p>5 Parameter (220V-240V 50Hz)<\/p>\n<\/p>\n<\/p>\n<div style=\"clear:both\"><\/article>\n","protected":false},"excerpt":{"rendered":"<p>200W Atman Tauchpumpe PH-8000<\/p>\n","protected":false},"featured_media":5003,"comment_status":"open","ping_status":"closed","template":"","meta":[],"product_brand":[],"product_cat":[1299],"product_tag":[],"class_list":{"0":"post-37368","1":"product","2":"type-product","3":"status-publish","4":"has-post-thumbnail","6":"product_cat-aquariumfilter","8":"first","9":"instock","10":"shipping-taxable","11":"purchasable","12":"product-type-simple"},"_links":{"self":[{"href":"https:\/\/www.myaquastore.com\/de\/wp-json\/wp\/v2\/product\/37368","targetHints":{"allow":["GET"]}}],"collection":[{"href":"https:\/\/www.myaquastore.com\/de\/wp-json\/wp\/v2\/product"}],"about":[{"href":"https:\/\/www.myaquastore.com\/de\/wp-json\/wp\/v2\/types\/product"}],"replies":[{"embeddable":true,"href":"https:\/\/www.myaquastore.com\/de\/wp-json\/wp\/v2\/comments?post=37368"}],"wp:featuredmedia":[{"embeddable":true,"href":"https:\/\/www.myaquastore.com\/de\/wp-json\/wp\/v2\/media\/5003"}],"wp:attachment":[{"href":"https:\/\/www.myaquastore.com\/de\/wp-json\/wp\/v2\/media?parent=37368"}],"wp:term":[{"taxonomy":"product_brand","embeddable":true,"href":"https:\/\/www.myaquastore.com\/de\/wp-json\/wp\/v2\/product_brand?post=37368"},{"taxonomy":"product_cat","embeddable":true,"href":"https:\/\/www.myaquastore.com\/de\/wp-json\/wp\/v2\/product_cat?post=37368"},{"taxonomy":"product_tag","embeddable":true,"href":"https:\/\/www.myaquastore.com\/de\/wp-json\/wp\/v2\/product_tag?post=37368"}],"curies":[{"name":"wp","href":"https:\/\/api.w.org\/{rel}","templated":true}]}}