{"id":37376,"date":"2016-09-25T23:28:19","date_gmt":"2016-09-25T23:28:19","guid":{"rendered":"https:\/\/www.myaquastore.com\/product\/600l-h-atman-elektrische-tauchwasserpumpe-ph400\/"},"modified":"2025-03-16T08:47:14","modified_gmt":"2025-03-16T08:47:14","slug":"600l-h-atman-elektrische-tauchwasserpumpe-ph400","status":"publish","type":"product","link":"https:\/\/www.myaquastore.com\/de\/produkt\/600l-h-atman-elektrische-tauchwasserpumpe-ph400\/","title":{"rendered":"600L\/H Atman elektrische Tauchwasserpumpe PH400"},"content":{"rendered":"<article class=\"article richtext richtext-detail AE:disable\" id=\"richTextContainer\">\n<div style=\"clear:both\">\n<p><span style=\"font-family: 'times new roman', times;font-size: 24px\"> 600L\/H Atman elektrische Tauchwasserpumpe PH400 <\/span><\/p>\n<p><span style=\"font-family: 'times new roman', times\">1 Leise, sicher, energieeffizient und leistungsstark<\/span><br \/><span style=\"font-family: 'times new roman', times;font-size: 24px\">2 Einfache Einrichtung <\/span><br \/><span style=\"font-family: 'times new roman', times;font-size: 24px\">3 Besonders geeignet f\u00fcr S\u00fc\u00df- und Meerwasser System<\/span><\/p>\n<p><span>4 Parameter (220V~240V 50Hz)<\/span><\/p>\n<p><span>5 Verpackung: 36 St\u00fcck\/Karton<\/span><\/p>\n<div style=\"clear:both\"><\/article>\n","protected":false},"excerpt":{"rendered":"<p>600L\/H Atman elektrische Tauchwasserpumpe PH400<\/p>\n","protected":false},"featured_media":5019,"comment_status":"open","ping_status":"closed","template":"","meta":[],"product_brand":[],"product_cat":[1299],"product_tag":[],"class_list":{"0":"post-37376","1":"product","2":"type-product","3":"status-publish","4":"has-post-thumbnail","6":"product_cat-aquariumfilter","8":"first","9":"instock","10":"shipping-taxable","11":"purchasable","12":"product-type-simple"},"_links":{"self":[{"href":"https:\/\/www.myaquastore.com\/de\/wp-json\/wp\/v2\/product\/37376","targetHints":{"allow":["GET"]}}],"collection":[{"href":"https:\/\/www.myaquastore.com\/de\/wp-json\/wp\/v2\/product"}],"about":[{"href":"https:\/\/www.myaquastore.com\/de\/wp-json\/wp\/v2\/types\/product"}],"replies":[{"embeddable":true,"href":"https:\/\/www.myaquastore.com\/de\/wp-json\/wp\/v2\/comments?post=37376"}],"wp:featuredmedia":[{"embeddable":true,"href":"https:\/\/www.myaquastore.com\/de\/wp-json\/wp\/v2\/media\/5019"}],"wp:attachment":[{"href":"https:\/\/www.myaquastore.com\/de\/wp-json\/wp\/v2\/media?parent=37376"}],"wp:term":[{"taxonomy":"product_brand","embeddable":true,"href":"https:\/\/www.myaquastore.com\/de\/wp-json\/wp\/v2\/product_brand?post=37376"},{"taxonomy":"product_cat","embeddable":true,"href":"https:\/\/www.myaquastore.com\/de\/wp-json\/wp\/v2\/product_cat?post=37376"},{"taxonomy":"product_tag","embeddable":true,"href":"https:\/\/www.myaquastore.com\/de\/wp-json\/wp\/v2\/product_tag?post=37376"}],"curies":[{"name":"wp","href":"https:\/\/api.w.org\/{rel}","templated":true}]}}