{"id":37464,"date":"2016-09-25T23:28:22","date_gmt":"2016-09-25T23:28:22","guid":{"rendered":"https:\/\/www.myaquastore.com\/product\/hochwertiger-200-w-aquarium-unterwasser-glas-thermoheizer-trennen-sie-das-gerat-15-minuten-vor-dem-wasserwechsel-vom-stromnetz\/"},"modified":"2025-03-16T08:47:37","modified_gmt":"2025-03-16T08:47:37","slug":"hochwertiger-200-w-aquarium-unterwasser-glas-thermoheizer-trennen-sie-das-gerat-15-minuten-vor-dem-wasserwechsel-vom-stromnetz","status":"publish","type":"product","link":"https:\/\/www.myaquastore.com\/de\/produkt\/hochwertiger-200-w-aquarium-unterwasser-glas-thermoheizer-trennen-sie-das-gerat-15-minuten-vor-dem-wasserwechsel-vom-stromnetz\/","title":{"rendered":"Hochwertiger 200-W-Aquarium-Unterwasser-Glas-Thermoheizer. Trennen Sie das Ger\u00e4t 15 Minuten vor dem Wasserwechsel vom Stromnetz"},"content":{"rendered":"<div style=\"clear:both\"><\/div>\n<div id=\"ali-anchor-AliPostDhMb-71x0z\" style=\"padding-top:8px\" data-section-title=\"name\" data-section=\"AliPostDhMb-71x0z\">\n<div id=\"ali-title-AliPostDhMb-71x0z\" style=\"border-bottom:#ddd 1px solid;padding-bottom:8px;padding-top:8px;padding-left:0px;padding-right:0px\"><span style=\"font-weight:bold;color:#333;padding-bottom:8px;padding-top:8px;padding-left:10px;line-height:12px;padding-right:10px;background-color:#ddd\"><\/span> <\/div>\n<div style=\"padding-bottom:10px;padding-top:10px;padding-left:0px;padding-right:0px\">\n<p style=\"text-align:center\"> <span style=\"font-size:24px\"><strong>Hochwertiger 200-W-Aquarium-Unterwasser-Glas-Thermoheizer<\/strong> <\/span><span style=\"font-size:32px\"><strong><br \/><\/strong><\/span><\/p>\n<\/div>\n<\/div>\n<div id=\"ali-anchor-AliPostDhMb-r6mtb\" style=\"padding-top:8px\" data-section-title=\"Produktbeschreibung\" data-section=\"AliPostDhMb-r6mtb\">\n<div id=\"ali-title-AliPostDhMb-r6mtb\" style=\"border-bottom:#ddd 1px solid;padding-bottom:8px;padding-top:8px;padding-left:0px;padding-right:0px\"><span style=\"font-weight:bold;color:#333;padding-bottom:8px;padding-top:8px;padding-left:10px;line-height:12px;padding-right:10px;background-color:#ddd\">Produktbeschreibung<\/span><\/div>\n<div style=\"padding-bottom:10px;padding-top:10px;padding-left:0px;padding-right:0px\">\n<p style=\"font-size:18px\"><span style=\"background-color:#ffff00\">1. Beschreibung des elektrischen Heizger\u00e4ts<\/span><\/p>\n<\/p>\n<p><span style=\"font-size:16px;font-family:arial, helvetica, sans-serif\">1. Zuverl\u00e4ssiger Kreislauf und hochwertige Materialien sorgen f\u00fcr die W\u00e4rmeabgabe und halten die Wassertemperatur im Tank konstant.<\/span><\/p>\n<p><span style=\"font-size:16px;font-family:arial, helvetica, serifenlos\">2. V\u00f6llig tauchf\u00e4hig. Langlebig und sicher. Neuartiges Design.<\/span><\/p>\n<p><span style=\"font-size:16px;font-family:arial, helvetica, sans-serif\">3. Trennen Sie das Ger\u00e4t 15 Minuten vor dem Wasserwechsel vom Stromnetz.<\/span><\/p>\n<p><span style=\"font-size:16px;font-family:arial, helvetica, sans-serif\">4. Die Temperaturanzeigeskala kann zwischen 20 \u00b0C und 34 \u00b0C (65 \u00b0F bis 93 \u00b0F) eingestellt werden style=&#8220;font-size:18px;font-family:arial,helvetica,sans-serif;&#8220;&gt;<span style=\"background-color:#ffff00\">2. Merkmale des elektrischen Heizger\u00e4ts<\/span> <\/span><span style=\"font-size:18px\"><br \/><\/span><\/span><\/p>\n<\/p>\n<p><span style=\"font-size:16px;font-family:arial, helvetica, sans-serif\">1. Vollst\u00e4ndig tauchf\u00e4hig. <\/span><\/p>\n<p><span style=\"font-size:16px;font-family:arial, helvetica, sans-serif\">2.Die spiralf\u00f6rmige Chrom-Nickel-Heizspule ist f\u00fcr maximale Lebensdauer und gleichm\u00e4\u00dfige Erw\u00e4rmung ausgelegt.<\/span><\/p>\n<p><span style=\"font-size:16px;font-family:arial, helvetica, sans-serif\">3.S\u00fc\u00df- und Salzwasser kompatibel.<\/span><\/p>\n<p><span style=\"font-size:16px;font-family:arial, helvetica, sans-serif\">4,2 mm dickes, sto\u00dffestes Glas.<\/span><\/p>\n<p><span style=\"font-size:16px;font-family:arial, helvetica, sans-serif\">5.Einfach zug\u00e4nglicher Temperaturregler.<br \/>6.Die Temperatur kann zwischen eingestellt werden 20\u201334 Grad oder 65\u201393 Fahrenheit.<\/span><\/p>\n<\/p>\n<p><span style=\"font-size:18px\"><span style=\"background-color:#ffff00\">3. Vorsicht bei elektrischer W\u00e4rmeheizung<\/span> <br \/><\/span><\/p>\n<\/p>\n<p><span style=\"font-size:16px;font-family:Arial\">1.Der Wasserstand darf nicht unter der \u201eMININUM\u201c-Marke liegen<\/span><\/p>\n<p><span style=\"font-size:16px;font-family:Arial\">2.Die maximale Eintauchtiefe sollte innerhalb von 120 liegen cm<\/span><\/p>\n<p><span style=\"font-size:16px;font-family:Arial\">3.Netzstecker immer h\u00f6her als der Wassertank<\/span><\/p>\n<\/p>\n<p style=\"font-size:18px\"><span style=\"background-color:#ffff00\">4. Details zum elektrischen Thermoheizer<\/span><\/p>\n<p style=\"font-size:18px\">\n<p style=\"font-size:18px\"><img decoding=\"async\" alt=\"200W hochwertiger Unterwasser-Glas-Thermoheizer f\u00fcr Aquarien\" src=\"http:\/\/localhost\/media\/import\/detail\/HTB1CrrJJFXXXXaMXXXXq6xXFXXXF.jpg\"><img decoding=\"async\" alt=\"200 W erstklassiger Unterwasser-Glas-Thermoheizer f\u00fcr Aquarien\" src=\"http:\/\/localhost\/media\/import\/detail\/HTB1A9_IJFXXXXa4XXXXq6xXFXXXv.jpg\"><img decoding=\"async\" alt=\"200 W hochwertiger Aquarium-Unterwasser-Glas-Thermoheizer\" src=\"http:\/\/localhost\/media\/import\/detail\/HTB1iPPwJFXXXXb.XpXXq6xXFXXXH.jpg\"><img decoding=\"async\" alt=\"200W hochwertiger Aquarium-Unterwasser-Glas-Thermoheizer\" src=\"http:\/\/localhost\/media\/import\/detail\/HTB1jJzCJFXXXXX_XpXXq6xXFXXXs.jpg\"><img decoding=\"async\" alt=\"200W hochwertiger Aquarium-Unterwasser-Glas-Thermoheizer\" src=\"http:\/\/localhost\/media\/import\/detail\/HTB1ARYyJFXXXXbrXpXXq6xXFXXXO.jpg\"><img decoding=\"async\" alt=\"Hochwertiger 200-W-Aquarium-Unterwasser-Glas-Thermoheizer\" src=\"http:\/\/localhost\/media\/import\/detail\/HTB15n3_FFXXXXXaXXXXq6xXFXXXH.jpg\"><\/p>\n<\/p>\n<\/div>\n<\/div>\n<div id=\"ali-anchor-AliPostDhMb-orwrp\" style=\"padding-top:8px\" data-section-title=\"Unternehmensinformationen\" data-section=\"AliPostDhMb-orwrp\">\n<div id=\"ali-title-AliPostDhMb-orwrp\" style=\"border-bottom:#ddd 1px solid;padding-bottom:8px;padding-top:8px;padding-left:0px;padding-right:0px\"> <\/div>\n<\/div>\n<div style=\"clear:both\"><strong><span style=\"background-color:#dddddd;color:#333333\"><\/span><\/strong><\/div>\n","protected":false},"excerpt":{"rendered":"<p>Hochwertiger 200-W-Aquarium-Unterwasser-Glas-Thermoheizer. Trennen Sie das Ger\u00e4t 15 Minuten vor dem Wasserwechsel vom Stromnetz<\/p>\n","protected":false},"featured_media":5196,"comment_status":"open","ping_status":"closed","template":"","meta":[],"product_brand":[],"product_cat":[1326],"product_tag":[],"class_list":{"0":"post-37464","1":"product","2":"type-product","3":"status-publish","4":"has-post-thumbnail","6":"product_cat-aquariumheizung-temperaturregler","8":"first","9":"instock","10":"shipping-taxable","11":"purchasable","12":"product-type-simple"},"_links":{"self":[{"href":"https:\/\/www.myaquastore.com\/de\/wp-json\/wp\/v2\/product\/37464","targetHints":{"allow":["GET"]}}],"collection":[{"href":"https:\/\/www.myaquastore.com\/de\/wp-json\/wp\/v2\/product"}],"about":[{"href":"https:\/\/www.myaquastore.com\/de\/wp-json\/wp\/v2\/types\/product"}],"replies":[{"embeddable":true,"href":"https:\/\/www.myaquastore.com\/de\/wp-json\/wp\/v2\/comments?post=37464"}],"wp:featuredmedia":[{"embeddable":true,"href":"https:\/\/www.myaquastore.com\/de\/wp-json\/wp\/v2\/media\/5196"}],"wp:attachment":[{"href":"https:\/\/www.myaquastore.com\/de\/wp-json\/wp\/v2\/media?parent=37464"}],"wp:term":[{"taxonomy":"product_brand","embeddable":true,"href":"https:\/\/www.myaquastore.com\/de\/wp-json\/wp\/v2\/product_brand?post=37464"},{"taxonomy":"product_cat","embeddable":true,"href":"https:\/\/www.myaquastore.com\/de\/wp-json\/wp\/v2\/product_cat?post=37464"},{"taxonomy":"product_tag","embeddable":true,"href":"https:\/\/www.myaquastore.com\/de\/wp-json\/wp\/v2\/product_tag?post=37464"}],"curies":[{"name":"wp","href":"https:\/\/api.w.org\/{rel}","templated":true}]}}