{"id":37465,"date":"2016-09-25T23:28:22","date_gmt":"2016-09-25T23:28:22","guid":{"rendered":"https:\/\/www.myaquastore.com\/product\/sunsun-jrb-230-300-w-aquarium-heizung-tauch-aquarium-heizung-zuverlassiger-stromkreis-und-hochwertige-materialien-sorgen-fur-die-warmeabgabe\/"},"modified":"2025-03-16T08:47:37","modified_gmt":"2025-03-16T08:47:37","slug":"sunsun-jrb-230-300-w-aquarium-heizung-tauch-aquarium-heizung-zuverlassiger-stromkreis-und-hochwertige-materialien-sorgen-fur-die-warmeabgabe","status":"publish","type":"product","link":"https:\/\/www.myaquastore.com\/de\/produkt\/sunsun-jrb-230-300-w-aquarium-heizung-tauch-aquarium-heizung-zuverlassiger-stromkreis-und-hochwertige-materialien-sorgen-fur-die-warmeabgabe\/","title":{"rendered":"Sunsun JRB-230 300 W Aquarium-Heizung\/Tauch-Aquarium-Heizung. Zuverl\u00e4ssiger Stromkreis und hochwertige Materialien sorgen f\u00fcr die W\u00e4rmeabgabe"},"content":{"rendered":"<div style=\"clear:both\"><\/div>\n<div id=\"ali-anchor-AliPostDhMb-mzd6r\" style=\"padding-top:8px\" data-section-title=\"name\" data-section=\"AliPostDhMb-mzd6r\">\n<div id=\"ali-title-AliPostDhMb-mzd6r\" style=\"border-bottom:#ddd 1px solid;padding-bottom:8px;padding-top:8px;padding-left:0px;padding-right:0px\"><span style=\"font-weight:bold;color:#333;padding-bottom:8px;padding-top:8px;padding-left:10px;line-height:12px;padding-right:10px;background-color:#ddd\">name<\/span><\/div>\n<div style=\"padding-bottom:10px;padding-top:10px;padding-left:0px;padding-right:0px\">\n<p style=\"text-align:center\"><img decoding=\"async\" alt=\"Sunsun JRB-230 300W Aquariumheizer\/Tauchheizer f\u00fcr Aquarien zum Verkauf\" src=\"http:\/\/localhost\/media\/import\/detail\/HTB11qiMJVXXXXXWXVXXq6xXFXXXQ.jpg\"><span style=\"font-size:32px\"><strong><span style=\"font-size:24px\">Sunsun JRB-230 300W Aquariumheizung\/Tauchaquarium Heizung f\u00fcr den Hei\u00dfverkauf<\/span> <br \/><\/strong><\/span><\/p>\n<\/div>\n<\/div>\n<div id=\"ali-anchor-AliPostDhMb-r6mtb\" style=\"padding-top:8px\" data-section-title=\"Produktbeschreibung\" data-section=\"AliPostDhMb-r6mtb\">\n<div id=\"ali-title-AliPostDhMb-r6mtb\" style=\"border-bottom:#ddd 1px solid;padding-bottom:8px;padding-top:8px;padding-left:0px;padding-right:0px\"><span style=\"font-weight:bold;color:#333;padding-bottom:8px;padding-top:8px;padding-left:10px;line-height:12px;padding-right:10px;background-color:#ddd\">Produktbeschreibung<\/span><\/div>\n<div style=\"padding-bottom:10px;padding-top:10px;padding-left:0px;padding-right:0px\">\n<p style=\"font-size:18px\"><span style=\"background-color:#ffff00\">1. Beschreibung der Sunsun Fischtankheizung<\/span><\/p>\n<\/p>\n<p><span style=\"font-size:14px;font-family:arial, helvetica, sans-serif\">1. Zuverl\u00e4ssiger Kreislauf und hochwertige Materialien sorgen f\u00fcr die W\u00e4rmeabgabe und halten die Wassertemperatur im Tank konstant.<\/span><\/p>\n<p><span style=\"font-size:14px;font-family:arial, helvetica, serifenlos\">2. V\u00f6llig tauchf\u00e4hig. Langlebig und sicher. Neuartiges Design.<\/span><\/p>\n<p><span style=\"font-size:14px;font-family:arial, helvetica, sans-serif\">3. Trennen Sie das Ger\u00e4t 15 Minuten vor dem Wasserwechsel vom Stromnetz.<\/span><\/p>\n<p><span style=\"font-size:14px;font-family:arial, helvetica, sans-serif\">4. Die Temperaturanzeigeskala kann zwischen 20 \u00b0C und 34 \u00b0C (65 \u00b0F bis 93 \u00b0F) eingestellt werden. Funktionen von <\/span><span style=\"font-size:18px\"><span style=\"font-family:arial, helvetica, sans-serif;background-color:#ffff00\"><span style=\"font-family:arial, helvetica, sans-serif\">Sunsun Fish Tank Heater<\/span> <\/span><br \/><\/span><\/span><\/p>\n<\/p>\n<p><span style=\"font-size:14px;font-family:arial, helvetica, sans-serif\">1.Vollst\u00e4ndig tauchf\u00e4hig. <\/span><\/p>\n<p><span style=\"font-size:14px;font-family:arial, helvetica, sans-serif\">2.Die spiralf\u00f6rmige Heizspirale aus Chromnickel ist f\u00fcr maximale Lebensdauer und gleichm\u00e4\u00dfige Erw\u00e4rmung ausgelegt.<\/span><\/p>\n<p><span style=\"font-size:14px;font-family:arial, helvetica, sans-serif\">3.S\u00fc\u00df- und Salzwasser kompatibel.<\/span><\/p>\n<p><span style=\"font-size:14px;font-family:arial, helvetica, sans-serif\">4,2 mm dickes, sto\u00dffestes Glas.<\/span><\/p>\n<p><span style=\"font-size:14px;font-family:arial, helvetica, sans-serif\">5.Einfach zug\u00e4nglicher Temperaturregler.<br \/>6.Die Temperatur kann zwischen eingestellt werden 20\u201334 Grad oder 65\u201393 Fahrenheit.<\/span><\/p>\n<\/p>\n<p><span style=\"font-size:18px\"><span style=\"background-color:#ffff00\">3. Vorsichtshinweise zum Sunsun Aquarium-Heizger\u00e4t<\/span> <br \/><\/span><\/p>\n<\/p>\n<p><span style=\"font-size:14px;font-family:Arial\">1.Der Wasserstand darf nicht unter der \u201eMININUM\u201c-Marke liegen<\/span><\/p>\n<p><span style=\"font-size:14px;font-family:Arial\">2.Die maximale Eintauchtiefe sollte innerhalb von 120 liegen cm<\/span><\/p>\n<p><span style=\"font-size:14px;font-family:Arial\">3.Netzstecker immer h\u00f6her als der Wassertank<\/span><\/p>\n<\/p>\n<p style=\"font-size:18px\"><span style=\"background-color:#ffff00\">4. Details zum Sunsun Aquarium-Heizger\u00e4t<\/span><\/p>\n<p style=\"font-size:18px\">\n<p style=\"font-size:18px\"><img decoding=\"async\" alt=\"Sunsun JRB-230 300W Aquarium-Heizger\u00e4t\/Tauchheizger\u00e4t f\u00fcr Aquarien zum Verkauf\" src=\"http:\/\/localhost\/media\/import\/detail\/HTB1CrrJJFXXXXaMXXXXq6xXFXXXF.jpg\"><img decoding=\"async\" alt=\"Sunsun JRB-230 300W Aquarium-Heizung\/Tauch-Aquarium-Heizung f\u00fcr den Hei\u00dfverkauf\" src=\"http:\/\/localhost\/media\/import\/detail\/HTB1A9_IJFXXXXa4XXXXq6xXFXXXv.jpg\"><img decoding=\"async\" alt=\"Sunsun JRB-230 300W Aquarium-Heizung\/Tauch-Aquarium-Heizung f\u00fcr den Hei\u00dfverkauf\" src=\"http:\/\/localhost\/media\/import\/detail\/HTB1iPPwJFXXXXb.XpXXq6xXFXXXH.jpg\"><img decoding=\"async\" alt=\"Sunsun JRB-230 300W Aquarium-Heizung\/Tauch-Aquarium-Heizung f\u00fcr den Hei\u00dfverkauf\" src=\"http:\/\/localhost\/media\/import\/detail\/HTB1jJzCJFXXXXX_XpXXq6xXFXXXs.jpg\"><img decoding=\"async\" alt=\"Sunsun JRB-230 300W Aquarium-Heizung\/Tauch-Aquarium-Heizung f\u00fcr den Hei\u00dfverkauf\" src=\"http:\/\/localhost\/media\/import\/detail\/HTB1ARYyJFXXXXbrXpXXq6xXFXXXO.jpg\"><img decoding=\"async\" alt=\"Sunsun JRB-230 300W Aquariumheizer\/Tauchheizer f\u00fcr Aquarien f\u00fcr den Hei\u00dfverkauf\" src=\"http:\/\/localhost\/media\/import\/detail\/HTB15n3_FFXXXXXaXXXXq6xXFXXXH.jpg\"><\/p>\n<\/p>\n<\/div>\n<\/div>\n<div style=\"clear:both\"><\/div>\n","protected":false},"excerpt":{"rendered":"<p>Sunsun JRB-230 300 W Aquarium-Heizung\/Tauch-Aquarium-Heizung. Zuverl\u00e4ssiger Stromkreis und hochwertige Materialien sorgen f\u00fcr die W\u00e4rmeabgabe<\/p>\n","protected":false},"featured_media":5198,"comment_status":"open","ping_status":"closed","template":"","meta":[],"product_brand":[],"product_cat":[1326],"product_tag":[],"class_list":{"0":"post-37465","1":"product","2":"type-product","3":"status-publish","4":"has-post-thumbnail","6":"product_cat-aquariumheizung-temperaturregler","8":"first","9":"instock","10":"shipping-taxable","11":"purchasable","12":"product-type-simple"},"_links":{"self":[{"href":"https:\/\/www.myaquastore.com\/de\/wp-json\/wp\/v2\/product\/37465","targetHints":{"allow":["GET"]}}],"collection":[{"href":"https:\/\/www.myaquastore.com\/de\/wp-json\/wp\/v2\/product"}],"about":[{"href":"https:\/\/www.myaquastore.com\/de\/wp-json\/wp\/v2\/types\/product"}],"replies":[{"embeddable":true,"href":"https:\/\/www.myaquastore.com\/de\/wp-json\/wp\/v2\/comments?post=37465"}],"wp:featuredmedia":[{"embeddable":true,"href":"https:\/\/www.myaquastore.com\/de\/wp-json\/wp\/v2\/media\/5198"}],"wp:attachment":[{"href":"https:\/\/www.myaquastore.com\/de\/wp-json\/wp\/v2\/media?parent=37465"}],"wp:term":[{"taxonomy":"product_brand","embeddable":true,"href":"https:\/\/www.myaquastore.com\/de\/wp-json\/wp\/v2\/product_brand?post=37465"},{"taxonomy":"product_cat","embeddable":true,"href":"https:\/\/www.myaquastore.com\/de\/wp-json\/wp\/v2\/product_cat?post=37465"},{"taxonomy":"product_tag","embeddable":true,"href":"https:\/\/www.myaquastore.com\/de\/wp-json\/wp\/v2\/product_tag?post=37465"}],"curies":[{"name":"wp","href":"https:\/\/api.w.org\/{rel}","templated":true}]}}