{"id":37470,"date":"2016-09-25T23:28:22","date_gmt":"2016-09-25T23:28:22","guid":{"rendered":"https:\/\/www.myaquastore.com\/product\/300-w-110-v-240-v-50-60-hz-aquariumheizung-jrb-300\/"},"modified":"2025-03-16T08:47:39","modified_gmt":"2025-03-16T08:47:39","slug":"300-w-110-v-240-v-50-60-hz-aquariumheizung-jrb-300","status":"publish","type":"product","link":"https:\/\/www.myaquastore.com\/de\/produkt\/300-w-110-v-240-v-50-60-hz-aquariumheizung-jrb-300\/","title":{"rendered":"300 W 110 V-240 V 50\/60 Hz Aquariumheizung JRB-300"},"content":{"rendered":"<div style=\"clear:both\"><\/div>\n<div style=\"font-size:13px;font-family:Arial, Helvetica, sans-serif;color:#000000;width:726px\">\n<div>\n<p data-section-blank=\"AliPostDhMb-wumou\">\n<table class=\"ke-zeroborder\" style=\"width:750px\" cellpadding=\"0\" border=\"0\">\n<tbody>\n<tr>\n<td><a href=\"http:\/\/preview.alibaba.com\/product\/60063538041-0\/SUNSUN_LT_201S_AC_DC_small_air_pump_aquarium_accessories_china.html\" target=\"_blank\"><img loading=\"lazy\" decoding=\"async\" border=\"0\" alt=\"300W 110V-240V 50\/60Hz Aquariumheizung JRB-300\" src=\"http:\/\/localhost\/media\/import\/detail\/HTB1WTg2GpXXXXbgXFXXq6xXFXXXf.jpg\" width=\"190\" height=\"300\"><\/a><\/td>\n<td><a href=\"http:\/\/preview.alibaba.com\/product\/699053747-215139368\/SUNSUN_High_Quality_Magnetic_Vibration_Air_pump_for_medical_YT_8000.html\" target=\"_blank\"><img loading=\"lazy\" decoding=\"async\" border=\"0\" alt=\"300W 110V-240V 50\/60Hz Aquariumheizung JRB-300\" src=\"http:\/\/localhost\/media\/import\/detail\/HTB1szpkGFXXXXakXXXXq6xXFXXXQ.jpg\" width=\"185\" height=\"300\"><\/a><\/td>\n<td><a href=\"http:\/\/preview.alibaba.com\/product\/60052355602-215139368\/SUNSUN_YT_301C_0_012MPa_0_15L_min_aquarium_mini_air_pump_compressor_aquarium.html\" target=\"_blank\"><img loading=\"lazy\" decoding=\"async\" border=\"0\" alt=\"300W 110V-240V 50\/60Hz Aquariumheizung JRB-300\" src=\"http:\/\/localhost\/media\/import\/detail\/HTB1mXM3GpXXXXaTXFXXq6xXFXXXZ.jpg\" width=\"189\" height=\"300\"><\/a><\/td>\n<td><a href=\"http:\/\/preview.alibaba.com\/product\/60052331307-215139368\/SUNSUN_JRB_Series_fish_aquarium_heater.html\" target=\"_blank\"><img loading=\"lazy\" decoding=\"async\" border=\"0\" alt=\"300W 110V-240V 50\/60Hz Aquariumheizung JRB-300\" src=\"http:\/\/localhost\/media\/import\/detail\/HTB1EMs2GpXXXXaIXFXXq6xXFXXXw.jpg\" width=\"186\" height=\"300\"><\/a><\/td>\n<\/tr>\n<\/tbody>\n<\/table>\n<\/div>\n<\/div>\n<div id=\"ali-anchor-AliPostDhMb-wumou\" style=\"padding-top:8px\" data-section-title=\"Produktbeschreibung\" data-section=\"AliPostDhMb-wumou\">\n<div id=\"ali-title-AliPostDhMb-wumou\" style=\"border-bottom:#ddd 1px solid;padding-bottom:8px;padding-top:8px;padding-left:0px;padding-right:0px\"><span style=\"font-weight:bold;color:#333;padding-bottom:8px;padding-top:8px;padding-left:10px;line-height:12px;padding-right:10px;background-color:#ddd\">Produktbeschreibung<\/span><\/div>\n<div style=\"padding-bottom:10px;padding-top:10px;padding-left:0px;padding-right:0px\">\n<div style=\"height:42px;width:750px\">\n<div style=\"height:42px;float:left;width:25px;background-color:#00ccff\"> <\/div>\n<div style=\"height:30px;float:right;color:#ffffff;padding-bottom:5px;padding-top:5px;padding-left:0px;padding-right:0px;width:720px;background-color:#0099ff\">\n<div style=\"font-size:24px;border-top:#ffffff 1px solid;height:30px;font-family:Arial;border-bottom:#ffffff 1px solid;font-weight:bold;font-style:italic;padding-left:10px;line-height:30px;width:720px\">Product Display<\/div>\n<\/div>\n<\/div>\n<\/div>\n<\/div>\n<pre><span style=\"color:#ffffff\">Aquariumheizung<\/span><\/pre>\n<p><span style=\"font-size:8pt;color:#000000\"><strong>&#8212;&#8212;&#8212;&#8212;&#8212;&#8212;&#8212;&#8212;&#8212;&#8212;&#8212;&#8212;&#8212;&#8212;&#8212;&#8212;&#8212;&#8212;&#8212;&#8212;&#8212;&#8212;&#8212;&#8212;&#8212;&#8212;&#8212;&#8212;&#8212;&#8212;&#8212;&#8212;&#8212;&#8212;&#8212;&#8212;&#8212;&#8212;&#8212;&#8212;&#8212;&#8212;&#8212;&#8212;&#8212;&#8212;&#8212;&#8212;&#8212;&#8212;&#8212;&#8212;&#8212;&#8212;&#8212;-<\/strong><\/span><\/p>\n<p><span style=\"font-size:18px;font-family:arial,helvetica,sans-serif;color:#000000\"><strong><img decoding=\"async\" alt=\"undefiniert\" src=\"http:\/\/localhost\/media\/import\/detail\/HTB1oYNkGFXXXXXdXFXXq6xXFXXXH.jpg\"><br \/><\/strong><\/span><\/p>\n<p><span style=\"font-size:18px;font-family:arial,helvetica,sans-serif;color:#000000\"><strong>300W 110V-240V 50\/60Hz Aquariumheizung JRB-300<\/strong><\/span><\/p>\n<\/p>\n<p><span style=\"font-size:18px;font-family:arial,helvetica,sans-serif;color:#000000\"><strong>Aquariumheizung Produktbeschreibung<\/strong><\/span><\/p>\n<p><span style=\"font-family:arial,helvetica,sans-serif\"><span style=\"font-size:10.5pt\">1. Zuverl\u00e4ssiger Kreislauf und hochwertige Materialien sorgen f\u00fcr die W\u00e4rmeabgabe <\/span><span style=\"font-size:10.5pt\"> und halten die Wassertemperatur <\/span><\/span><\/p>\n<p><span style=\"font-family:arial,helvetica,sans-serif\"><span style=\"font-size:10.5pt\"> im Tank konstant.<\/span><\/span><\/p>\n<p><span style=\"font-size:10.5pt;font-family:arial,helvetica,sans-serif\">2. V\u00f6llig tauchf\u00e4hig. Langlebig und sicher. Neuartiges Design.<\/span><\/p>\n<p><span style=\"font-size:10.5pt;font-family:arial,helvetica,sans-serif\">3. Trennen Sie das Ger\u00e4t 15 Minuten vor dem Wasserwechsel vom Stromnetz.<\/span><\/p>\n<p><span style=\"font-size:10.5pt;font-family:arial,helvetica,sans-serif\">4. Die Temperaturanzeigeskala kann zwischen 20 \u00b0C und 34 \u00b0C eingestellt werden.<\/span><\/p>\n<p><span style=\"font-family:arial,helvetica,sans-serif\"> <\/span><\/p>\n<p><span style=\"color:#000000\"><strong><span style=\"font-size:18px;font-family:arial,helvetica,sans-serif\">Aquariumheizung Eigenschaften<\/span><\/strong><\/span><\/p>\n<p><span style=\"font-size:10.5pt;font-family:arial,helvetica,sans-serif\">1, Wasserdichtes Glask\u00f6rperdesign, das vollst\u00e4ndig im Wasser versinken und darin platziert werden kann Der<\/span><\/p>\n<p><span style=\"font-size:10.5pt;font-family:arial,helvetica,sans-serif\"> Zylinderkopf;<\/span><\/p>\n<p><span style=\"font-family:arial,helvetica,sans-serif\"><span style=\"font-size:10.5pt\">2, Die Produktkonfiguration und die Saugnapf-St\u00fctzrahmen k\u00f6nnen auf der tats\u00e4chlichen Position von <\/span><span style=\"font-size:10.5pt\"> die Installation;<\/span><\/span><\/p>\n<p><span style=\"font-family:arial,helvetica,sans-serif\"><span style=\"font-size:10.5pt\">3, Starke Simulation von nat\u00fcrlichem Licht, kann das Wachstum und die Entwicklung von Wasserorganismen f\u00f6rdern, <\/span><span style=\"font-size:10.5pt\"> geeignet f\u00fcr<\/span><\/span><\/p>\n<p><span style=\"font-size:10.5pt;font-family:arial,helvetica,sans-serif\"> Meerwasser und S\u00fc\u00dfwasser. Und kann auf dem Zylinderkopf platziert werden und ein volles Wasserbecken verwendet werden.<\/span><\/p>\n<p><span style=\"font-family:arial,helvetica,sans-serif\"><span style=\"font-size:10.5pt;color:#000000\">4.<\/span><span style=\"font-size:10.5pt\"> Enth\u00e4lt 2 Saugn\u00e4pfe und Clips zur Befestigung am Aquarium <\/span><\/span><\/p>\n<\/p>\n<table class=\"aliDataTable\" style=\"height:140px;width:703px\" border=\"1\">\n<tbody>\n<tr align=\"left\">\n<td style=\"text-align:center;width:56.7pt\" valign=\"middle\">\n<p><span style=\"font-family:arial,helvetica,sans-serif\"><strong><span style=\"font-size:16px;background:#ffffff\">Modell<\/span><\/strong><\/span><\/p>\n<\/td>\n<td style=\"text-align:center;width:105.75pt\" valign=\"middle\">\n<p><span style=\"font-family:arial,helvetica,sans-serif\"><strong><span style=\"font-size:16px;background:#ffffff\">Voltage<\/span><\/strong><\/span><\/p>\n<\/td>\n<td style=\"text-align:center;width:47.25pt\" valign=\"middle\">\n<p><span style=\"font-family:arial,helvetica,sans-serif\"><strong><span style=\"font-size:16px;background:#ffffff\">Power<\/span><\/strong><\/span><\/p>\n<\/td>\n<td style=\"text-align:center;width:49.5pt\" valign=\"middle\">\n<p><span style=\"font-family:arial,helvetica,sans-serif\"><strong><span style=\"font-size:16px;background:#ffffff\">Gallonen<\/span><\/strong><\/span><\/p>\n<\/td>\n<td style=\"text-align:center;width:58.5pt\" valign=\"middle\">\n<p><span style=\"font-family:arial,helvetica,sans-serif\"><strong><span style=\"font-size:16px;background:#ffffff\">Liter<\/span><\/strong><\/span><\/p>\n<\/td>\n<\/tr>\n<tr align=\"left\">\n<td style=\"text-align:center\" valign=\"middle\">\n<p><span style=\"font-size:14px;font-family:times new roman,times;background:#ffffff\">JRB-100<\/span><\/p>\n<\/td>\n<td style=\"text-align:center\" valign=\"middle\">\n<p><span style=\"font-size:14px;font-family:times new roman,times\"><span style=\"background:#ffffff\">110<\/span><span style=\"background:#ffffff\"> &#8211;<\/span><span style=\"background:#ffffff\"> 240V<\/span><span style=\"background:#ffffff\"> \/50-60Hz<\/span><\/span><\/p>\n<\/td>\n<td style=\"text-align:center\" valign=\"middle\">\n<p><span style=\"font-size:14px;font-family:times new roman,times;background:#ffffff\">100W<\/span><\/p>\n<\/td>\n<td style=\"text-align:center\" valign=\"middle\">\n<p><span style=\"font-size:14px;font-family:times new roman,times\"><span style=\"background:#ffffff\">10<\/span><span style=\"background:#ffffff\"> &#8211;<\/span><span style=\"background:#ffffff\"> 20<\/span><\/span><\/p>\n<\/td>\n<td style=\"text-align:center\" valign=\"middle\">\n<p><span style=\"font-size:14px;font-family:times new roman,times\"><span style=\"background:#ffffff\">45<\/span><span style=\"background:#ffffff\"> &#8211;<\/span><span style=\"background:#ffffff\"> 90<\/span><\/span><\/p>\n<\/td>\n<\/tr>\n<tr align=\"left\">\n<td style=\"text-align:center\" valign=\"middle\">\n<p><span style=\"font-size:14px;font-family:times new roman,times;background:#ffffff\">JRB-200<\/span><\/p>\n<\/td>\n<td style=\"text-align:center\" valign=\"middle\">\n<p><span style=\"font-size:14px;font-family:times new roman,times\"><span style=\"background:#ffffff\">110<\/span><span style=\"background:#ffffff\"> &#8211;<\/span><span style=\"background:#ffffff\"> 240V<\/span><span style=\"background:#ffffff\"> \/50-60Hz<\/span><\/span><\/p>\n<\/td>\n<td style=\"text-align:center\" valign=\"middle\">\n<p><span style=\"font-size:14px;font-family:times new roman,times;background:#ffffff\">200W<\/span><\/p>\n<\/td>\n<td style=\"text-align:center\" valign=\"middle\">\n<p><span style=\"font-size:14px;font-family:times new roman,times\"><span style=\"background:#ffffff\">20<\/span><span style=\"background:#ffffff\"> &#8211;<\/span><span style=\"background:#ffffff\"> 40<\/span><\/span><\/p>\n<\/td>\n<td style=\"text-align:center\" valign=\"middle\">\n<p><span style=\"font-size:14px;font-family:times new roman,times\"><span style=\"background:#ffffff\">90<\/span><span style=\"background:#ffffff\"> &#8211;<\/span><span style=\"background:#ffffff\"> 180<\/span><\/span><\/p>\n<\/td>\n<\/tr>\n<tr align=\"left\">\n<td style=\"text-align:center\" valign=\"middle\">\n<p><span style=\"font-size:14px;font-family:times new roman,times;background:#ffffff\">JRB-300<\/span><\/p>\n<\/td>\n<td style=\"text-align:center\" valign=\"middle\">\n<p><span style=\"font-size:14px;font-family:times new roman,times\"><span style=\"background:#ffffff\">110<\/span><span style=\"background:#ffffff\"> &#8211;<\/span><span style=\"background:#ffffff\"> 240V<\/span><span style=\"background:#ffffff\"> \/50-60Hz<\/span><\/span><\/p>\n<\/td>\n<td style=\"text-align:center\" valign=\"middle\">\n<p><span style=\"font-size:14px;font-family:times new roman,times;background:#ffffff\">300W<\/span><\/p>\n<\/td>\n<td style=\"text-align:center\" valign=\"middle\">\n<p><span style=\"font-size:14px;font-family:times new roman,times\"><span style=\"background:#ffffff\">30<\/span><span style=\"background:#ffffff\"> &#8211;<\/span><span style=\"background:#ffffff\"> 60<\/span><\/span><\/p>\n<\/td>\n<td style=\"text-align:center\" valign=\"middle\">\n<p><span style=\"font-size:14px;font-family:times new roman,times\"><span style=\"background:#ffffff\">135<\/span><span style=\"background:#ffffff\"> &#8211;<\/span><span style=\"background:#ffffff\"> 270<\/span><\/span><\/p>\n<\/td>\n<\/tr>\n<tr align=\"left\">\n<td style=\"text-align:center\" valign=\"middle\">\n<p><span style=\"font-size:14px;font-family:times new roman,times;background:#ffffff\">JRB-210<\/span><\/p>\n<\/td>\n<td style=\"text-align:center\" valign=\"middle\">\n<p><span style=\"font-size:14px;font-family:times new roman,times\"><span style=\"background:#ffffff\">110<\/span><span style=\"background:#ffffff\"> &#8211;<\/span><span style=\"background:#ffffff\"> 240V<\/span><span style=\"background:#ffffff\"> \/50-60Hz<\/span><\/span><\/p>\n<\/td>\n<td style=\"text-align:center\" valign=\"middle\">\n<p><span style=\"font-size:14px;font-family:times new roman,times;background:#ffffff\">100W<\/span><\/p>\n<\/td>\n<td style=\"text-align:center\" valign=\"middle\">\n<p><span style=\"font-size:14px;font-family:times new roman,times\"><span style=\"background:#ffffff\">10<\/span><span style=\"background:#ffffff\"> &#8211;<\/span><span style=\"background:#ffffff\"> 20<\/span><\/span><\/p>\n<\/td>\n<td style=\"text-align:center\" valign=\"middle\">\n<p><span style=\"font-size:14px;font-family:times new roman,times\"><span style=\"background:#ffffff\">45<\/span><span style=\"background:#ffffff\"> &#8211;<\/span><span style=\"background:#ffffff\"> 90<\/span><\/span><\/p>\n<\/td>\n<\/tr>\n<tr align=\"left\">\n<td style=\"text-align:center\" valign=\"middle\">\n<p><span style=\"font-size:14px;font-family:times new roman,times;background:#ffffff\">JRB-220<\/span><\/p>\n<\/td>\n<td style=\"text-align:center\" valign=\"middle\">\n<p><span style=\"font-size:14px;font-family:times new roman,times\"><span style=\"background:#ffffff\">110<\/span><span style=\"background:#ffffff\"> &#8211;<\/span><span style=\"background:#ffffff\"> 240V<\/span><span style=\"background:#ffffff\"> \/50-60Hz<\/span><\/span><\/p>\n<\/td>\n<td style=\"text-align:center\" valign=\"middle\">\n<p><span style=\"font-size:14px;font-family:times new roman,times;background:#ffffff\">200W<\/span><\/p>\n<\/td>\n<td style=\"text-align:center\" valign=\"middle\">\n<p><span style=\"font-size:14px;font-family:times new roman,times\"><span style=\"background:#ffffff\">20<\/span><span style=\"background:#ffffff\"> &#8211;<\/span><span style=\"background:#ffffff\"> 40<\/span><\/span><\/p>\n<\/td>\n<td style=\"text-align:center\" valign=\"middle\">\n<p><span style=\"font-size:14px;font-family:times new roman,times\"><span style=\"background:#ffffff\">90<\/span><span style=\"background:#ffffff\"> &#8211;<\/span><span style=\"background:#ffffff\"> 180<\/span><\/span><\/p>\n<\/td>\n<\/tr>\n<tr align=\"left\">\n<td style=\"text-align:center\" valign=\"middle\">\n<p><span style=\"font-size:14px;font-family:times new roman,times;background:#ffffff\">JRB-230<\/span><\/p>\n<\/td>\n<td style=\"text-align:center\" valign=\"middle\">\n<p><span style=\"font-size:14px;font-family:times new roman,times\"><span style=\"background:#ffffff\">110<\/span><span style=\"background:#ffffff\"> &#8211;<\/span><span style=\"background:#ffffff\"> 240V<\/span><span style=\"background:#ffffff\"> \/50-60Hz<\/span><\/span><\/p>\n<\/td>\n<td style=\"text-align:center\" valign=\"middle\">\n<p><span style=\"font-size:14px;font-family:times new roman,times;background:#ffffff\">300W<\/span><\/p>\n<\/td>\n<td style=\"text-align:center\" valign=\"middle\">\n<p><span style=\"font-size:14px;font-family:times new roman,times\"><span style=\"background:#ffffff\">30<\/span><span style=\"background:#ffffff\"> &#8211;<\/span><span style=\"background:#ffffff\"> 60<\/span><\/span><\/p>\n<\/td>\n<td style=\"text-align:center\" valign=\"middle\">\n<p><span style=\"font-size:14px;font-family:times new roman,times\"><span style=\"background:#ffffff\">135<\/span><span style=\"background:#ffffff\"> &#8211;<\/span><span style=\"background:#ffffff\"> 270<\/span><\/span><\/p>\n<\/td>\n<\/tr>\n<tr align=\"left\">\n<td style=\"text-align:center\" valign=\"middle\">\n<p><span style=\"font-size:14px;font-family:times new roman,times\"><span style=\"background:#ffffff\">JRB-2<\/span><span style=\"background:#ffffff\"> 50<\/span><\/span><\/p>\n<\/td>\n<td style=\"text-align:center\" valign=\"middle\">\n<p><span style=\"font-size:14px;font-family:times new roman,times\"><span style=\"background:#ffffff\">110<\/span><span style=\"background:#ffffff\"> &#8211;<\/span><span style=\"background:#ffffff\"> 240V<\/span><span style=\"background:#ffffff\"> \/50-60Hz<\/span><\/span><\/p>\n<\/td>\n<td style=\"text-align:center\" valign=\"middle\">\n<p><span style=\"font-size:14px;font-family:times new roman,times\">500W<\/span><\/p>\n<\/td>\n<td style=\"text-align:center\" valign=\"middle\">\n<p><span style=\"font-size:14px;font-family:times new roman,times\">50-90<\/span><\/p>\n<\/td>\n<td style=\"text-align:center\" valign=\"middle\">\n<p><span style=\"font-size:14px;font-family:times new roman,times\">228-410<\/span><\/p>\n<\/td>\n<\/tr>\n<\/tbody>\n<\/table>\n<\/p>\n<p><span style=\"font-size:18px;font-family:arial,helvetica,sans-serif;color:#000000\"><strong>Achtung:<\/strong><\/span><span style=\"font-family:arial,helvetica,sans-serif\"><strong><span style=\"font-size:10.5pt\"><br \/><\/span><\/strong><span style=\"font-size:10.5pt\">1.Der Wasserstand darf nicht unter der \u201eMININUM\u201c-Marke liegen<\/span><\/span><\/p>\n<p><span style=\"font-size:10.5pt;font-family:arial,helvetica,sans-serif\">2.Die maximale Eintauchtiefe sollte innerhalb von 120 cm liegen<\/span><\/p>\n<p><span style=\"font-size:10.5pt;font-family:comic sans ms,sans-serif\"><span style=\"font-family:arial,helvetica,sans-serif\">3.Netzstecker immer h\u00f6her als der Wassertank <\/span><img decoding=\"async\" alt=\"JRB_02.jpg\" src=\"http:\/\/localhost\/media\/import\/detail\/HTB1tgwRFFXXXXbMapXXq6xXFXXXu.jpg\"><img decoding=\"async\" alt=\"JRB_03.jpg\" src=\"http:\/\/localhost\/media\/import\/detail\/HTB1UEs9FFXXXXb3XXXXq6xXFXXXQ.jpg\"><img decoding=\"async\" alt=\"JRB_04.jpg\" src=\"http:\/\/localhost\/media\/import\/detail\/HTB1i3gYFFXXXXaIXFXXq6xXFXXXl.jpg\"><img decoding=\"async\" alt=\"JRB_05.jpg\" src=\"http:\/\/localhost\/media\/import\/detail\/HTB1BxcZFFXXXXX7apXXq6xXFXXXg.jpg\"><img decoding=\"async\" alt=\"JRB_06.jpg\" src=\"http:\/\/localhost\/media\/import\/detail\/HTB15n3_FFXXXXXaXXXXq6xXFXXXH.jpg\"><\/span><\/p>\n","protected":false},"excerpt":{"rendered":"<p>300 W 110 V-240 V 50\/60 Hz Aquariumheizung JRB-300<\/p>\n","protected":false},"featured_media":5208,"comment_status":"open","ping_status":"closed","template":"","meta":[],"product_brand":[],"product_cat":[1326],"product_tag":[],"class_list":{"0":"post-37470","1":"product","2":"type-product","3":"status-publish","4":"has-post-thumbnail","6":"product_cat-aquariumheizung-temperaturregler","8":"first","9":"instock","10":"shipping-taxable","11":"purchasable","12":"product-type-simple"},"_links":{"self":[{"href":"https:\/\/www.myaquastore.com\/de\/wp-json\/wp\/v2\/product\/37470","targetHints":{"allow":["GET"]}}],"collection":[{"href":"https:\/\/www.myaquastore.com\/de\/wp-json\/wp\/v2\/product"}],"about":[{"href":"https:\/\/www.myaquastore.com\/de\/wp-json\/wp\/v2\/types\/product"}],"replies":[{"embeddable":true,"href":"https:\/\/www.myaquastore.com\/de\/wp-json\/wp\/v2\/comments?post=37470"}],"wp:featuredmedia":[{"embeddable":true,"href":"https:\/\/www.myaquastore.com\/de\/wp-json\/wp\/v2\/media\/5208"}],"wp:attachment":[{"href":"https:\/\/www.myaquastore.com\/de\/wp-json\/wp\/v2\/media?parent=37470"}],"wp:term":[{"taxonomy":"product_brand","embeddable":true,"href":"https:\/\/www.myaquastore.com\/de\/wp-json\/wp\/v2\/product_brand?post=37470"},{"taxonomy":"product_cat","embeddable":true,"href":"https:\/\/www.myaquastore.com\/de\/wp-json\/wp\/v2\/product_cat?post=37470"},{"taxonomy":"product_tag","embeddable":true,"href":"https:\/\/www.myaquastore.com\/de\/wp-json\/wp\/v2\/product_tag?post=37470"}],"curies":[{"name":"wp","href":"https:\/\/api.w.org\/{rel}","templated":true}]}}