{"id":37472,"date":"2016-09-25T23:28:22","date_gmt":"2016-09-25T23:28:22","guid":{"rendered":"https:\/\/www.myaquastore.com\/product\/das-100-w-dc-24-v-olfreie-industrielle-magnetische-luftgeblase-hz-120a-verfugt-uber-einen-hochwertigen-dc-permanentmagnetmotor\/"},"modified":"2025-03-16T08:47:39","modified_gmt":"2025-03-16T08:47:39","slug":"das-100-w-dc-24-v-olfreie-industrielle-magnetische-luftgeblase-hz-120a-verfugt-uber-einen-hochwertigen-dc-permanentmagnetmotor","status":"publish","type":"product","link":"https:\/\/www.myaquastore.com\/de\/produkt\/das-100-w-dc-24-v-olfreie-industrielle-magnetische-luftgeblase-hz-120a-verfugt-uber-einen-hochwertigen-dc-permanentmagnetmotor\/","title":{"rendered":"Das 100 W DC 24 V \u00f6lfreie industrielle magnetische Luftgebl\u00e4se HZ-120A verf\u00fcgt \u00fcber einen hochwertigen DC-Permanentmagnetmotor"},"content":{"rendered":"<div style=\"clear:both\"><\/div>\n<p><span style=\"color:#ff0000\"><em><strong><span style=\"font-size:18px\">100W DC 24V \u00d6lfreies industrielles magnetisches Luftgebl\u00e4se HZ-120A <\/span><\/strong><\/em><\/span><\/p>\n<\/p>\n<p><strong>Eigenschaften:<\/strong><\/p>\n<p><strong>1. Verwenden Sie einen hochwertigen Gleichstrom-Permanentmagnetmotor, der daf\u00fcr sorgt, dass sich der Kolben im Zylinder hin- und herbewegt<\/strong><\/p>\n<p><strong> und einen Luftstrom mit gro\u00dfer Leistung und hohem Druck erzeugt.<\/strong><\/p>\n<p><strong>2. \u00d6lfreies Schmierdesign zur Erzeugung reiner Druckluft.<\/strong><\/p>\n<p><strong>3. Nehmen Sie eine Aluminiumlegierung an. Das Geh\u00e4use hat ein kleines Volumen, eine schnelle W\u00e4rmeableitung und ist leicht zu bewegen.<\/strong><\/p>\n<p><strong>4. Phosphorisierungsdisposition, regelm\u00e4\u00dfige F\u00e4rbung und Klebekraft.<\/strong><\/p>\n<p><strong><\/strong> <\/p>\n<p><strong><span style=\"font-size:14px;background-color:#ffff00\">\u00d6lfreie industrielle magnetische Luftgebl\u00e4separameter<\/span><\/strong><span style=\"font-size:14px;background-color:#ffff00\"> <\/span><\/p>\n<table class=\"aliDataTable\" style=\"width:80%\" border=\"4\">\n<tbody>\n<tr>\n<td><span style=\"font-size:14px\">Modell<\/span><\/td>\n<td><span style=\"font-size:14px\">Spannung<\/span><\/td>\n<td><span style=\"font-size:14px\">Leistung<\/span><\/td>\n<td><span style=\"font-size:14px\">Druck<\/span><\/td>\n<td><span style=\"font-size:14px\">Ausgabe<\/span><\/td>\n<td><span style=\"font-size:14px\">Gewicht<\/span><\/td>\n<td><span style=\"font-size:14px\">Abmessungen<\/span><\/td>\n<\/tr>\n<tr>\n<td><span style=\"font-size:14px\">HZ-035A<\/span><\/td>\n<td><span style=\"font-size:14px\">1,8 kg<\/span><\/td>\n<td><span style=\"font-size:14px\">200*96*122mm<\/span><\/td>\n<\/tr>\n<tr>\n<td><span style=\"font-size:14px\">HZ-060<\/span><\/td>\n<td><span style=\"font-size:14px\">DC 12 V 60 W 0,07 MPa 85 l\/min 12 V style=&#8220;font-size:14px;&#8220;&gt;3kg<\/span><\/td>\n<td><span style=\"font-size:14px\">235*110*140mm<\/span><\/td>\n<\/tr>\n<tr>\n<td><span style=\"font-size:14px\">HZ-100<\/span><\/td>\n<td><span style=\"font-size:14px\">DC 12V<\/span><\/td>\n<td><span style=\"font-size:14px\">100W<\/span><\/td>\n<td><span style=\"font-size:14px\">0,08 MPa<\/span><\/td>\n<td><span style=\"font-size:14px\">105L\/min<\/span><\/td>\n<td><span style=\"font-size:14px\">3,8kg<\/span><\/td>\n<td><span style=\"font-size:14px\">255*124*150mm<\/span><\/td>\n<\/tr>\n<tr>\n<td><span style=\"font-size:14px\">HZ-120<\/span><\/td>\n<td><span style=\"font-size:14px\">DC 12V<\/span><\/td>\n<td><span style=\"font-size:14px\">120W<\/span><\/td>\n<td><span style=\"font-size:14px\">0,1MPa<\/span><\/td>\n<td><span style=\"font-size:14px\">125L\/min<\/span><\/td>\n<td><span style=\"font-size:14px\">4kg<\/span><\/td>\n<td><span style=\"font-size:14px\">265*140*151mm<\/span><\/td>\n<\/tr>\n<tr>\n<td><span style=\"font-size:14px\">HZ-035B<\/span><\/td>\n<td><span style=\"font-size:14px\">DC 6V<\/span><\/td>\n<td><span style=\"font-size:14px\">35W<\/span><\/td>\n<td><span style=\"font-size:14px\">0,055MPa<\/span><\/td>\n<td><span style=\"font-size:14px\">50L\/min<\/span><\/td>\n<td><span style=\"font-size:14px\">1,8 kg<\/span><\/td>\n<td><span style=\"font-size:14px\">200*96*122mm<\/span><\/td>\n<\/tr>\n<tr>\n<td><span style=\"font-size:14px\">HZ-100A<\/span><\/td>\n<td><span style=\"font-size:14px\">DC 24V<\/span><\/td>\n<td><span style=\"font-size:14px\">100W<\/span><\/td>\n<td><span style=\"font-size:14px\">0,08 MPa<\/span><\/td>\n<td><span style=\"font-size:14px\">105 L\/min L\/min<\/span><\/td>\n<td><span style=\"font-size:14px\">3,8 kg<\/span><\/td>\n<td><span style=\"font-size:14px\">255*124*150mm<\/span><\/td>\n<\/tr>\n<tr>\n<td><span style=\"font-size:14px\">HZ-120A<\/span><\/td>\n<td><span style=\"font-size:14px\">DC 24V<\/span><\/td>\n<td><span style=\"font-size:14px\">120W<\/span><\/td>\n<td><span style=\"font-size:14px\">0,1MPa<\/span><\/td>\n<td><span style=\"font-size:14px\">125L\/min<\/span><\/td>\n<td><span style=\"font-size:14px\">4kg<\/span><\/td>\n<td><span style=\"font-size:14px\">265*140*151mm<\/span><\/td>\n<\/tr>\n<tr>\n<td><span style=\"font-size:14px\">HT-200\/-Z<\/span><\/td>\n<td><span style=\"font-size:14px\">220V\/50Hz<\/span><\/td>\n<td><span style=\"font-size:14px\">20W<\/span><\/td>\n<td><span style=\"font-size:14px\">25kpa<\/span><\/td>\n<td><span style=\"font-size:14px\">1,8cbm\/h<\/span><\/td>\n<td><span style=\"font-size:14px\">3,0 kg<\/span><\/td>\n<td><span style=\"font-size:14px\">230*140*150mm<\/span><\/td>\n<\/tr>\n<tr>\n<td><span style=\"font-size:14px\">HT-400<\/span><\/td>\n<td><span style=\"font-size:14px\">220V\/50Hz<\/span><\/td>\n<td><span style=\"font-size:14px\">30W<\/span><\/td>\n<td><span style=\"font-size:14px\">25kpa<\/span><\/td>\n<td><span style=\"font-size:14px\">2,4cbm\/h<\/span><\/td>\n<td><span style=\"font-size:14px\">3,5 kg<\/span><\/td>\n<td><span style=\"font-size:14px\">258*168*179mm<\/span><\/td>\n<\/tr>\n<tr>\n<td><span style=\"font-size:14px\">HT-500<\/span><\/td>\n<td><span style=\"font-size:14px\">220V\/50Hz<\/span><\/td>\n<td><span style=\"font-size:14px\">50W<\/span><\/td>\n<td><span style=\"font-size:14px\">30kpa<\/span><\/td>\n<td><span style=\"font-size:14px\">3,5cbm\/h<\/span><\/td>\n<td><span style=\"font-size:14px\">5,5 kg<\/span><\/td>\n<td><span style=\"font-size:14px\">226,5*165*220mm<\/span><\/td>\n<\/tr>\n<tr>\n<td><span style=\"font-size:14px\">HT-501<\/span><\/td>\n<td><span style=\"font-size:14px\">220V\/50Hz<\/span><\/td>\n<td><span style=\"font-size:14px\">50W<\/span><\/td>\n<td><span style=\"font-size:14px\">30kpa<\/span><\/td>\n<td><span style=\"font-size:14px\">2,8cbm\/h<\/span><\/td>\n<td><span style=\"font-size:14px\">5,5 kg<\/span><\/td>\n<td><span style=\"font-size:14px\">224,5*165*200mm<\/span><\/td>\n<\/tr>\n<tr>\n<td><span style=\"font-size:14px\">HT-650<\/span><\/td>\n<td><span style=\"font-size:14px\">220V\/50Hz<\/span><\/td>\n<td><span style=\"font-size:14px\">65W<\/span><\/td>\n<td><span style=\"font-size:14px\">35kpa<\/span><\/td>\n<td><span style=\"font-size:14px\">4,5cbm\/h<\/span><\/td>\n<td><span style=\"font-size:14px\">5,5kg<\/span><\/td>\n<td><span style=\"font-size:14px\">226,5*165*220mm<\/span><\/td>\n<\/tr>\n<tr>\n<td><span style=\"font-size:14px\">HT-651<\/span><\/td>\n<td><span style=\"font-size:14px\">220V\/50Hz<\/span><\/td>\n<td><span style=\"font-size:14px\">65W<\/span><\/td>\n<td><span style=\"font-size:14px\">35kpa<\/span><\/td>\n<td><span style=\"font-size:14px\">3,4cbm\/h<\/span><\/td>\n<td><span style=\"font-size:14px\">6,5kg<\/span><\/td>\n<td><span style=\"font-size:14px\">224,5*165*216mm<\/span><\/td>\n<\/tr>\n<\/tbody>\n<\/table>\n<p><span style=\"font-size:14px;background-color:#ffff00\"><strong>Dauerhafte DC-Industrieluftgebl\u00e4se werden angezeigt<\/strong><\/span> <\/p>\n<p><img decoding=\"async\" alt=\"100 W DC 24 V \u00f6lfreies industrielles magnetisches Luftgebl\u00e4se HZ-120A\" src=\"http:\/\/localhost\/media\/import\/detail\/544310271_455.jpg\"><img decoding=\"async\" alt=\"100 W DC 24 V \u00f6lfreies industrielles magnetisches Luftgebl\u00e4se HZ-120A\" src=\"http:\/\/localhost\/media\/import\/detail\/544310273_951.jpg\"><img decoding=\"async\" alt=\"100W DC 24V \u00d6lfreies industrielles magnetisches Luftgebl\u00e4se HZ-120A\" src=\"http:\/\/localhost\/media\/import\/detail\/544310276_851.jpg\"><img decoding=\"async\" alt=\"100W DC 24V \u00d6lfreies industrielles magnetisches Luftgebl\u00e4se HZ-120A\" src=\"http:\/\/localhost\/media\/import\/detail\/544310279_014.jpg\"><img decoding=\"async\" alt=\"100W DC 24V \u00d6lfreies industrielles magnetisches Luftgebl\u00e4se HZ-120A\" src=\"http:\/\/localhost\/media\/import\/detail\/544310282_932.jpg\"><\/p>\n<p><span style=\"font-size:12px\"><strong>Anwendung:<\/strong><\/span><\/p>\n<p><span style=\"font-size:12px\"><strong>Geeignet f\u00fcr lebende Fische in Fahrzeugen, Restaurants und Industrie. <\/strong><\/span><\/p>\n<p><span style=\"font-size:12px\"><strong>Hinweise:<\/strong><\/span><\/p>\n<p><span style=\"font-size:12px\"><strong>Platzieren Sie die Maschine \u00fcber dem Wasserspiegel, um zu verhindern, dass Wasser nach hinten flie\u00dft, oder sie sollte mit einer R\u00fccklaufsperre ausgestattet sein Ventil.<\/strong><\/span><\/p>\n<p><span style=\"font-size:14px;background-color:#ffff00\"><strong>Andere Aquarium-Luftpumpen mit gro\u00dfer Leistung der ACO-Serie zeigen<\/strong><\/span><\/p>\n<\/p>\n<p><img decoding=\"async\" alt=\"100 W DC 24 V \u00f6lfreies industrielles magnetisches Luftgebl\u00e4se HZ-120A\" src=\"http:\/\/localhost\/media\/import\/detail\/544311348_603.jpg\"><img decoding=\"async\" alt=\"100W DC 24V \u00d6lfreies industrielles magnetisches Luftgebl\u00e4se HZ-120A\" src=\"http:\/\/localhost\/media\/import\/detail\/544311350_875.jpg\"><img decoding=\"async\" alt=\"100W DC 24V \u00d6lfreies industrielles magnetisches Luftgebl\u00e4se HZ-120A\" src=\"http:\/\/localhost\/media\/import\/detail\/544311352_975.jpg\"><img decoding=\"async\" alt=\"100W DC 24V \u00d6lfreies industrielles magnetisches Luftgebl\u00e4se HZ-120A\" src=\"http:\/\/localhost\/media\/import\/detail\/544311354_319.jpg\"><img decoding=\"async\" alt=\"100W DC 24V \u00d6lfreies industrielles magnetisches Luftgebl\u00e4se HZ-120A\" src=\"http:\/\/localhost\/media\/import\/detail\/544311359_686.jpg\"><\/p>\n<div id=\"ali-anchor-AliPostDhMb-vyyp2\" style=\"padding-top:8px\" data-section-title=\"Unternehmensinformationen\" data-section=\"AliPostDhMb-vyyp2\"> <\/div>\n","protected":false},"excerpt":{"rendered":"<p>Das 100 W DC 24 V \u00f6lfreie industrielle magnetische Luftgebl\u00e4se HZ-120A verf\u00fcgt \u00fcber einen hochwertigen DC-Permanentmagnetmotor<\/p>\n","protected":false},"featured_media":5212,"comment_status":"open","ping_status":"closed","template":"","meta":[],"product_brand":[],"product_cat":[1379],"product_tag":[],"class_list":{"0":"post-37472","1":"product","2":"type-product","3":"status-publish","4":"has-post-thumbnail","6":"product_cat-luftpumpen-lieferungen","8":"first","9":"instock","10":"shipping-taxable","11":"purchasable","12":"product-type-simple"},"_links":{"self":[{"href":"https:\/\/www.myaquastore.com\/de\/wp-json\/wp\/v2\/product\/37472","targetHints":{"allow":["GET"]}}],"collection":[{"href":"https:\/\/www.myaquastore.com\/de\/wp-json\/wp\/v2\/product"}],"about":[{"href":"https:\/\/www.myaquastore.com\/de\/wp-json\/wp\/v2\/types\/product"}],"replies":[{"embeddable":true,"href":"https:\/\/www.myaquastore.com\/de\/wp-json\/wp\/v2\/comments?post=37472"}],"wp:featuredmedia":[{"embeddable":true,"href":"https:\/\/www.myaquastore.com\/de\/wp-json\/wp\/v2\/media\/5212"}],"wp:attachment":[{"href":"https:\/\/www.myaquastore.com\/de\/wp-json\/wp\/v2\/media?parent=37472"}],"wp:term":[{"taxonomy":"product_brand","embeddable":true,"href":"https:\/\/www.myaquastore.com\/de\/wp-json\/wp\/v2\/product_brand?post=37472"},{"taxonomy":"product_cat","embeddable":true,"href":"https:\/\/www.myaquastore.com\/de\/wp-json\/wp\/v2\/product_cat?post=37472"},{"taxonomy":"product_tag","embeddable":true,"href":"https:\/\/www.myaquastore.com\/de\/wp-json\/wp\/v2\/product_tag?post=37472"}],"curies":[{"name":"wp","href":"https:\/\/api.w.org\/{rel}","templated":true}]}}