{"id":37478,"date":"2016-09-25T23:28:22","date_gmt":"2016-09-25T23:28:22","guid":{"rendered":"https:\/\/www.myaquastore.com\/product\/sunsun-gunstiger-35-w-50-l-magnetischer-mini-weinbelufter-hz-035b\/"},"modified":"2025-03-16T08:47:40","modified_gmt":"2025-03-16T08:47:40","slug":"sunsun-gunstiger-35-w-50-l-magnetischer-mini-weinbelufter-hz-035b","status":"publish","type":"product","link":"https:\/\/www.myaquastore.com\/de\/produkt\/sunsun-gunstiger-35-w-50-l-magnetischer-mini-weinbelufter-hz-035b\/","title":{"rendered":"SUNSUN g\u00fcnstiger 35 W 50 l\/magnetischer Mini-Weinbel\u00fcfter HZ-035B"},"content":{"rendered":"<div style=\"clear:both\"><\/div>\n<p><span style=\"font-size: 18px\"><strong> SUNSUN g\u00fcnstiger 35w 50L\/ magnetischer Mini-Weinbel\u00fcfter <\/strong><\/span><\/p>\n<p><strong><span style=\"font-size: 10.5pt\">Funktionen<\/span><\/strong><\/p>\n<p><span style=\"font-size: 10.5pt\">Verwenden Sie einen hochwertigen Gleichstrom-Permanentmagnetmotor, der den Kolben bewegt reziprok im Zylinder <\/span><\/p>\n<p><span style=\"font-size: 10.5pt\">und <\/span><span style=\"font-size: 10.5pt\">erzeugen einen Luftstrom mit gro\u00dfer Leistung und hohem Druck.<\/span><\/p>\n<p><span style=\"font-size: 10.5pt\">\u00d6lfreies Schmierdesign f\u00fcr reinere Komprimierung Luft.<\/span><\/p>\n<p><span style=\"font-size: 10.5pt\">Aluminiumlegierung verwenden. Das Geh\u00e4use hat ein geringes Volumen, eine schnelle W\u00e4rmeableitung und ist leicht zu bewegen.<\/span><\/p>\n<p><span style=\"font-size: 10.5pt\">Phosphorisierung, regelm\u00e4\u00dfige Farbgebung und Klebekraft.<\/span><\/p>\n<p><span style=\"font-family: 'Times New Roman'\">Elektromagnetischer Linearmotor, hoher Wirkungsgrad, einfacher Aufbau. <\/span><\/p>\n<p><span style=\"font-family: 'Times New Roman'\">Einfache Konstruktion<\/span><\/p>\n<\/p>\n<p><strong><span style=\"font-size: 10,5pt\">Anwendung<\/span><\/strong><\/p>\n<p><span style=\"font-size: 10,5pt\">Seien Sie geeignet f\u00fcr lebende Fische in Fahrzeugen, Restaurants und der Industrie.<\/span><\/p>\n<p><span style=\"font-family: 'Times New Roman'\">Geeignet f\u00fcr Aquakulturen mit hoher Dichte, zur Sauerstoffzufuhr in gro\u00dfen Mengen<\/span><span style=\"color: #000000\"> s<\/span>&lt;span style=&quot;font-family: &#039;Times New Roman&#039;; Farbe: #000000; Schriftgr\u00f6\u00dfe: 12pt; <\/span><\/p>\n<p><span>F\u00fcr nicht \u00f6lkomprimierte Fl\u00fcssigkeiten<\/span><\/p>\n<p><span>Chemische Luftbehandlung in der chemischen und medizinischen Industrie.<\/span><\/p>\n<\/p>\n<p><strong><span style=\"font-size: 10.5pt\">Hinweis<\/span><\/strong><\/p>\n<p><span style=\"font-size: 10.5pt\">Stellen Sie die Maschine \u00fcber dem Wasserspiegel auf, um zu verhindern, dass Wasser zur\u00fcckflie\u00dft, oder sie sollte mit einem R\u00fcckschlagventil ausgestattet sein.<\/span><\/p>\n<\/p>\n<p><span style=\"font-size: 10.5pt\"><img loading=\"lazy\" decoding=\"async\" src=\"http:\/\/localhost\/media\/import\/detail\/531458899_847.jpg\" alt=\"SUNSUN g\u00fcnstiger 35w 50L\/ magnetischer Weinbel\u00fcfter\" width=\"800\" height=\"421\"><img loading=\"lazy\" decoding=\"async\" src=\"http:\/\/localhost\/media\/import\/detail\/531458901_926.jpg\" alt=\"SUNSUN g\u00fcnstiger 35w 50L\/ magnetischer Weinbel\u00fcfter\" width=\"800\" height=\"417\"><\/span><\/p>\n<p><span style=\"font-size: 10.5pt\"> <strong><span style=\"line-height: 21px\"><a title=\"Homepage\" href=\"http:\/\/gzweierma.en.alibaba.com\/\"><img decoding=\"async\" src=\"http:\/\/localhost\/media\/import\/detail\/HTB14Ww.IXXXXXauaXXXq6xXFXXXG.jpg\" alt=\"SUNSUN g\u00fcnstiger 35w 50L\/ magnetischer Mini-Weinbel\u00fcfter\"><\/a><\/span><\/strong><br \/> <\/span><\/p>\n<div style=\"clear:both\"><\/div>\n","protected":false},"excerpt":{"rendered":"<p>SUNSUN g\u00fcnstiger 35 W 50 l\/magnetischer Mini-Weinbel\u00fcfter HZ-035B<\/p>\n","protected":false},"featured_media":5224,"comment_status":"open","ping_status":"closed","template":"","meta":[],"product_brand":[],"product_cat":[1379],"product_tag":[],"class_list":{"0":"post-37478","1":"product","2":"type-product","3":"status-publish","4":"has-post-thumbnail","6":"product_cat-luftpumpen-lieferungen","8":"first","9":"instock","10":"shipping-taxable","11":"purchasable","12":"product-type-simple"},"_links":{"self":[{"href":"https:\/\/www.myaquastore.com\/de\/wp-json\/wp\/v2\/product\/37478","targetHints":{"allow":["GET"]}}],"collection":[{"href":"https:\/\/www.myaquastore.com\/de\/wp-json\/wp\/v2\/product"}],"about":[{"href":"https:\/\/www.myaquastore.com\/de\/wp-json\/wp\/v2\/types\/product"}],"replies":[{"embeddable":true,"href":"https:\/\/www.myaquastore.com\/de\/wp-json\/wp\/v2\/comments?post=37478"}],"wp:featuredmedia":[{"embeddable":true,"href":"https:\/\/www.myaquastore.com\/de\/wp-json\/wp\/v2\/media\/5224"}],"wp:attachment":[{"href":"https:\/\/www.myaquastore.com\/de\/wp-json\/wp\/v2\/media?parent=37478"}],"wp:term":[{"taxonomy":"product_brand","embeddable":true,"href":"https:\/\/www.myaquastore.com\/de\/wp-json\/wp\/v2\/product_brand?post=37478"},{"taxonomy":"product_cat","embeddable":true,"href":"https:\/\/www.myaquastore.com\/de\/wp-json\/wp\/v2\/product_cat?post=37478"},{"taxonomy":"product_tag","embeddable":true,"href":"https:\/\/www.myaquastore.com\/de\/wp-json\/wp\/v2\/product_tag?post=37478"}],"curies":[{"name":"wp","href":"https:\/\/api.w.org\/{rel}","templated":true}]}}