{"id":37498,"date":"2016-09-25T23:28:23","date_gmt":"2016-09-25T23:28:23","guid":{"rendered":"https:\/\/www.myaquastore.com\/product\/sunsun-5000-l-h-58-w-uvc-sterilisator-fur-teichaquarien-ce-gs-cuv-155\/"},"modified":"2025-03-16T08:47:45","modified_gmt":"2025-03-16T08:47:45","slug":"sunsun-5000-l-h-58-w-uvc-sterilisator-fur-teichaquarien-ce-gs-cuv-155","status":"publish","type":"product","link":"https:\/\/www.myaquastore.com\/de\/produkt\/sunsun-5000-l-h-58-w-uvc-sterilisator-fur-teichaquarien-ce-gs-cuv-155\/","title":{"rendered":"SUNSUN 5000 l\/h 58 W UVC-Sterilisator f\u00fcr Teichaquarien (CE, GS) CUV-155"},"content":{"rendered":"<div style=\"clear:both\"><\/div>\n<div id=\"ali-anchor-AliPostDhMb-kiky5\" style=\"padding-top:8px\" data-section-title=\"name\" data-section=\"AliPostDhMb-kiky5\">\n<div id=\"ali-title-AliPostDhMb-kiky5\" style=\"border-bottom:#ddd 1px solid;padding-bottom:8px;padding-top:8px;padding-left:0px;padding-right:0px\"><span style=\"font-weight:bold;color:#333;padding-bottom:8px;padding-top:8px;padding-left:10px;line-height:12px;padding-right:10px;background-color:#ddd\">name<\/span><\/div>\n<div style=\"padding-bottom:10px;padding-top:10px;padding-left:0px;padding-right:0px\">\n<p><img decoding=\"async\" alt=\"SUNSUN 5000L\/h 58W UVC-Sterilisator f\u00fcr Teichaquarien (CE, GS)\" src=\"http:\/\/localhost\/media\/import\/detail\/HTB11qiMJVXXXXXWXVXXq6xXFXXXQ.jpg\"><span> <\/span><\/p>\n<\/div>\n<\/div>\n<p style=\"text-align:center\"><strong><span style=\"font-size:24px\">SUNSUN 5000L\/h 58W UVC-Sterilisator f\u00fcr Teichaquarien (CE, GS)<\/span><\/strong><\/p>\n<div id=\"ali-anchor-AliPostDhMb-c5z2w\" style=\"padding-top:8px\" data-section-title=\"Produktbeschreibung\" data-section=\"AliPostDhMb-c5z2w\">\n<div id=\"ali-title-AliPostDhMb-c5z2w\" style=\"border-bottom:#ddd 1px solid;padding-bottom:8px;padding-top:8px;padding-left:0px;padding-right:0px\"><span style=\"font-weight:bold;color:#333;padding-bottom:8px;padding-top:8px;padding-left:10px;line-height:12px;padding-right:10px;background-color:#ddd\">Produktbeschreibung<\/span><\/div>\n<div style=\"padding-bottom:10px;padding-top:10px;padding-left:0px;padding-right:0px\">\n<p><span style=\"font-family:arial, helvetica, sans-serif\"><strong>1.Features:<\/strong><\/span><\/p>\n<\/div>\n<\/div>\n<p style=\"text-align:left\"><span style=\"font-size:18px;font-family:arial, helvetica, sans-serif;color:#000000\">1. Diese UV-C-Ger\u00e4te halten Ihren Teich sauber und Ihre Fische gesund.<\/span><\/p>\n<p style=\"text-align:left\"><span style=\"font-size:18px;font-family:arial, helvetica, sans-serif\"><span style=\"color:#000000\">2. Die Innenseite aus Edelstahl reflektiert die UV-C-Strahlung, was die Effizienz um bis zu 30 % erh\u00f6ht. Dar\u00fcber hinaus sch\u00fctzt diese Edelstahl-Innenseite <\/span><span style=\"color:#000000\">das Kunststoffgeh\u00e4use <\/span><\/span><\/p>\n<p style=\"text-align:left\"><span style=\"font-size:18px;font-family:arial, helvetica, sans-serif\"><span style=\"color:#000000\"> vor der UV-C-Strahlung.<\/span><\/span><\/p>\n<p style=\"text-align:left\"><span style=\"font-size:18px;font-family:arial, helvetica, sans-serif;color:#000000\">3. Diese UV-C-Ger\u00e4te (einschlie\u00dflich Geh\u00e4use) verf\u00fcgen \u00fcber einen Erdungsanschluss, der sicherer ist<\/span><\/p>\n<p style=\"text-align:left\"><span style=\"font-size:18px;font-family:arial, helvetica, sans-serif;color:#000000\">.<\/span><\/p>\n<p style=\"text-align:left\"><span style=\"font-size:18px;font-family:arial, helvetica, sans-serif\"><span style=\"color:#000000\">4. Durch ein spezielles Anschlussdesign k\u00f6nnen diese UV-C-Ger\u00e4te maximal <\/span><span style=\"color:#000000\">10 <\/span><\/span><\/p>\n<p style=\"text-align:left\"><span style=\"font-size:18px;font-family:arial, helvetica, sans-serif\"><span style=\"color:#000000\"> Meter unter Wasser betrieben werden Druck.<\/span><\/span><\/p>\n<p style=\"text-align:left\">\n<p style=\"text-align:left\"><img decoding=\"async\" alt=\"SUNSUN 5000L\/h 58W UVC-Sterilisator f\u00fcr Teichaquarien (CE, GS)\" src=\"http:\/\/localhost\/media\/import\/detail\/758036556_314.jpg\"> <\/p>\n<\/p>\n<p><span style=\"font-family:arial, helvetica, sans-serif;color:#000000\"><strong><span style=\"font-size:24px\">2.Die Spezifikationen:<\/span><\/strong><\/span><\/p>\n<\/p>\n<table class=\"aliDataTable\" style=\"height:289px;width:672px\" cellspacing=\"0\" cellpadding=\"0\" border=\"1\">\n<tbody>\n<tr style=\"height:15.6pt\" align=\"left\">\n<td style=\"width:197.25pt\" valign=\"top\">\n<p><span style=\"font-size:18px;font-family:arial, helvetica, sans-serif\">1.Item<\/span><\/p>\n<\/td>\n<td style=\"width:197.05pt\" valign=\"top\">\n<p><span style=\"font-size:18px;font-family:arial, helvetica, sans-serif\">CUV-155<\/span><\/p>\n<\/td>\n<\/tr>\n<tr style=\"height:16.35pt\" align=\"left\">\n<td valign=\"top\">\n<p><span style=\"font-size:18px;font-family:arial, helvetica, sans-serif\">2.Stromverbrauch (W)<\/span><\/p>\n<\/td>\n<td valign=\"top\"><span style=\"font-size:18px;font-family:arial, helvetica, sans-serif\">58<\/span><\/td>\n<\/tr>\n<tr style=\"height:16.35pt\" align=\"left\">\n<td valign=\"top\">\n<p><span style=\"font-size:18px;font-family:arial, helvetica, sans-serif\">3.UV-C(W)<\/span><\/p>\n<\/td>\n<td valign=\"top\">\n<p><span style=\"font-size:18px;font-family:arial, helvetica, sans-serif\">55<\/span><\/p>\n<\/td>\n<\/tr>\n<tr style=\"height:15.6pt\" align=\"left\">\n<td valign=\"top\">\n<p><span style=\"font-size:18px;font-family:arial, helvetica, sans-serif\">4.UV-C(%)hours<\/span><\/p>\n<\/td>\n<td valign=\"top\">\n<p><span style=\"font-size:18px;font-family:arial, helvetica, sans-serif\">85<\/span><\/p>\n<\/td>\n<\/tr>\n<tr style=\"height:16.35pt\" align=\"left\">\n<td valign=\"top\">\n<p><span style=\"font-size:18px;font-family:arial, helvetica, sans-serif\">5.Capacity(L)<\/span><\/p>\n<\/td>\n<td valign=\"top\"><span style=\"font-size:18px;font-family:arial, helvetica, sans-serif\">50000<\/span><\/td>\n<\/tr>\n<tr style=\"height:15.6pt\" align=\"left\">\n<td valign=\"top\">\n<p><span style=\"font-size:18px;font-family:arial, helvetica, sans-serif\">6.Max Druck (bar)<\/span><\/p>\n<\/td>\n<td valign=\"top\">\n<p><span style=\"font-size:18px;font-family:arial, helvetica, sans-serif\">0.3<\/span><\/p>\n<\/td>\n<\/tr>\n<tr style=\"height:16.35pt\" align=\"left\">\n<td valign=\"top\">\n<p><span style=\"font-size:18px;font-family:arial, helvetica, sans-serif\">7.Through Flow(L\/h)<\/span><\/p>\n<\/td>\n<td valign=\"top\">\n<p><span style=\"font-size:18px;font-family:arial, helvetica, sans-serif\">5000<\/span><\/p>\n<\/td>\n<\/tr>\n<tr style=\"height:15.6pt\" align=\"left\">\n<td valign=\"top\">\n<p><span style=\"font-size:18px;font-family:arial, helvetica, sans-serif\">8.Kabell\u00e4nge<\/span><\/p>\n<\/td>\n<td valign=\"top\">\n<p><span style=\"font-size:18px;font-family:arial, helvetica, sans-serif\">1m\/4m<\/span><\/p>\n<\/td>\n<\/tr>\n<tr style=\"height:17.25pt\" align=\"left\">\n<td valign=\"top\">\n<p><span style=\"font-size:18px;font-family:arial, helvetica, sans-serif\">9. L\u00e4nge<\/span><\/p>\n<\/td>\n<td valign=\"top\">\n<p><span style=\"font-size:18px;font-family:arial, helvetica, sans-serif\">672<\/span><\/p>\n<\/td>\n<\/tr>\n<tr style=\"height:15pt\" align=\"left\">\n<td valign=\"top\">\n<p><span style=\"font-size:18px;font-family:arial, helvetica, sans-serif\">10.Quality<\/span><\/p>\n<\/td>\n<td valign=\"top\">\n<p align=\"left\"><span style=\"font-family:arial, helvetica, sans-serif\"> <\/span><\/p>\n<p align=\"left\"><span style=\"font-size:18px;font-family:arial, helvetica, sans-serif\">das gr\u00f6\u00dfte Unternehmen f\u00fcr Wasserprodukte in China.<\/span><\/p>\n<\/td>\n<\/tr>\n<tr style=\"height:4.6pt\" align=\"left\">\n<td valign=\"top\">\n<p><span style=\"font-size:18px;font-family:arial, helvetica, sans-serif\">11.Sell Point <\/span><\/p>\n<\/td>\n<td valign=\"top\">\n<p><span style=\"font-size:18px;font-family:arial, helvetica, sans-serif\">China bekannt Marke, genehmigt durch GS, CE<\/span><\/p>\n<\/td>\n<\/tr>\n<\/tbody>\n<\/table>\n<\/p>\n<p style=\"background:#ffffff\">\n<p style=\"background:#ffffff\"><span style=\"font-family:arial, helvetica, sans-serif\"><strong><span style=\"font-size:24px\">3.Die Details:<\/span><\/strong><\/span><\/p>\n<p style=\"background:#ffffff\">\n<p style=\"background:#ffffff\">\n<p style=\"background:#ffffff\">\n<table class=\"aliDataTable\">\n<tbody>\n<tr align=\"left\">\n<td style=\"width:47.3pt\" valign=\"top\">\n<p><span style=\"font-size:10.5pt\">Modell<\/span><\/p>\n<\/td>\n<td style=\"width:47.35pt\" valign=\"top\">\n<p><span style=\"font-size:10.5pt\">Power<\/span><\/p>\n<\/td>\n<td style=\"width:47.35pt\" valign=\"top\">\n<p><span style=\"font-size:10.5pt\">UV-Leistung<\/span><\/p>\n<\/td>\n<td style=\"width:47.35pt\" valign=\"top\">\n<p><span style=\"font-size:10.5pt\">UV Life<\/span><\/p>\n<\/td>\n<td style=\"width:47.35pt\" valign=\"top\">\n<p><span style=\"font-size:10.5pt\">Kapazit\u00e4t<\/span><\/p>\n<\/td>\n<td style=\"width:47.35pt\" valign=\"top\">\n<p><span style=\"font-size:10.5pt\">Max Druck<\/span><\/p>\n<\/td>\n<td style=\"width:47.35pt\" valign=\"top\">\n<p><span style=\"font-size:10.5pt\">Through Flow<\/span><\/p>\n<\/td>\n<td style=\"width:47.35pt\" valign=\"top\">\n<p><span style=\"font-size:10.5pt\">Kabell\u00e4nge<\/span><\/p>\n<\/td>\n<td style=\"width:47.35pt\" valign=\"top\">\n<p><span style=\"font-size:10.5pt\">L\u00e4nge<\/span><\/p>\n<\/td>\n<\/tr>\n<tr align=\"left\">\n<td valign=\"top\">\n<p><span style=\"font-size:10.5pt\">CUV-107<\/span><\/p>\n<\/td>\n<td valign=\"top\">\n<p><span style=\"font-size:10.5pt\">11W<\/span><\/p>\n<\/td>\n<td valign=\"top\">\n<p><span style=\"font-size:10.5pt\">7W<\/span><\/p>\n<\/td>\n<td valign=\"top\">\n<p><span style=\"font-size:10.5pt\">8000 Stunden<\/span><\/p>\n<\/td>\n<td valign=\"top\">\n<p><span style=\"font-size:10.5pt\">6000L<\/span><\/p>\n<\/td>\n<td valign=\"top\">\n<p><span style=\"font-size:10.5pt\">0,3 bar<\/span><\/p>\n<\/td>\n<td valign=\"top\">\n<p><span style=\"font-size:10.5pt\">1200L\/h<\/span><\/p>\n<\/td>\n<td valign=\"top\">\n<p><span style=\"font-size:10.5pt\">1m\/2m<\/span><\/p>\n<\/td>\n<td valign=\"top\">\n<p><span style=\"font-size:10.5pt\">236mm<\/span><\/p>\n<\/td>\n<\/tr>\n<tr align=\"left\">\n<td valign=\"top\">\n<p><span style=\"font-size:10.5pt\">CUV-109A<\/span><\/p>\n<\/td>\n<td valign=\"top\">\n<p><span style=\"font-size:10.5pt\">12W<\/span><\/p>\n<\/td>\n<td valign=\"top\">\n<p><span style=\"font-size:10.5pt\">9W<\/span><\/p>\n<\/td>\n<td valign=\"top\">\n<p><span style=\"font-size:10.5pt\">800<\/span><\/p>\n<p><span style=\"font-size:10.5pt\">Stunden<\/span><\/p>\n<\/td>\n<td valign=\"top\">\n<p><span style=\"font-size:10.5pt\">8000L<\/span><\/p>\n<\/td>\n<td valign=\"top\">\n<p><span style=\"font-size:10.5pt\">0,3 bar<\/span><\/p>\n<\/td>\n<td valign=\"top\">\n<p><span style=\"font-size:10.5pt\">1500L\/h<\/span><\/p>\n<\/td>\n<td valign=\"top\">\n<p><span style=\"font-size:10.5pt\">1m\/2m<\/span><\/p>\n<\/td>\n<td valign=\"top\">\n<p><span style=\"font-size:10.5pt\">270mm<\/span><\/p>\n<\/td>\n<\/tr>\n<tr align=\"left\">\n<td valign=\"top\">\n<p><span style=\"font-size:10.5pt;color:#000000\">CUV-111<\/span><\/p>\n<\/td>\n<td valign=\"top\">\n<p><span style=\"font-size:10.5pt;color:#000000\">15W<\/span><\/p>\n<\/td>\n<td valign=\"top\">\n<p><span style=\"font-size:10.5pt;color:#000000\">11W<\/span><\/p>\n<\/td>\n<td valign=\"top\">\n<p><span style=\"font-size:10.5pt;color:#000000\">8000 Stunden<\/span><\/p>\n<\/td>\n<td valign=\"top\">\n<p><span style=\"font-size:10.5pt;color:#000000\">10000L<\/span><\/p>\n<\/td>\n<td valign=\"top\">\n<p><span style=\"font-size:10.5pt;color:#000000\">0,3 bar<\/span><\/p>\n<\/td>\n<td valign=\"top\">\n<p><span style=\"font-size:10.5pt;color:#000000\">1700L\/h<\/span><\/p>\n<\/td>\n<td valign=\"top\">\n<p><span style=\"font-size:10.5pt;color:#000000\">1m\/4m<\/span><\/p>\n<\/td>\n<td valign=\"top\">\n<p><span style=\"font-size:10.5pt;color:#000000\">314mm<\/span><\/p>\n<\/td>\n<\/tr>\n<tr align=\"left\">\n<td valign=\"top\">\n<p><span style=\"font-size:10.5pt\">CUV-111A<\/span><\/p>\n<\/td>\n<td valign=\"top\">\n<p><span style=\"font-size:10.5pt\">15W<\/span><\/p>\n<\/td>\n<td valign=\"top\">\n<p><span style=\"font-size:10.5pt\">11W<\/span><\/p>\n<\/td>\n<td valign=\"top\">\n<p><span style=\"font-size:10.5pt\">8000 Stunden<\/span><\/p>\n<\/td>\n<td valign=\"top\">\n<p><span style=\"font-size:10.5pt\">10000L<\/span><\/p>\n<\/td>\n<td valign=\"top\">\n<p><span style=\"font-size:10.5pt\">0,3 bar<\/span><\/p>\n<\/td>\n<td valign=\"top\">\n<p><span style=\"font-size:10.5pt\">1700L\/h<\/span><\/p>\n<\/td>\n<td valign=\"top\">\n<p><span style=\"font-size:10.5pt\">1m\/2m<\/span><\/p>\n<\/td>\n<td valign=\"top\">\n<p><span style=\"font-size:10.5pt\">340mm<\/span><\/p>\n<\/td>\n<\/tr>\n<tr align=\"left\">\n<td valign=\"top\">\n<p><span style=\"font-size:10.5pt\">CUV-118<\/span><\/p>\n<\/td>\n<td valign=\"top\">\n<p><span style=\"font-size:10.5pt\">20W<\/span><\/p>\n<\/td>\n<td valign=\"top\">\n<p><span style=\"font-size:10.5pt\">18W<\/span><\/p>\n<\/td>\n<td valign=\"top\">\n<p><span style=\"font-size:10.5pt\">8000 Stunden<\/span><\/p>\n<\/td>\n<td valign=\"top\">\n<p><span style=\"font-size:10.5pt\">20000L<\/span><\/p>\n<\/td>\n<td valign=\"top\">\n<p><span style=\"font-size:10.5pt\">0,3 bar<\/span><\/p>\n<\/td>\n<td valign=\"top\">\n<p><span style=\"font-size:10.5pt\">2500L\/h<\/span><\/p>\n<\/td>\n<td valign=\"top\">\n<p><span style=\"font-size:10.5pt\">1m\/4m<\/span><\/p>\n<\/td>\n<td valign=\"top\">\n<p><span style=\"font-size:10.5pt\">314mm<\/span><\/p>\n<\/td>\n<\/tr>\n<tr align=\"left\">\n<td valign=\"top\">\n<p><span style=\"font-size:10.5pt\">CUV-136<\/span><\/p>\n<\/td>\n<td valign=\"top\">\n<p><span style=\"font-size:10.5pt\">40W<\/span><\/p>\n<\/td>\n<td valign=\"top\">\n<p><span style=\"font-size:10.5pt\">36W<\/span><\/p>\n<\/td>\n<td valign=\"top\">\n<p><span style=\"font-size:10.5pt\">8000 Stunden<\/span><\/p>\n<\/td>\n<td valign=\"top\">\n<p><span style=\"font-size:10.5pt\">35000L<\/span><\/p>\n<\/td>\n<td valign=\"top\">\n<p><span style=\"font-size:10.5pt\">0,3 bar<\/span><\/p>\n<\/td>\n<td valign=\"top\">\n<p><span style=\"font-size:10.5pt\">4500L\/h<\/span><\/p>\n<\/td>\n<td valign=\"top\">\n<p><span style=\"font-size:10.5pt\">1m\/4m<\/span><\/p>\n<\/td>\n<td valign=\"top\">\n<p><span style=\"font-size:10.5pt\">490mm<\/span><\/p>\n<\/td>\n<\/tr>\n<tr align=\"left\">\n<td valign=\"top\">\n<p><span style=\"font-size:10.5pt;color:#0000ff\">CUV-155<\/span><\/p>\n<\/td>\n<td valign=\"top\">\n<p><span style=\"font-size:10.5pt;color:#0000ff\">58W<\/span><\/p>\n<\/td>\n<td valign=\"top\">\n<p><span style=\"font-size:10.5pt;color:#0000ff\">55W<\/span><\/p>\n<\/td>\n<td valign=\"top\">\n<p><span style=\"font-size:10.5pt;color:#0000ff\">8000 Stunden<\/span><\/p>\n<\/td>\n<td valign=\"top\">\n<p><span style=\"font-size:10.5pt;color:#0000ff\">50000L<\/span><\/p>\n<\/td>\n<td valign=\"top\">\n<p><span style=\"font-size:10.5pt;color:#0000ff\">0,3 bar<\/span><\/p>\n<\/td>\n<td valign=\"top\">\n<p><span style=\"font-size:10.5pt;color:#0000ff\">5000L\/h<\/span><\/p>\n<\/td>\n<td valign=\"top\">\n<p><span style=\"font-size:10.5pt;color:#0000ff\">1m\/4m<\/span><\/p>\n<\/td>\n<td valign=\"top\">\n<p><span style=\"font-size:10.5pt;color:#0000ff\">672mm<\/span><\/p>\n<\/td>\n<\/tr>\n<tr align=\"left\">\n<td valign=\"top\">\n<p><span style=\"font-size:10.5pt\">CUV-172<\/span><\/p>\n<\/td>\n<td valign=\"top\">\n<p><span style=\"font-size:10.5pt\">80W<\/span><\/p>\n<\/td>\n<td valign=\"top\">\n<p><span style=\"font-size:10.5pt\">72W<\/span><\/p>\n<\/td>\n<td valign=\"top\">\n<p><span style=\"font-size:10.5pt\">8000 Stunden<\/span><\/p>\n<\/td>\n<td valign=\"top\">\n<p><span style=\"font-size:10.5pt\">60000L<\/span><\/p>\n<\/td>\n<td valign=\"top\">\n<p><span style=\"font-size:10.5pt\">0,3 bar<\/span><\/p>\n<\/td>\n<td valign=\"top\">\n<p><span style=\"font-size:10.5pt\">6000L\/h<\/span><\/p>\n<\/td>\n<td valign=\"top\">\n<p><span style=\"font-size:10.5pt\">2m\/4m<\/span><\/p>\n<\/td>\n<td valign=\"top\">\n<p><span style=\"font-size:10.5pt\">980mm<\/span><\/p>\n<\/td>\n<\/tr>\n<\/tbody>\n<\/table>\n<p style=\"background:#ffffff\">\n<p style=\"background:#ffffff\"><span style=\"font-family:arial, helvetica, sans-serif\"><strong><span style=\"font-size:24px\">4.Die Verwendungen:<\/span><\/strong><\/span><\/p>\n<p style=\"background:#ffffff\"><strong><span style=\"font-size:24px;font-family:comic sans ms,sans-serif;background-color:#ff0000\"><img loading=\"lazy\" decoding=\"async\" alt=\"SUNSUN 5000L\/h 58W Teichaquarium UVC Sterilisator (CE, GS)\" src=\"http:\/\/localhost\/media\/import\/detail\/565604259_619.JPG\" width=\"600\" height=\"448\"><\/span><\/strong><\/p>\n<p style=\"background:#ffffff\"><strong><\/strong> <\/p>\n<p style=\"background:#ffffff\"><strong><span style=\"font-size:24px;font-family:comic sans ms,sans-serif;background-color:#ff0000\"><img loading=\"lazy\" decoding=\"async\" alt=\"SUNSUN 5000L\/h 58W UVC-Sterilisator f\u00fcr Teichaquarien (CE, GS)\" src=\"http:\/\/localhost\/media\/import\/detail\/710140420_360.jpg\" width=\"601\" height=\"381\"><\/span><\/strong><\/p>\n<p style=\"background:#ffffff\">\n<p style=\"background:#ffffff\">\n<div style=\"clear:both\"><\/div>\n","protected":false},"excerpt":{"rendered":"<p>SUNSUN 5000 l\/h 58 W UVC-Sterilisator f\u00fcr Teichaquarien (CE, GS) CUV-155<\/p>\n","protected":false},"featured_media":5264,"comment_status":"open","ping_status":"closed","template":"","meta":[],"product_brand":[],"product_cat":[1299],"product_tag":[],"class_list":{"0":"post-37498","1":"product","2":"type-product","3":"status-publish","4":"has-post-thumbnail","6":"product_cat-aquariumfilter","8":"first","9":"instock","10":"shipping-taxable","11":"purchasable","12":"product-type-simple"},"_links":{"self":[{"href":"https:\/\/www.myaquastore.com\/de\/wp-json\/wp\/v2\/product\/37498","targetHints":{"allow":["GET"]}}],"collection":[{"href":"https:\/\/www.myaquastore.com\/de\/wp-json\/wp\/v2\/product"}],"about":[{"href":"https:\/\/www.myaquastore.com\/de\/wp-json\/wp\/v2\/types\/product"}],"replies":[{"embeddable":true,"href":"https:\/\/www.myaquastore.com\/de\/wp-json\/wp\/v2\/comments?post=37498"}],"wp:featuredmedia":[{"embeddable":true,"href":"https:\/\/www.myaquastore.com\/de\/wp-json\/wp\/v2\/media\/5264"}],"wp:attachment":[{"href":"https:\/\/www.myaquastore.com\/de\/wp-json\/wp\/v2\/media?parent=37498"}],"wp:term":[{"taxonomy":"product_brand","embeddable":true,"href":"https:\/\/www.myaquastore.com\/de\/wp-json\/wp\/v2\/product_brand?post=37498"},{"taxonomy":"product_cat","embeddable":true,"href":"https:\/\/www.myaquastore.com\/de\/wp-json\/wp\/v2\/product_cat?post=37498"},{"taxonomy":"product_tag","embeddable":true,"href":"https:\/\/www.myaquastore.com\/de\/wp-json\/wp\/v2\/product_tag?post=37498"}],"curies":[{"name":"wp","href":"https:\/\/api.w.org\/{rel}","templated":true}]}}