{"id":37501,"date":"2016-09-25T23:28:23","date_gmt":"2016-09-25T23:28:23","guid":{"rendered":"https:\/\/www.myaquastore.com\/product\/sunsun-ce-gs-80-w-uv-sterilisationslampe-von-guter-qualitat\/"},"modified":"2025-03-16T08:47:46","modified_gmt":"2025-03-16T08:47:46","slug":"sunsun-ce-gs-80-w-uv-sterilisationslampe-von-guter-qualitat","status":"publish","type":"product","link":"https:\/\/www.myaquastore.com\/de\/produkt\/sunsun-ce-gs-80-w-uv-sterilisationslampe-von-guter-qualitat\/","title":{"rendered":"SUNSUN CE\/GS 80 W UV-Sterilisationslampe von guter Qualit\u00e4t"},"content":{"rendered":"<div style=\"clear:both\"><\/div>\n<p style=\"text-align:center\"> <strong><span style=\"font-size:18pt;font-family:'Comic Sans MS';color:#ff9900\">Unser SUNSUN-Versprechen:<\/span><\/strong> <\/p>\n<p align=\"center\"><span style=\"font-size:18pt;font-family:'Comic Sans MS'\">1. Bei allen Produkten handelt es sich um SUNSUN-Originalprodukte<\/span><\/p>\n<p align=\"center\"><span style=\"font-size:18pt;font-family:'Comic Sans MS';color:green\">2. Garantie: ein Jahr<\/span> <\/p>\n<p align=\"center\"><span style=\"font-size:18pt;font-family:'Comic Sans MS';color:green\">3. SUNSUN Packing<\/span><\/p>\n<p align=\"center\"><span style=\"font-size:18pt;font-family:'Comic Sans MS'\">&#8230;&#8230;&#8230;&#8230;&#8230;&#8230;&#8230;&#8230;&#8230;&#8230;&#8230;&#8230;&#8230;&#8230;&#8230;&#8230;&#8230;&#8230;&#8230;&#8230;&#8230;&#8230;&#8230;&#8230;&#8230;&#8230;..<\/span><\/p>\n<p align=\"center\">\n<p align=\"center\"><span style=\"font-size:24px;font-family:'Comic Sans MS';background-color:#ffff00\"><span style=\"color:#33cccc\"><em> SUNSUN CE\/GS Gute Qualit\u00e4t 80W UV-Sterilisationslampe <\/em><\/span><\/span><strong><\/strong> <\/p>\n<p style=\"text-align:left\"><strong><\/strong> <\/p>\n<p style=\"text-align:left\"><strong><span style=\"font-size:18px;color:#ff9900\">1. Produktbeschreibung<\/span><\/strong><\/p>\n<p style=\"text-align:left\">\n<p style=\"text-align:left\"><span style=\"font-size:14px;font-family:comic sans ms,sans-serif;color:#000000\">1. Es wird verwendet, um ein Schl\u00fcsselelement eines Klarwassersystems zu bilden. Durch das UV-Licht verklumpen (ausflocken) Algen (gr\u00fcnes Wasser), sodass sie vom Filter aus dem Wasser gesiebt werden k\u00f6nnen.<\/span> <\/span> <\/span><\/p>\n<p style=\"text-align:left\">\n<p style=\"text-align:left\"><span style=\"font-size:14px;font-family:comic sans ms,sans-serif\"><span style=\"color:#000000\">2. Die Innenseite aus Edelstahl reflektiert die UV-C-Strahlung, was die Effizienz <\/span><span style=\"color:#000000\">um bis zu 30 % steigert. Dar\u00fcber hinaus sch\u00fctzt dieser Innenraum aus Edelstahl den Kunststoffk\u00f6rper vor der UV-C-Strahlung.<\/span><\/span><\/p>\n<p style=\"text-align:left\">\n<p style=\"text-align:left\"><span style=\"font-size:14px;font-family:comic sans ms,sans-serif;color:#000000\">3. Diese UV-C-Ger\u00e4te (einschlie\u00dflich Geh\u00e4use) verf\u00fcgen \u00fcber eine Erdungsverbindung, die sicherer ist.<\/span><\/p>\n<p style=\"text-align:left\">\n<p style=\"text-align:left\"><span style=\"font-size:14px;font-family:comic sans ms,sans-serif\"><span style=\"color:#000000\">4. Mit speziellem Anschlussdesign k\u00f6nnen diese UV-C-Ger\u00e4te maximal <\/span><span style=\"color:#000000\">10 Meter unter Wasserdruck betrieben werden.<\/span><\/span><\/p>\n<p style=\"text-align:left\"><strong><\/strong> <\/p>\n<p><span style=\"font-family:arial, helvetica, sans-serif\"><strong><span style=\"font-size:18px;color:#ff9900;background-color:#ffffff\">2. Details zur UV-Sterilisationslampe CUV-272 <\/span><\/strong><\/span><\/p>\n<\/p>\n<p><img loading=\"lazy\" decoding=\"async\" alt=\"SUNSUN CE\/GS 80 W UV-Sterilisationslampe von guter Qualit\u00e4t\" src=\"http:\/\/localhost\/media\/import\/detail\/698259109_468.jpg\" width=\"601\" height=\"208\"><img decoding=\"async\" alt=\"SUNSUN CE\/GS 80 W UV-Sterilisationslampe von guter Qualit\u00e4t\" src=\"http:\/\/localhost\/media\/import\/detail\/708869382_233.jpg\"><\/p>\n<p><img loading=\"lazy\" decoding=\"async\" alt=\"SUNSUN CE\/GS 80 W UV-Sterilisationslampe von guter Qualit\u00e4t\" src=\"http:\/\/localhost\/media\/import\/detail\/706259393_611.jpg\" width=\"597\" height=\"181\"><\/p>\n<div style=\"clear:both\"><\/div>\n","protected":false},"excerpt":{"rendered":"<p>SUNSUN CE\/GS 80 W UV-Sterilisationslampe von guter Qualit\u00e4t<\/p>\n","protected":false},"featured_media":5270,"comment_status":"open","ping_status":"closed","template":"","meta":[],"product_brand":[],"product_cat":[1299],"product_tag":[],"class_list":{"0":"post-37501","1":"product","2":"type-product","3":"status-publish","4":"has-post-thumbnail","6":"product_cat-aquariumfilter","8":"first","9":"instock","10":"shipping-taxable","11":"purchasable","12":"product-type-simple"},"_links":{"self":[{"href":"https:\/\/www.myaquastore.com\/de\/wp-json\/wp\/v2\/product\/37501","targetHints":{"allow":["GET"]}}],"collection":[{"href":"https:\/\/www.myaquastore.com\/de\/wp-json\/wp\/v2\/product"}],"about":[{"href":"https:\/\/www.myaquastore.com\/de\/wp-json\/wp\/v2\/types\/product"}],"replies":[{"embeddable":true,"href":"https:\/\/www.myaquastore.com\/de\/wp-json\/wp\/v2\/comments?post=37501"}],"wp:featuredmedia":[{"embeddable":true,"href":"https:\/\/www.myaquastore.com\/de\/wp-json\/wp\/v2\/media\/5270"}],"wp:attachment":[{"href":"https:\/\/www.myaquastore.com\/de\/wp-json\/wp\/v2\/media?parent=37501"}],"wp:term":[{"taxonomy":"product_brand","embeddable":true,"href":"https:\/\/www.myaquastore.com\/de\/wp-json\/wp\/v2\/product_brand?post=37501"},{"taxonomy":"product_cat","embeddable":true,"href":"https:\/\/www.myaquastore.com\/de\/wp-json\/wp\/v2\/product_cat?post=37501"},{"taxonomy":"product_tag","embeddable":true,"href":"https:\/\/www.myaquastore.com\/de\/wp-json\/wp\/v2\/product_tag?post=37501"}],"curies":[{"name":"wp","href":"https:\/\/api.w.org\/{rel}","templated":true}]}}