{"id":37514,"date":"2016-09-25T23:28:25","date_gmt":"2016-09-25T23:28:25","guid":{"rendered":"https:\/\/www.myaquastore.com\/product\/sunsun-wassergekuhlter-wasserkuhler-fur-gekuhlte-lebensmittel\/"},"modified":"2025-03-16T08:47:50","modified_gmt":"2025-03-16T08:47:50","slug":"sunsun-wassergekuhlter-wasserkuhler-fur-gekuhlte-lebensmittel","status":"publish","type":"product","link":"https:\/\/www.myaquastore.com\/de\/produkt\/sunsun-wassergekuhlter-wasserkuhler-fur-gekuhlte-lebensmittel\/","title":{"rendered":"SUNSUN wassergek\u00fchlter Wasserk\u00fchler f\u00fcr gek\u00fchlte Lebensmittel"},"content":{"rendered":"<div style=\"clear:both\"><\/div>\n<p style=\"text-align:center\"><span style=\"font-size:18px\"><strong><span style=\"font-size:24px\">Wassergek\u00fchlter Wasserk\u00fchler SUNSUN f\u00fcr gek\u00fchlte Lebensmittel <\/span> <\/strong><\/span><\/p>\n<p><span style=\"font-size:18px\"><strong><img decoding=\"async\" alt=\"_01.jpg\" src=\"http:\/\/localhost\/media\/import\/detail\/HTB1fTy5FVXXXXchXpXXq6xXFXXXU.jpg\"><img decoding=\"async\" alt=\"_02.jpg\" src=\"http:\/\/localhost\/media\/import\/detail\/HTB1a3e9FVXXXXXxXpXXq6xXFXXXj.jpg\"><img decoding=\"async\" alt=\"_03.jpg\" src=\"http:\/\/localhost\/media\/import\/detail\/HTB1yLd4FVXXXXbmapXXq6xXFXXX4.jpg\"><\/strong><\/span><\/p>\n<\/p>\n<p><span style=\"font-size:18px\"><strong><img decoding=\"async\" alt=\"_04.jpg\" src=\"http:\/\/localhost\/media\/import\/detail\/HTB1qe95FVXXXXa8XFXXq6xXFXXXQ.jpg\"><\/strong><\/span><\/p>\n<p><span style=\"font-size:18px\"><strong>HYH Wasserk\u00fchler-Parameter<br \/><\/strong><\/span><\/p>\n<table class=\"aliDataTable\" style=\"height:399px;width:705px\" border=\"1\">\n<tbody>\n<tr>\n<td style=\"text-align:center\">MODELL<\/td>\n<td>\n<p style=\"text-align:center\">K\u00dcHLSCHRANK<\/p>\n<p style=\"text-align:center\">STROM (KALT)<\/p>\n<\/td>\n<td>\n<p style=\"text-align:center\">K\u00dcHLSCHRANK<\/p>\n<p style=\"text-align:center\">STROM (HEISS)<\/p>\n<\/td>\n<td>\n<p>OP-MENGE<\/p>\n<p>WASSER<\/p>\n<\/td>\n<td style=\"text-align:center\">\n<p>GR\u00d6SSE DES EINLASS<\/p>\n<p>UND AUSLASS<\/p>\n<\/td>\n<td style=\"text-align:center\">GR\u00d6SSE (mm)<\/td>\n<\/tr>\n<tr>\n<td>HYH-1DR-A<\/td>\n<td>2445W<\/td>\n<td>1500W<\/td>\n<td>800-10 00L<\/td>\n<td>D=40mm<\/td>\n<td>620*530*425<\/td>\n<\/tr>\n<tr>\n<td>HYH-1.5DR-A<\/td>\n<td>3245W<\/td>\n<td>1500W<\/td>\n<td>11 00-1400L<\/td>\n<td>D=40mm<\/td>\n<td>620*530*425<\/td>\n<\/tr>\n<tr>\n<td>HYH-2DR-A<\/td>\n<td>4245W<\/td>\n<td>1500W<\/td>\n<td>1400-2000L<\/td>\n<td>D=40mm<\/td>\n<td>620*530*425<\/td>\n<\/tr>\n<tr>\n<td>HYH-3DE-R-A<\/td>\n<td>5820W<\/td>\n<td>1500W<\/p>\n<td>2000-3000L<\/td>\n<td>D=40mm<\/td>\n<td>620*580*918<\/td>\n<\/tr>\n<tr>\n<td>HYH-5DR-B<\/td>\n<td>15000W<\/td>\n<td>3000 B<\/td>\n<td>3500-4500L<\/td>\n<td>D=40mm<\/td>\n<td>1160*480*1150<\/td>\n<\/tr>\n<tr>\n<td>HYH-1DR-C<\/td>\n<td>2745W<\/td>\n<td>&#8211;<\/td>\n<td>800-1100L<\/td>\n<td>D=32mm<\/td>\n<td>495*560*615<\/td>\n<\/tr>\n<tr>\n<td>HYH-1.5DR-C<\/td>\n<td>3245W<\/td>\n<td>&#8211;<\/td>\n<td>1100-1400L<\/td>\n<td>D=32mm<\/td>\n<td>495*560*615<\/td>\n<\/tr>\n<tr>\n<td>HYH-2DR-C<\/td>\n<td>4245W<\/td>\n<td> <\/td>\n<td>1400-2000L<\/td>\n<td>D=32mm<\/td>\n<td>495*560*615<\/td>\n<\/tr>\n<tr>\n<td>HYH-2SR-B<\/td>\n<td>2*2745W<\/td>\n<td>2*1500W<\/p>\n<td>2*(600-800L)<\/td>\n<td>D=40mm<\/td>\n<td>890*460*950<\/td>\n<\/tr>\n<tr>\n<td>HYH-3SR-B<\/td>\n<td>2*3245W<\/td>\n<td>2*1500W<\/td>\n<td>2*(800-1300L)<\/td>\n<td>D=40mm<\/td>\n<td>890*460*1000<\/td>\n<\/tr>\n<tr>\n<td>HYH-0.125D-C<\/td>\n<td>250W<\/td>\n<td>&#8211;<\/td>\n<td>2 60L<\/td>\n<td>D=16-20mm<\/td>\n<td>333*397*451<\/td>\n<\/tr>\n<tr>\n<td>HYH-0.25D-C<\/td>\n<td>450W<\/td>\n<td>&#8211;<\/td>\n<td>420L<\/td>\n<td>D= 16-20mm<\/td>\n<td>333*397*451<\/td>\n<\/tr>\n<tr>\n<td>HYH-0.5D-C<\/td>\n<td>650W<\/td>\n<td>&#8211;<\/td>\n<td>580L<\/td>\n<td>D=16-20mm<\/td>\n<p>333*397*451<\/td>\n<\/tr>\n<tr>\n<td>HYH-0.125D-D<\/td>\n<td>250W<\/td>\n<td>&#8211;<\/td>\n<td>260L<\/td>\n<td>D=16-20mm<\/td>\n<td>302*375*490 <\/td>\n<\/tr>\n<tr>\n<td>HYH-0.25D-D<\/td>\n<td>450W<\/td>\n<td>&#8211;<\/td>\n<td>420L<\/td>\n<td>D=16-20mm<\/td>\n<td>302*375*490<\/td>\n<\/tr>\n<tr>\n<td>HYH-0.5D-D<\/td>\n<td>650W<\/td>\n<td>&#8211;<\/td>\n<td>580L<\/td>\n<td>D=16-20mm<\/td>\n<td>302*375*490<\/td>\n<\/tr>\n<\/tbody>\n<\/table>\n<p><span style=\"font-size:18px\"><strong><span style=\"font-size:18px\"><strong>HYH Wasserk\u00fchler<\/strong><\/span> EIGENSCHAFTEN:<\/strong><\/span><\/p>\n<p><span style=\"font-size:16px\">1. Kunststoffschalen, elegantes Aussehen.<\/span><\/p>\n<p><span style=\"font-size:16px\">2. Importierter Panasonic-Kompressor aus Japan.<\/span><\/p>\n<p><span style=\"font-size:16px\">3. Super leise.<\/span><\/p>\n<p><span style=\"font-size:16px\">4. Sowohl f\u00fcr S\u00fc\u00dfwasser als auch f\u00fcr Meerwasser.<\/span><\/p>\n<p data-section-blank=\"AliPostDhMb-gry98\">\n<div id=\"ali-anchor-AliPostDhMb-gry98\" style=\"padding-top:8px\" data-section-title=\"Mehr wissen\" data-section=\"AliPostDhMb-gry98\"> <\/div>\n","protected":false},"excerpt":{"rendered":"<p>SUNSUN wassergek\u00fchlter Wasserk\u00fchler f\u00fcr gek\u00fchlte Lebensmittel<\/p>\n","protected":false},"featured_media":5296,"comment_status":"open","ping_status":"closed","template":"","meta":[],"product_brand":[],"product_cat":[1326],"product_tag":[],"class_list":{"0":"post-37514","1":"product","2":"type-product","3":"status-publish","4":"has-post-thumbnail","6":"product_cat-aquariumheizung-temperaturregler","8":"first","9":"instock","10":"shipping-taxable","11":"purchasable","12":"product-type-simple"},"_links":{"self":[{"href":"https:\/\/www.myaquastore.com\/de\/wp-json\/wp\/v2\/product\/37514","targetHints":{"allow":["GET"]}}],"collection":[{"href":"https:\/\/www.myaquastore.com\/de\/wp-json\/wp\/v2\/product"}],"about":[{"href":"https:\/\/www.myaquastore.com\/de\/wp-json\/wp\/v2\/types\/product"}],"replies":[{"embeddable":true,"href":"https:\/\/www.myaquastore.com\/de\/wp-json\/wp\/v2\/comments?post=37514"}],"wp:featuredmedia":[{"embeddable":true,"href":"https:\/\/www.myaquastore.com\/de\/wp-json\/wp\/v2\/media\/5296"}],"wp:attachment":[{"href":"https:\/\/www.myaquastore.com\/de\/wp-json\/wp\/v2\/media?parent=37514"}],"wp:term":[{"taxonomy":"product_brand","embeddable":true,"href":"https:\/\/www.myaquastore.com\/de\/wp-json\/wp\/v2\/product_brand?post=37514"},{"taxonomy":"product_cat","embeddable":true,"href":"https:\/\/www.myaquastore.com\/de\/wp-json\/wp\/v2\/product_cat?post=37514"},{"taxonomy":"product_tag","embeddable":true,"href":"https:\/\/www.myaquastore.com\/de\/wp-json\/wp\/v2\/product_tag?post=37514"}],"curies":[{"name":"wp","href":"https:\/\/api.w.org\/{rel}","templated":true}]}}